{"id":2468,"date":"2026-04-03T11:56:07","date_gmt":"2026-04-03T11:56:07","guid":{"rendered":"https:\/\/dostudni.com\/?page_id=2468"},"modified":"2026-04-03T13:33:34","modified_gmt":"2026-04-03T13:33:34","slug":"kontakt","status":"publish","type":"page","link":"https:\/\/dostudni.com\/index.php\/kontakt\/","title":{"rendered":"Kontakt"},"content":{"rendered":"\n<p><\/p>\n\n\n\n<div class=\"wp-block-columns is-layout-flex wp-container-core-columns-is-layout-9d6595d7 wp-block-columns-is-layout-flex\">\n<div class=\"wp-block-column is-layout-flow wp-block-column-is-layout-flow\">\n<div class=\"wp-block-columns is-layout-flex wp-container-core-columns-is-layout-9d6595d7 wp-block-columns-is-layout-flex\">\n<div class=\"wp-block-column is-layout-flow wp-block-column-is-layout-flow\" style=\"flex-basis:100%\">\n<figure class=\"wp-block-image size-large hide-on-mobile\"><img loading=\"lazy\" decoding=\"async\" width=\"683\" height=\"1024\" src=\"https:\/\/dostudni.com\/wp-content\/uploads\/2026\/04\/dostudni_bubble-683x1024.webp\" alt=\"dostudni_bubble\" class=\"wp-image-2469\" srcset=\"https:\/\/dostudni.com\/wp-content\/uploads\/2026\/04\/dostudni_bubble-683x1024.webp 683w, https:\/\/dostudni.com\/wp-content\/uploads\/2026\/04\/dostudni_bubble-200x300.webp 200w, https:\/\/dostudni.com\/wp-content\/uploads\/2026\/04\/dostudni_bubble-768x1152.webp 768w, https:\/\/dostudni.com\/wp-content\/uploads\/2026\/04\/dostudni_bubble-1024x1536.webp 1024w, https:\/\/dostudni.com\/wp-content\/uploads\/2026\/04\/dostudni_bubble-600x900.webp 600w, https:\/\/dostudni.com\/wp-content\/uploads\/2026\/04\/dostudni_bubble.webp 1365w\" sizes=\"auto, (max-width: 683px) 100vw, 683px\" \/><\/figure>\n<\/div>\n<\/div>\n<\/div>\n\n\n\n<div class=\"wp-block-column is-layout-flow wp-block-column-is-layout-flow\">\n<div class=\"mtw-widget-container\" style=\"width:100%;border:0;overflow:hidden\">\n  <script async crossorigin=\"anonymous\" src=\"https:\/\/microservice.wiertnice-gasienicowe.pl\/widget.js?endpoint=https%3A%2F%2Fmicroservice.wiertnice-gasienicowe.pl&#038;site=dostudni&#038;title=Skontaktuj+si%C4%99+z+nami&#038;primary=%230f62fe&#038;bg=%23ffffff&#038;fg=%23222222&#038;hmac_secret=change_me&#038;show_email=1&#038;show_notes=1&#038;show_name=1&#038;show_lastname=1&#038;require_name=0&#038;require_lastname=0&#038;show_postal=0&#038;auto_city=0&#038;auto_geo=0&#038;telegram_chat_id=-1003680982162&#038;test_mode=0&#038;source_url=0\"><\/script>\n<\/div>\n<\/div>\n<\/div>\n\n\n\n<div class=\"wp-block-columns is-layout-flex wp-container-core-columns-is-layout-9d6595d7 wp-block-columns-is-layout-flex\">\n<div class=\"wp-block-column is-layout-flow wp-block-column-is-layout-flow\">\n<div class=\"kontakt-wrap\"> \n  <div class=\"kontakt-item\">\n    <div class=\"kontakt-icon\">\n      <svg viewBox=\"0 0 24 24\" aria-hidden=\"true\">\n        <path d=\"M12 21s-5.5-5.2-5.5-10a5.5 5.5 0 1 1 11 0c0 4.8-5.5 10-5.5 10z\"><\/path>\n        <circle cx=\"12\" cy=\"11\" r=\"2.2\"><\/circle>\n      <\/svg>\n    <\/div>\n    <div class=\"kontakt-text\">\n      <div class=\"kontakt-title\">Adres<\/div>\n      <div>ul. Rzemie\u015blnicza 20<\/div>\n      <div>Ma\u0142y Klincz k. Ko\u015bcierzyny<\/div>\n    <\/div>\n  <\/div>\n\n  <div class=\"kontakt-item\">\n<div class=\"kontakt-icon\">\n  <svg viewBox=\"0 0 24 24\" aria-hidden=\"true\">\n    <path d=\"M22 16.92v3a2 2 0 0 1-2.18 2 19.79 19.79 0 0 1-8.63-3.07A19.5 19.5 0 0 1 4.69 12 19.79 19.79 0 0 1 1.61 3.44 2 2 0 0 1 3.6 1.27h3a2 2 0 0 1 2 1.72 12.84 12.84 0 0 0 .7 2.81 2 2 0 0 1-.45 2.11L7.91 8.9a16 16 0 0 0 6.19 6.19l.95-.95a2 2 0 0 1 2.11-.45 12.84 12.84 0 0 0 2.81.7A2 2 0 0 1 22 16.92z\"><\/path>\n  <\/svg>\n<\/div>\n    <div class=\"kontakt-text\">\n      <div class=\"kontakt-title\">Zadzwo\u0144<\/div>\n      <div><a href=\"tel:+48739183107\">+48 739 183 107<\/a><\/div>\n    <\/div>\n  <\/div>\n\n<div class=\"kontakt-item\">\n  <div class=\"kontakt-icon\">\n    <svg viewBox=\"0 0 24 24\" aria-hidden=\"true\">\n      <rect x=\"2\" y=\"4\" width=\"20\" height=\"16\" rx=\"2\"><\/rect>\n      <polyline points=\"2,4 12,13 22,4\"><\/polyline>\n    <\/svg>\n  <\/div>\n  <div class=\"kontakt-text\">\n    <div class=\"kontakt-title\">E-mail<\/div>\n    <div><a href=\"mailto:kontakt@dostudni.com\">kontakt@dostudni.com<\/a><\/div>\n  <\/div>\n<\/div>\n\n  <div class=\"kontakt-item\">\n    <div class=\"kontakt-icon\">\u25d4<\/div>\n    <div class=\"kontakt-text\">\n      <div class=\"kontakt-title\">Czas otwarcia<\/div>\n      <div>10:00 \u2013 18:00 Pn &#8211; Pt<\/div>\n    <\/div>\n  <\/div>\n<\/div>\n\n<style>\n.kontakt-wrap{\n  display:flex;\n  width:100%;\n  max-width:1200px;\n  margin:30px auto 0 auto;\n  padding:0;\n background:#f5f9ff;\n  border:1px solid #cfe2ff;\n  box-sizing:border-box;\n}\n\n.kontakt-item{\n  flex:1;\n  display:flex;\n  align-items:center;\n  gap:16px;\n  padding:22px 18px;\n  border-right:1px solid #cfe2ff;\n  min-width:0;\n  box-sizing:border-box;\n  background:#f5f9ff;\n}\n\n.kontakt-item:last-child{\n  border-right:none;\n}\n\n.kontakt-icon{\n  width:54px;\n  height:54px;\n  min-width:54px;\n  border:2px solid #0b6cff;\n  border-radius:50%;\n  display:flex;\n  align-items:center;\n  justify-content:center;\n  font-size:22px;\n  color:#0b6cff;\n  background:#fff;\n  line-height:1;\n}\n\n.kontakt-icon svg{\n  width:22px;\n  height:22px;\n  stroke:#0b6cff;\n  fill:none;\n  stroke-width:2;\n  stroke-linecap:round;\n  stroke-linejoin:round;\n}\n\n.kontakt-icon svg circle{\n  fill:#0b6cff;\n  stroke:none;\n}\n\n.kontakt-text{\n  color:#4f5f75;\n  font-size:15px;\n  line-height:1.45;\n  min-width:0;\n}\n\n.kontakt-title{\n  font-weight:700;\n  color:#1f2d3d;\n  margin-bottom:4px;\n}\n\n.kontakt-text a{\n  color:#2d5fa8;\n  text-decoration:none;\n  word-break:break-word;\n}\n\n.kontakt-text a:hover{\n  text-decoration:underline;\n}\n\n@media screen and (max-width: 900px){\n  .kontakt-wrap{\n    flex-wrap:wrap;\n  }\n\n  .kontakt-item{\n    width:50%;\n    flex:0 0 50%;\n    border-bottom:1px solid #cfe2ff;\n  }\n\n  .kontakt-item:nth-child(2){\n    border-right:none;\n  }\n\n  .kontakt-item:nth-child(4){\n    border-bottom:none;\n  }\n}\n\n@media screen and (max-width: 600px){\n  .kontakt-item{\n    width:100%;\n    flex:0 0 100%;\n    border-right:none;\n  }\n}\n<\/style>\n<\/div>\n<\/div>\n\n\n\n<p><\/p>\n","protected":false},"excerpt":{"rendered":"<p>Adres ul. Rzemie\u015blnicza 20 Ma\u0142y Klincz k. Ko\u015bcierzyny Zadzwo\u0144 +48 739 183 107 E-mail kontakt@dostudni.com \u25d4 Czas otwarcia 10:00 \u2013 18:00 Pn &#8211; Pt<\/p>\n","protected":false},"author":1,"featured_media":0,"parent":0,"menu_order":0,"comment_status":"closed","ping_status":"closed","template":"","meta":{"footnotes":""},"class_list":["post-2468","page","type-page","status-publish","hentry"],"_links":{"self":[{"href":"https:\/\/dostudni.com\/index.php\/wp-json\/wp\/v2\/pages\/2468","targetHints":{"allow":["GET"]}}],"collection":[{"href":"https:\/\/dostudni.com\/index.php\/wp-json\/wp\/v2\/pages"}],"about":[{"href":"https:\/\/dostudni.com\/index.php\/wp-json\/wp\/v2\/types\/page"}],"author":[{"embeddable":true,"href":"https:\/\/dostudni.com\/index.php\/wp-json\/wp\/v2\/users\/1"}],"replies":[{"embeddable":true,"href":"https:\/\/dostudni.com\/index.php\/wp-json\/wp\/v2\/comments?post=2468"}],"version-history":[{"count":17,"href":"https:\/\/dostudni.com\/index.php\/wp-json\/wp\/v2\/pages\/2468\/revisions"}],"predecessor-version":[{"id":2492,"href":"https:\/\/dostudni.com\/index.php\/wp-json\/wp\/v2\/pages\/2468\/revisions\/2492"}],"wp:attachment":[{"href":"https:\/\/dostudni.com\/index.php\/wp-json\/wp\/v2\/media?parent=2468"}],"curies":[{"name":"wp","href":"https:\/\/api.w.org\/{rel}","templated":true}]}}