{"id":2511,"date":"2026-04-07T13:48:38","date_gmt":"2026-04-07T13:48:38","guid":{"rendered":"https:\/\/dostudni.com\/index.php\/produkt\/schmith-klucz-plasko-oczkowy-14mm-skpo-14\/"},"modified":"2026-04-20T10:27:19","modified_gmt":"2026-04-20T10:27:19","slug":"schmith-klucz-plasko-oczkowy-14mm-skpo-14","status":"publish","type":"product","link":"https:\/\/dostudni.com\/index.php\/produkt\/schmith-klucz-plasko-oczkowy-14mm-skpo-14\/","title":{"rendered":"Schmith Klucz p\u0142asko-oczkowy 14mm SKPO-14"},"content":{"rendered":"<p>Klucz p\u0142asko-oczkowy 14 mm to niezb\u0119dne narz\u0119dzie dla ka\u017cdego majsterkowicza i profesjonalisty. Wykonany z wytrzyma\u0142ej stali chromowo-wanadowej, gwarantuje odporno\u015b\u0107 na odkszta\u0142cenia oraz d\u0142ug\u0105 \u017cywotno\u015b\u0107 nawet przy intensywnym u\u017cytkowaniu. Precyzyjnie frezowane szcz\u0119ki zapewniaj\u0105 pewne dopasowanie do nakr\u0119tek i \u015brub, minimalizuj\u0105c ryzyko ich uszkodzenia. <\/p>\n<p>Ergonomiczny kszta\u0142t oraz odpowiednia d\u0142ugo\u015b\u0107 r\u0119koje\u015bci zapewniaj\u0105 pewny chwyt i dobr\u0105 d\u017awigni\u0119, co u\u0142atwia prac\u0119 w trudno dost\u0119pnych miejscach. Klucz ma jedno oczko o standardowym profilu, umo\u017cliwiaj\u0105ce prac\u0119 zar\u00f3wno przy odkr\u0119caniu, jak i dokr\u0119caniu element\u00f3w. Idealny do zastosowa\u0144 w warsztatach samochodowych, instalacyjnych, produkcyjnych oraz domowych.<\/p>\n<p>Produkt spe\u0142nia oczekiwania u\u017cytkownik\u00f3w oczekuj\u0105cych solidnego, uniwersalnego narz\u0119dzia, kt\u00f3re pos\u0142u\u017cy przez lata.<\/p>\n","protected":false},"excerpt":{"rendered":"<p>Klucz p\u0142asko-oczkowy 14 mm to niezb\u0119dne narz\u0119dzie dla ka\u017cdego majsterkowicza i profesjonalisty. Wykonany z wytrzyma\u0142ej stali chromowo-wanadowej, gwarantuje odporno\u015b\u0107 na odkszta\u0142cenia oraz d\u0142ug\u0105 \u017cywotno\u015b\u0107 nawet przy intensywnym u\u017cytkowaniu. Precyzyjnie frezowane szcz\u0119ki zapewniaj\u0105 pewne dopasowanie do nakr\u0119tek i \u015brub, minimalizuj\u0105c ryzyko ich uszkodzenia. Ergonomiczny kszta\u0142t oraz odpowiednia d\u0142ugo\u015b\u0107 r\u0119koje\u015bci zapewniaj\u0105 pewny chwyt i dobr\u0105 d\u017awigni\u0119, co [&hellip;]<\/p>\n","protected":false},"featured_media":2524,"comment_status":"open","ping_status":"closed","template":"","meta":[],"dostudni_label":[],"product_brand":[302],"product_cat":[296],"product_tag":[],"class_list":{"0":"post-2511","1":"product","2":"type-product","3":"status-publish","4":"has-post-thumbnail","6":"product_brand-schmith","7":"product_cat-narzedzia","8":"product_shipping_class-male","10":"first","11":"instock","12":"taxable","13":"shipping-taxable","14":"purchasable","15":"product-type-simple"},"_links":{"self":[{"href":"https:\/\/dostudni.com\/index.php\/wp-json\/wp\/v2\/product\/2511","targetHints":{"allow":["GET"]}}],"collection":[{"href":"https:\/\/dostudni.com\/index.php\/wp-json\/wp\/v2\/product"}],"about":[{"href":"https:\/\/dostudni.com\/index.php\/wp-json\/wp\/v2\/types\/product"}],"replies":[{"embeddable":true,"href":"https:\/\/dostudni.com\/index.php\/wp-json\/wp\/v2\/comments?post=2511"}],"wp:featuredmedia":[{"embeddable":true,"href":"https:\/\/dostudni.com\/index.php\/wp-json\/wp\/v2\/media\/2524"}],"wp:attachment":[{"href":"https:\/\/dostudni.com\/index.php\/wp-json\/wp\/v2\/media?parent=2511"}],"wp:term":[{"taxonomy":"dostudni_label","embeddable":true,"href":"https:\/\/dostudni.com\/index.php\/wp-json\/wp\/v2\/dostudni_label?post=2511"},{"taxonomy":"product_brand","embeddable":true,"href":"https:\/\/dostudni.com\/index.php\/wp-json\/wp\/v2\/product_brand?post=2511"},{"taxonomy":"product_cat","embeddable":true,"href":"https:\/\/dostudni.com\/index.php\/wp-json\/wp\/v2\/product_cat?post=2511"},{"taxonomy":"product_tag","embeddable":true,"href":"https:\/\/dostudni.com\/index.php\/wp-json\/wp\/v2\/product_tag?post=2511"}],"curies":[{"name":"wp","href":"https:\/\/api.w.org\/{rel}","templated":true}]}}