{"id":2520,"date":"2026-04-07T13:48:56","date_gmt":"2026-04-07T13:48:56","guid":{"rendered":"https:\/\/dostudni.com\/index.php\/produkt\/schmith-wtyczka-przenosna-2pz-18a-250v-ip54-czarna-swp-11\/"},"modified":"2026-04-30T06:28:46","modified_gmt":"2026-04-30T06:28:46","slug":"schmith-wtyczka-przenosna-2pz-18a-250v-ip54-czarna-swp-11","status":"publish","type":"product","link":"https:\/\/dostudni.com\/index.php\/produkt\/schmith-wtyczka-przenosna-2pz-18a-250v-ip54-czarna-swp-11\/","title":{"rendered":"Schmith Wtyczka przeno\u015bna 2p+Z 18A 250V IP54 czarna SWP-11"},"content":{"rendered":"<p>Gniazdo przeno\u015bne 2P+Z 16A 250V IP54 czarne Schmith SGP-11<br \/>\nGniazdo przeno\u015bne hermetyczne Schmith<br \/>\nstopie\u0144 ochrony IP 54, 250V, 16A, z elastyczn\u0105 klapk\u0105, rozbieralne, dokr\u0119cana zaciskowa ko\u0144c\u00f3wka mocuj\u0105ca przew\u00f3d<\/p>\n","protected":false},"excerpt":{"rendered":"<p>Gniazdo przeno\u015bne 2P+Z 16A 250V IP54 czarne Schmith SGP-11 Gniazdo przeno\u015bne hermetyczne Schmith stopie\u0144 ochrony IP 54, 250V, 16A, z elastyczn\u0105 klapk\u0105, rozbieralne, dokr\u0119cana zaciskowa ko\u0144c\u00f3wka mocuj\u0105ca przew\u00f3d<\/p>\n","protected":false},"featured_media":2545,"comment_status":"open","ping_status":"closed","template":"","meta":[],"dostudni_label":[],"product_brand":[302],"product_cat":[24],"product_tag":[],"class_list":{"0":"post-2520","1":"product","2":"type-product","3":"status-publish","4":"has-post-thumbnail","6":"product_brand-schmith","7":"product_cat-akcesoria","8":"product_shipping_class-male","10":"first","11":"instock","12":"taxable","13":"shipping-taxable","14":"purchasable","15":"product-type-simple"},"_links":{"self":[{"href":"https:\/\/dostudni.com\/index.php\/wp-json\/wp\/v2\/product\/2520","targetHints":{"allow":["GET"]}}],"collection":[{"href":"https:\/\/dostudni.com\/index.php\/wp-json\/wp\/v2\/product"}],"about":[{"href":"https:\/\/dostudni.com\/index.php\/wp-json\/wp\/v2\/types\/product"}],"replies":[{"embeddable":true,"href":"https:\/\/dostudni.com\/index.php\/wp-json\/wp\/v2\/comments?post=2520"}],"wp:featuredmedia":[{"embeddable":true,"href":"https:\/\/dostudni.com\/index.php\/wp-json\/wp\/v2\/media\/2545"}],"wp:attachment":[{"href":"https:\/\/dostudni.com\/index.php\/wp-json\/wp\/v2\/media?parent=2520"}],"wp:term":[{"taxonomy":"dostudni_label","embeddable":true,"href":"https:\/\/dostudni.com\/index.php\/wp-json\/wp\/v2\/dostudni_label?post=2520"},{"taxonomy":"product_brand","embeddable":true,"href":"https:\/\/dostudni.com\/index.php\/wp-json\/wp\/v2\/product_brand?post=2520"},{"taxonomy":"product_cat","embeddable":true,"href":"https:\/\/dostudni.com\/index.php\/wp-json\/wp\/v2\/product_cat?post=2520"},{"taxonomy":"product_tag","embeddable":true,"href":"https:\/\/dostudni.com\/index.php\/wp-json\/wp\/v2\/product_tag?post=2520"}],"curies":[{"name":"wp","href":"https:\/\/api.w.org\/{rel}","templated":true}]}}