{"id":2521,"date":"2026-04-07T13:48:58","date_gmt":"2026-04-07T13:48:58","guid":{"rendered":"https:\/\/dostudni.com\/index.php\/produkt\/schmith-rozgaleznik-3gniazda-2pz-16a-250v-ip54-wtyk-sr-11\/"},"modified":"2026-04-20T10:24:55","modified_gmt":"2026-04-20T10:24:55","slug":"schmith-rozgaleznik-3gniazda-2pz-16a-250v-ip54-wtyk-sr-11","status":"publish","type":"product","link":"https:\/\/dostudni.com\/index.php\/produkt\/schmith-rozgaleznik-3gniazda-2pz-16a-250v-ip54-wtyk-sr-11\/","title":{"rendered":"Schmith Rozga\u0142\u0119\u017anik 3gniazda 2p+Z 16A 250V IP54 wtyk SR-11"},"content":{"rendered":"<p>Rozga\u0142\u0119\u017anik 3 gniazda 3p+Z 16A 250V IP54 na kabel<br \/>\nPotr\u00f3jne gniazdo z klapk\u0105 hermetyczn\u0105 i uziemieniem, bryzgoszczelne rozbieralne, dostosowane pod monta\u017c przewodu<\/p>\n","protected":false},"excerpt":{"rendered":"<p>Rozga\u0142\u0119\u017anik 3 gniazda 3p+Z 16A 250V IP54 na kabel Potr\u00f3jne gniazdo z klapk\u0105 hermetyczn\u0105 i uziemieniem, bryzgoszczelne rozbieralne, dostosowane pod monta\u017c przewodu<\/p>\n","protected":false},"featured_media":2548,"comment_status":"open","ping_status":"closed","template":"","meta":[],"dostudni_label":[],"product_brand":[302],"product_cat":[24],"product_tag":[],"class_list":{"0":"post-2521","1":"product","2":"type-product","3":"status-publish","4":"has-post-thumbnail","6":"product_brand-schmith","7":"product_cat-akcesoria","8":"product_shipping_class-male","10":"first","11":"instock","12":"taxable","13":"shipping-taxable","14":"purchasable","15":"product-type-simple"},"_links":{"self":[{"href":"https:\/\/dostudni.com\/index.php\/wp-json\/wp\/v2\/product\/2521","targetHints":{"allow":["GET"]}}],"collection":[{"href":"https:\/\/dostudni.com\/index.php\/wp-json\/wp\/v2\/product"}],"about":[{"href":"https:\/\/dostudni.com\/index.php\/wp-json\/wp\/v2\/types\/product"}],"replies":[{"embeddable":true,"href":"https:\/\/dostudni.com\/index.php\/wp-json\/wp\/v2\/comments?post=2521"}],"wp:featuredmedia":[{"embeddable":true,"href":"https:\/\/dostudni.com\/index.php\/wp-json\/wp\/v2\/media\/2548"}],"wp:attachment":[{"href":"https:\/\/dostudni.com\/index.php\/wp-json\/wp\/v2\/media?parent=2521"}],"wp:term":[{"taxonomy":"dostudni_label","embeddable":true,"href":"https:\/\/dostudni.com\/index.php\/wp-json\/wp\/v2\/dostudni_label?post=2521"},{"taxonomy":"product_brand","embeddable":true,"href":"https:\/\/dostudni.com\/index.php\/wp-json\/wp\/v2\/product_brand?post=2521"},{"taxonomy":"product_cat","embeddable":true,"href":"https:\/\/dostudni.com\/index.php\/wp-json\/wp\/v2\/product_cat?post=2521"},{"taxonomy":"product_tag","embeddable":true,"href":"https:\/\/dostudni.com\/index.php\/wp-json\/wp\/v2\/product_tag?post=2521"}],"curies":[{"name":"wp","href":"https:\/\/api.w.org\/{rel}","templated":true}]}}