{"id":2522,"date":"2026-04-07T13:48:59","date_gmt":"2026-04-07T13:48:59","guid":{"rendered":"https:\/\/dostudni.com\/index.php\/produkt\/schmith-rekawiczki-nitrile-blackgrip-m-50szt-snim-blackgrip-m\/"},"modified":"2026-04-22T06:31:10","modified_gmt":"2026-04-22T06:31:10","slug":"schmith-rekawiczki-nitrile-blackgrip-m-50szt-snim-blackgrip-m","status":"publish","type":"product","link":"https:\/\/dostudni.com\/index.php\/produkt\/schmith-rekawiczki-nitrile-blackgrip-m-50szt-snim-blackgrip-m\/","title":{"rendered":"Schmith R\u0119kawiczki Nitrile BlackGrip M 50szt SNIM-BLACKGRIP-M"},"content":{"rendered":"<p>Wytrzyma\u0142e r\u0119kawiczki nitrylowe Schmith M \u2013 komfort i ochrona d\u0142oni<br \/>\nWytrzyma\u0142e r\u0119kawiczki nitrylowe Schmith w rozmiarze M zapewniaj\u0105 skuteczn\u0105 ochron\u0119 d\u0142oni oraz wyj\u0105tkowy komfort u\u017cytkowania. Specjalna diamentowa tekstura powierzchni gwarantuje pewny chwyt, nawet w \u015brodowisku t\u0142ustym i mokrym, co jest niezwykle przydatne podczas pracy w wymagaj\u0105cych warunkach. R\u0119kawice s\u0105 wykonane z grubego materia\u0142u nitrylowego, kt\u00f3ry skutecznie chroni przed substancjami chemicznymi, zabrudzeniami i uszkodzeniami mechanicznymi. Jako\u015b\u0107 r\u0119kawic jest potwierdzona testami zgodnymi z normami EN oraz ISO, co zapewnia ich wysok\u0105 wytrzyma\u0142o\u015b\u0107 i niezawodno\u015b\u0107.<\/p>\n<p>Cechy produktu:<\/p>\n<p>Rozmiar: M<br \/>\nMateria\u0142: nitryl o wysokiej grubo\u015bci<br \/>\nTekstura diamentowa zapewniaj\u0105ca doskona\u0142y chwyt<br \/>\nOchrona przed substancjami chemicznymi<br \/>\nNormy: spe\u0142niaj\u0105 rygorystyczne wymogi EN oraz ISO<br \/>\nZastosowanie:<\/p>\n<p>Prace konstrukcyjne i monta\u017cowe w bran\u017cach motoryzacyjnej, przemys\u0142owej, mechanicznej i budowlanej<br \/>\nElektryka, hydraulika, konserwacja, \u015blusarnie, stolarnie<br \/>\nUtrzymanie czysto\u015bci i bran\u017ca spo\u017cywcza<br \/>\nPrace w gospodarce komunalnej oraz sekcji techniczno-eksploatacyjnej i sanitarnej<br \/>\nIdealne r\u00f3wnie\u017c do majsterkowania (DIY)<\/p>\n","protected":false},"excerpt":{"rendered":"<p>Wytrzyma\u0142e r\u0119kawiczki nitrylowe Schmith M \u2013 komfort i ochrona d\u0142oni Wytrzyma\u0142e r\u0119kawiczki nitrylowe Schmith w rozmiarze M zapewniaj\u0105 skuteczn\u0105 ochron\u0119 d\u0142oni oraz wyj\u0105tkowy komfort u\u017cytkowania. Specjalna diamentowa tekstura powierzchni gwarantuje pewny chwyt, nawet w \u015brodowisku t\u0142ustym i mokrym, co jest niezwykle przydatne podczas pracy w wymagaj\u0105cych warunkach. R\u0119kawice s\u0105 wykonane z grubego materia\u0142u nitrylowego, kt\u00f3ry [&hellip;]<\/p>\n","protected":false},"featured_media":2552,"comment_status":"open","ping_status":"closed","template":"","meta":[],"dostudni_label":[],"product_brand":[302],"product_cat":[24],"product_tag":[],"class_list":{"0":"post-2522","1":"product","2":"type-product","3":"status-publish","4":"has-post-thumbnail","6":"product_brand-schmith","7":"product_cat-akcesoria","8":"product_shipping_class-male","10":"first","11":"instock","12":"taxable","13":"shipping-taxable","14":"purchasable","15":"product-type-simple"},"_links":{"self":[{"href":"https:\/\/dostudni.com\/index.php\/wp-json\/wp\/v2\/product\/2522","targetHints":{"allow":["GET"]}}],"collection":[{"href":"https:\/\/dostudni.com\/index.php\/wp-json\/wp\/v2\/product"}],"about":[{"href":"https:\/\/dostudni.com\/index.php\/wp-json\/wp\/v2\/types\/product"}],"replies":[{"embeddable":true,"href":"https:\/\/dostudni.com\/index.php\/wp-json\/wp\/v2\/comments?post=2522"}],"wp:featuredmedia":[{"embeddable":true,"href":"https:\/\/dostudni.com\/index.php\/wp-json\/wp\/v2\/media\/2552"}],"wp:attachment":[{"href":"https:\/\/dostudni.com\/index.php\/wp-json\/wp\/v2\/media?parent=2522"}],"wp:term":[{"taxonomy":"dostudni_label","embeddable":true,"href":"https:\/\/dostudni.com\/index.php\/wp-json\/wp\/v2\/dostudni_label?post=2522"},{"taxonomy":"product_brand","embeddable":true,"href":"https:\/\/dostudni.com\/index.php\/wp-json\/wp\/v2\/product_brand?post=2522"},{"taxonomy":"product_cat","embeddable":true,"href":"https:\/\/dostudni.com\/index.php\/wp-json\/wp\/v2\/product_cat?post=2522"},{"taxonomy":"product_tag","embeddable":true,"href":"https:\/\/dostudni.com\/index.php\/wp-json\/wp\/v2\/product_tag?post=2522"}],"curies":[{"name":"wp","href":"https:\/\/api.w.org\/{rel}","templated":true}]}}