{"id":2576,"date":"2026-04-15T12:10:52","date_gmt":"2026-04-15T12:10:52","guid":{"rendered":"https:\/\/dostudni.com\/index.php\/produkt\/schmith-zylka-gwiazda-20mmx15m-sch14l01008\/"},"modified":"2026-04-20T10:24:54","modified_gmt":"2026-04-20T10:24:54","slug":"schmith-zylka-gwiazda-20mmx15m-sch14l01008","status":"publish","type":"product","link":"https:\/\/dostudni.com\/index.php\/produkt\/schmith-zylka-gwiazda-20mmx15m-sch14l01008\/","title":{"rendered":"Schmith \u017by\u0142ka gwiazda 2,0mmx15m SCH14L01008"},"content":{"rendered":"<p>\u017by\u0142ka do kosy podkaszarki Gwiazda 2mm 15m Schmith Marka Schmith<br \/>\n Wysokiej jako\u015bci \u017cy\u0142ka tn\u0105ca do kos i podkaszarek &#8211; zaprojektowana z my\u015bl\u0105 o wydajno\u015bci i trwa\u0142o\u015bci. Nasza \u017cy\u0142ka tn\u0105ca wykonana jest z zaawansowanych polimer\u00f3w, co zapewnia wyj\u0105tkow\u0105 odporno\u015b\u0107 na \u015bcieranie oraz zwi\u0119ksza \u017cywotno\u015b\u0107 produktu. \u015arednica \u017cy\u0142ki, dostosowana do r\u00f3\u017cnych typ\u00f3w urz\u0105dze\u0144, gwarantuje optymalne ci\u0119cie zar\u00f3wno g\u0119stej trawy, jak i chwast\u00f3w.<\/p>\n<p>Doskona\u0142a elastyczno\u015b\u0107 \u017cy\u0142ki minimalizuje ryzyko jej p\u0119kni\u0119cia, co jest cz\u0119stym problemem przy produktach ni\u017cszej jako\u015bci. Specjalna struktura zapewnia mniejsze drgania podczas pracy, co przek\u0142ada si\u0119 na wi\u0119kszy komfort u\u017cytkowania i zmniejszenie zm\u0119czenia operatora.<\/p>\n<p>\u017by\u0142ka do kosy podkaszarki Gwiazda 2mm 15m Schmith Typ \u017cy\u0142ka<br \/>\n \u017by\u0142ka jest kompatybilna z wi\u0119kszo\u015bci\u0105 modeli kos i podkaszarek dost\u0119pnych na rynku, co czyni j\u0105 uniwersalnym wyborem dla profesjonalist\u00f3w oraz amator\u00f3w ogrodnictwa. To idealne rozwi\u0105zanie dla tych, kt\u00f3rzy szukaj\u0105 efektywno\u015bci oraz niezawodno\u015bci w piel\u0119gnacji swoich ogrod\u00f3w i teren\u00f3w zielonych.<\/p>\n<p>Wymiary: d\u0142ugo\u015b\u0107 &#8211; 15 m, kszta\u0142t &#8211; Dual kwadrat<\/p>\n","protected":false},"excerpt":{"rendered":"<p>\u017by\u0142ka do kosy podkaszarki Gwiazda 2mm 15m Schmith Marka Schmith Wysokiej jako\u015bci \u017cy\u0142ka tn\u0105ca do kos i podkaszarek &#8211; zaprojektowana z my\u015bl\u0105 o wydajno\u015bci i trwa\u0142o\u015bci. Nasza \u017cy\u0142ka tn\u0105ca wykonana jest z zaawansowanych polimer\u00f3w, co zapewnia wyj\u0105tkow\u0105 odporno\u015b\u0107 na \u015bcieranie oraz zwi\u0119ksza \u017cywotno\u015b\u0107 produktu. \u015arednica \u017cy\u0142ki, dostosowana do r\u00f3\u017cnych typ\u00f3w urz\u0105dze\u0144, gwarantuje optymalne ci\u0119cie zar\u00f3wno [&hellip;]<\/p>\n","protected":false},"featured_media":2572,"comment_status":"open","ping_status":"closed","template":"","meta":[],"dostudni_label":[],"product_brand":[302],"product_cat":[24],"product_tag":[],"class_list":{"0":"post-2576","1":"product","2":"type-product","3":"status-publish","4":"has-post-thumbnail","6":"product_brand-schmith","7":"product_cat-akcesoria","8":"product_shipping_class-male","10":"first","11":"instock","12":"taxable","13":"shipping-taxable","14":"purchasable","15":"product-type-simple"},"_links":{"self":[{"href":"https:\/\/dostudni.com\/index.php\/wp-json\/wp\/v2\/product\/2576","targetHints":{"allow":["GET"]}}],"collection":[{"href":"https:\/\/dostudni.com\/index.php\/wp-json\/wp\/v2\/product"}],"about":[{"href":"https:\/\/dostudni.com\/index.php\/wp-json\/wp\/v2\/types\/product"}],"replies":[{"embeddable":true,"href":"https:\/\/dostudni.com\/index.php\/wp-json\/wp\/v2\/comments?post=2576"}],"wp:featuredmedia":[{"embeddable":true,"href":"https:\/\/dostudni.com\/index.php\/wp-json\/wp\/v2\/media\/2572"}],"wp:attachment":[{"href":"https:\/\/dostudni.com\/index.php\/wp-json\/wp\/v2\/media?parent=2576"}],"wp:term":[{"taxonomy":"dostudni_label","embeddable":true,"href":"https:\/\/dostudni.com\/index.php\/wp-json\/wp\/v2\/dostudni_label?post=2576"},{"taxonomy":"product_brand","embeddable":true,"href":"https:\/\/dostudni.com\/index.php\/wp-json\/wp\/v2\/product_brand?post=2576"},{"taxonomy":"product_cat","embeddable":true,"href":"https:\/\/dostudni.com\/index.php\/wp-json\/wp\/v2\/product_cat?post=2576"},{"taxonomy":"product_tag","embeddable":true,"href":"https:\/\/dostudni.com\/index.php\/wp-json\/wp\/v2\/product_tag?post=2576"}],"curies":[{"name":"wp","href":"https:\/\/api.w.org\/{rel}","templated":true}]}}