{"id":2591,"date":"2026-04-15T12:11:05","date_gmt":"2026-04-15T12:11:05","guid":{"rendered":"https:\/\/dostudni.com\/index.php\/produkt\/schmith-zylka-gwiazda-30mmx15m-sch14l01017\/"},"modified":"2026-04-20T10:24:54","modified_gmt":"2026-04-20T10:24:54","slug":"schmith-zylka-gwiazda-30mmx15m-sch14l01017","status":"publish","type":"product","link":"https:\/\/dostudni.com\/index.php\/produkt\/schmith-zylka-gwiazda-30mmx15m-sch14l01017\/","title":{"rendered":"Schmith \u017by\u0142ka gwiazda 3,0mmx15m SCH14L01017"},"content":{"rendered":"<p>Schmith \u017by\u0142ka gwiazda 3,0mmx15m (kod SCH14L01017) to profesjonalna linka tn\u0105ca o przekroju pi\u0119ciok\u0105tnym, zaprojektowana do wydajnego koszenia g\u0119stej trawy i chwast\u00f3w. Kluczowe parametry techniczne \u015arednica: 3,0 mm. D\u0142ugo\u015b\u0107: 15 m. Kszta\u0142t: Gwiazda (5-k\u0105tna) \u2013 ostre kraw\u0119dzie zapewniaj\u0105 bardziej agresywne i r\u00f3wne ci\u0119cie w por\u00f3wnaniu do \u017cy\u0142ek okr\u0105g\u0142ych. Materia\u0142: Wykonana z zaawansowanych polimer\u00f3w, co zwi\u0119ksza jej elastyczno\u015b\u0107 i odporno\u015b\u0107 na \u015bcieranie, p\u0119kanie oraz sklejanie pod wp\u0142ywem temperatury.<\/p>\n","protected":false},"excerpt":{"rendered":"<p>Schmith \u017by\u0142ka gwiazda 3,0mmx15m (kod SCH14L01017) to profesjonalna linka tn\u0105ca o przekroju pi\u0119ciok\u0105tnym, zaprojektowana do wydajnego koszenia g\u0119stej trawy i chwast\u00f3w. Kluczowe parametry techniczne \u015arednica: 3,0 mm. D\u0142ugo\u015b\u0107: 15 m. Kszta\u0142t: Gwiazda (5-k\u0105tna) \u2013 ostre kraw\u0119dzie zapewniaj\u0105 bardziej agresywne i r\u00f3wne ci\u0119cie w por\u00f3wnaniu do \u017cy\u0142ek okr\u0105g\u0142ych. Materia\u0142: Wykonana z zaawansowanych polimer\u00f3w, co zwi\u0119ksza jej [&hellip;]<\/p>\n","protected":false},"featured_media":2587,"comment_status":"open","ping_status":"closed","template":"","meta":[],"dostudni_label":[],"product_brand":[302],"product_cat":[24],"product_tag":[],"class_list":{"0":"post-2591","1":"product","2":"type-product","3":"status-publish","4":"has-post-thumbnail","6":"product_brand-schmith","7":"product_cat-akcesoria","8":"product_shipping_class-male","10":"first","11":"instock","12":"taxable","13":"shipping-taxable","14":"purchasable","15":"product-type-simple"},"_links":{"self":[{"href":"https:\/\/dostudni.com\/index.php\/wp-json\/wp\/v2\/product\/2591","targetHints":{"allow":["GET"]}}],"collection":[{"href":"https:\/\/dostudni.com\/index.php\/wp-json\/wp\/v2\/product"}],"about":[{"href":"https:\/\/dostudni.com\/index.php\/wp-json\/wp\/v2\/types\/product"}],"replies":[{"embeddable":true,"href":"https:\/\/dostudni.com\/index.php\/wp-json\/wp\/v2\/comments?post=2591"}],"wp:featuredmedia":[{"embeddable":true,"href":"https:\/\/dostudni.com\/index.php\/wp-json\/wp\/v2\/media\/2587"}],"wp:attachment":[{"href":"https:\/\/dostudni.com\/index.php\/wp-json\/wp\/v2\/media?parent=2591"}],"wp:term":[{"taxonomy":"dostudni_label","embeddable":true,"href":"https:\/\/dostudni.com\/index.php\/wp-json\/wp\/v2\/dostudni_label?post=2591"},{"taxonomy":"product_brand","embeddable":true,"href":"https:\/\/dostudni.com\/index.php\/wp-json\/wp\/v2\/product_brand?post=2591"},{"taxonomy":"product_cat","embeddable":true,"href":"https:\/\/dostudni.com\/index.php\/wp-json\/wp\/v2\/product_cat?post=2591"},{"taxonomy":"product_tag","embeddable":true,"href":"https:\/\/dostudni.com\/index.php\/wp-json\/wp\/v2\/product_tag?post=2591"}],"curies":[{"name":"wp","href":"https:\/\/api.w.org\/{rel}","templated":true}]}}