{"id":2600,"date":"2026-04-16T08:35:25","date_gmt":"2026-04-16T08:35:25","guid":{"rendered":"https:\/\/dostudni.com\/index.php\/produkt\/do-folii-pe-tr-48mmx50m-24-72\/"},"modified":"2026-04-30T05:26:40","modified_gmt":"2026-04-30T05:26:40","slug":"do-folii-pe-tr-48mmx50m-24-72","status":"publish","type":"product","link":"https:\/\/dostudni.com\/index.php\/produkt\/do-folii-pe-tr-48mmx50m-24-72\/","title":{"rendered":"Do folii PE (TR) 48mmx50m (24\/72)"},"content":{"rendered":"<p>ta\u015bma wodood.bezbarwna do foli 48x50m<\/p>\n<p>BLUE DOLPHIN PETR_07469 do sklejania folii izolacyjnych<\/p>\n<p>TA\u015aMA DO SKLEJANIA FOLII IZOLACYJNYCH 48mm x 20m<\/p>\n<p>Wodoodporna<\/p>\n<p>Ta\u015bma do sklejania folii izolacyjnych BLUE DOLPHIN to doskona\u0142a ta\u015bma do klejenia folii izolacyjnych, dachowych, pod\u0142ogowych, ogrodowych. Dzi\u0119ki odporno\u015bci na wilgo\u0107 oraz mocnemu klejowi na bazie kauczuku syntetycznego mamy pewno\u015b\u0107 trwa\u0142ego z\u0142\u0105czenia element\u00f3w. Ta\u015bma mo\u017ce znale\u017a\u0107 ta\u017ce wiele innych zastosowa\u0144 w domu warsztacie czy firmie.<\/p>\n<p>W\u0141A\u015aCIWO\u015aCI TA\u015aMY:<\/p>\n<p>&#8211; Mocny klej<\/p>\n<p>&#8211; Odporno\u015b\u0107 na wilgo\u0107<\/p>\n<p>PODSTAWOWE ZASTOSOWANIA:<\/p>\n<p>&#8211; \u0141\u0105czenie folii ogrodowych, dachowych i pod\u0142ogowych<\/p>\n<p>&#8211; Owijanie<\/p>\n<p>&#8211; Sklejanie<\/p>\n<p>&#8211; Wiele innych<\/p>\n<p>BUDOWA TA\u015aMY:<\/p>\n<p>&#8211; Podk\u0142ad: LDPE<\/p>\n<p>&#8211; Klej: Na bazie kauczuku syntetycznego; Klej transparentny<\/p>\n<p>&#8211; Kolor: Transparentny<\/p>\n<p>DOST\u0118PNE ROZMIARY:<\/p>\n<p>Szeroko\u015b\u0107: 48mmx50m<\/p>\n","protected":false},"excerpt":{"rendered":"<p>ta\u015bma wodood.bezbarwna do foli 48x50m BLUE DOLPHIN PETR_07469 do sklejania folii izolacyjnych TA\u015aMA DO SKLEJANIA FOLII IZOLACYJNYCH 48mm x 20m Wodoodporna Ta\u015bma do sklejania folii izolacyjnych BLUE DOLPHIN to doskona\u0142a ta\u015bma do klejenia folii izolacyjnych, dachowych, pod\u0142ogowych, ogrodowych. Dzi\u0119ki odporno\u015bci na wilgo\u0107 oraz mocnemu klejowi na bazie kauczuku syntetycznego mamy pewno\u015b\u0107 trwa\u0142ego z\u0142\u0105czenia element\u00f3w. Ta\u015bma [&hellip;]<\/p>\n","protected":false},"featured_media":2598,"comment_status":"open","ping_status":"closed","template":"","meta":[],"dostudni_label":[],"product_brand":[],"product_cat":[24],"product_tag":[],"class_list":{"0":"post-2600","1":"product","2":"type-product","3":"status-publish","4":"has-post-thumbnail","6":"product_cat-akcesoria","7":"product_shipping_class-male","9":"first","10":"instock","11":"taxable","12":"shipping-taxable","13":"purchasable","14":"product-type-simple"},"_links":{"self":[{"href":"https:\/\/dostudni.com\/index.php\/wp-json\/wp\/v2\/product\/2600","targetHints":{"allow":["GET"]}}],"collection":[{"href":"https:\/\/dostudni.com\/index.php\/wp-json\/wp\/v2\/product"}],"about":[{"href":"https:\/\/dostudni.com\/index.php\/wp-json\/wp\/v2\/types\/product"}],"replies":[{"embeddable":true,"href":"https:\/\/dostudni.com\/index.php\/wp-json\/wp\/v2\/comments?post=2600"}],"wp:featuredmedia":[{"embeddable":true,"href":"https:\/\/dostudni.com\/index.php\/wp-json\/wp\/v2\/media\/2598"}],"wp:attachment":[{"href":"https:\/\/dostudni.com\/index.php\/wp-json\/wp\/v2\/media?parent=2600"}],"wp:term":[{"taxonomy":"dostudni_label","embeddable":true,"href":"https:\/\/dostudni.com\/index.php\/wp-json\/wp\/v2\/dostudni_label?post=2600"},{"taxonomy":"product_brand","embeddable":true,"href":"https:\/\/dostudni.com\/index.php\/wp-json\/wp\/v2\/product_brand?post=2600"},{"taxonomy":"product_cat","embeddable":true,"href":"https:\/\/dostudni.com\/index.php\/wp-json\/wp\/v2\/product_cat?post=2600"},{"taxonomy":"product_tag","embeddable":true,"href":"https:\/\/dostudni.com\/index.php\/wp-json\/wp\/v2\/product_tag?post=2600"}],"curies":[{"name":"wp","href":"https:\/\/api.w.org\/{rel}","templated":true}]}}