{"id":2668,"date":"2026-04-16T08:36:08","date_gmt":"2026-04-16T08:36:08","guid":{"rendered":"https:\/\/dostudni.com\/index.php\/produkt\/redukcja-ocynkowana-2x11-2\/"},"modified":"2026-04-30T12:50:38","modified_gmt":"2026-04-30T12:50:38","slug":"redukcja-ocynkowana-2x11-2","status":"publish","type":"product","link":"https:\/\/dostudni.com\/index.php\/produkt\/redukcja-ocynkowana-2x11-2\/","title":{"rendered":"Redukcja ocynkowana 2&#8221;x11\/2"},"content":{"rendered":"<p>Redukcja ocynkowana 2&#8221; x 1 1\/2&#8221;<\/p>\n<p>Solidna redukcja ocynkowana przeznaczona do \u0142\u0105czenia element\u00f3w instalacji hydraulicznych o r\u00f3\u017cnych \u015brednicach. Umo\u017cliwia przej\u015bcie z gwintu 2&#8221; na 1 1\/2&#8221;, zapewniaj\u0105c trwa\u0142e i szczelne po\u0142\u0105czenie w instalacjach wodnych, grzewczych oraz przemys\u0142owych.<\/p>\n<p>Wykonana z wysokiej jako\u015bci stali pokrytej warstw\u0105 ocynku, co skutecznie chroni przed korozj\u0105 i wyd\u0142u\u017ca \u017cywotno\u015b\u0107 produktu nawet w wymagaj\u0105cych warunkach pracy. Precyzyjnie wykonane gwinty gwarantuj\u0105 \u0142atwy monta\u017c oraz pewne dopasowanie element\u00f3w instalacji.<\/p>\n<p>Najwa\u017cniejsze cechy:<\/p>\n<p>* rozmiar: 2&#8221; x 1 1\/2&#8221;<br \/>\n* materia\u0142: stal ocynkowana<br \/>\n* odporno\u015b\u0107 na korozj\u0119<br \/>\n* trwa\u0142e i szczelne po\u0142\u0105czenie<br \/>\n* \u0142atwy monta\u017c<br \/>\n* szerokie zastosowanie w instalacjach hydraulicznych<\/p>\n","protected":false},"excerpt":{"rendered":"<p>Redukcja ocynkowana 2&#8221; x 1 1\/2&#8221; Solidna redukcja ocynkowana przeznaczona do \u0142\u0105czenia element\u00f3w instalacji hydraulicznych o r\u00f3\u017cnych \u015brednicach. Umo\u017cliwia przej\u015bcie z gwintu 2&#8221; na 1 1\/2&#8221;, zapewniaj\u0105c trwa\u0142e i szczelne po\u0142\u0105czenie w instalacjach wodnych, grzewczych oraz przemys\u0142owych. Wykonana z wysokiej jako\u015bci stali pokrytej warstw\u0105 ocynku, co skutecznie chroni przed korozj\u0105 i wyd\u0142u\u017ca \u017cywotno\u015b\u0107 produktu nawet [&hellip;]<\/p>\n","protected":false},"featured_media":3760,"comment_status":"open","ping_status":"closed","template":"","meta":[],"dostudni_label":[],"product_brand":[],"product_cat":[76],"product_tag":[],"class_list":{"0":"post-2668","1":"product","2":"type-product","3":"status-publish","4":"has-post-thumbnail","6":"product_cat-zlaczki","7":"product_shipping_class-male","9":"first","10":"instock","11":"taxable","12":"shipping-taxable","13":"purchasable","14":"product-type-simple"},"_links":{"self":[{"href":"https:\/\/dostudni.com\/index.php\/wp-json\/wp\/v2\/product\/2668","targetHints":{"allow":["GET"]}}],"collection":[{"href":"https:\/\/dostudni.com\/index.php\/wp-json\/wp\/v2\/product"}],"about":[{"href":"https:\/\/dostudni.com\/index.php\/wp-json\/wp\/v2\/types\/product"}],"replies":[{"embeddable":true,"href":"https:\/\/dostudni.com\/index.php\/wp-json\/wp\/v2\/comments?post=2668"}],"wp:featuredmedia":[{"embeddable":true,"href":"https:\/\/dostudni.com\/index.php\/wp-json\/wp\/v2\/media\/3760"}],"wp:attachment":[{"href":"https:\/\/dostudni.com\/index.php\/wp-json\/wp\/v2\/media?parent=2668"}],"wp:term":[{"taxonomy":"dostudni_label","embeddable":true,"href":"https:\/\/dostudni.com\/index.php\/wp-json\/wp\/v2\/dostudni_label?post=2668"},{"taxonomy":"product_brand","embeddable":true,"href":"https:\/\/dostudni.com\/index.php\/wp-json\/wp\/v2\/product_brand?post=2668"},{"taxonomy":"product_cat","embeddable":true,"href":"https:\/\/dostudni.com\/index.php\/wp-json\/wp\/v2\/product_cat?post=2668"},{"taxonomy":"product_tag","embeddable":true,"href":"https:\/\/dostudni.com\/index.php\/wp-json\/wp\/v2\/product_tag?post=2668"}],"curies":[{"name":"wp","href":"https:\/\/api.w.org\/{rel}","templated":true}]}}