{"id":2676,"date":"2026-04-16T08:36:14","date_gmt":"2026-04-16T08:36:14","guid":{"rendered":"https:\/\/dostudni.com\/index.php\/produkt\/omnigena-lacze-szwedzkie-1-1-2\/"},"modified":"2026-04-30T14:33:53","modified_gmt":"2026-04-30T14:33:53","slug":"omnigena-lacze-szwedzkie-1-1-2","status":"publish","type":"product","link":"https:\/\/dostudni.com\/index.php\/produkt\/omnigena-lacze-szwedzkie-1-1-2\/","title":{"rendered":"Omnigena \u0141\u0105cze szwedzkie 1 1\/2&#8221;"},"content":{"rendered":"<p>Omnigena \u0141\u0105cze szwedzkie 1 1\/2&#8221;<\/p>\n<p>Solidne i praktyczne \u0142\u0105cze szwedzkie marki Omnigena, przeznaczone do szybkiego i wygodnego \u0142\u0105czenia element\u00f3w instalacji hydraulicznych. Produkt o \u015brednicy 1 1\/2 cala sprawdzi si\u0119 zar\u00f3wno w instalacjach domowych, jak i przemys\u0142owych, umo\u017cliwiaj\u0105c \u0142atwy monta\u017c oraz demonta\u017c bez konieczno\u015bci ingerencji w ca\u0142\u0105 instalacj\u0119.<\/p>\n<p>Wykonane z trwa\u0142ych materia\u0142\u00f3w, odpornych na korozj\u0119 i uszkodzenia mechaniczne, co zapewnia d\u0142ug\u0105 \u017cywotno\u015b\u0107 oraz niezawodne dzia\u0142anie. Precyzyjne wykonanie gwarantuje szczelno\u015b\u0107 po\u0142\u0105czenia oraz bezpiecze\u0144stwo u\u017cytkowania. \u0141\u0105cze idealnie nadaje si\u0119 do instalacji wodnych, grzewczych oraz innych system\u00f3w wymagaj\u0105cych solidnych i roz\u0142\u0105cznych po\u0142\u0105cze\u0144.<\/p>\n<p>Najwa\u017cniejsze cechy:<\/p>\n<p>* \u015brednica: 1 1\/2&#8221;<br \/>\n* szybki i \u0142atwy monta\u017c\/demonta\u017c<br \/>\n* trwa\u0142a i solidna konstrukcja<br \/>\n* odporno\u015b\u0107 na korozj\u0119<br \/>\n* uniwersalne zastosowanie w instalacjach hydraulicznych<\/p>\n","protected":false},"excerpt":{"rendered":"<p>Omnigena \u0141\u0105cze szwedzkie 1 1\/2&#8221; Solidne i praktyczne \u0142\u0105cze szwedzkie marki Omnigena, przeznaczone do szybkiego i wygodnego \u0142\u0105czenia element\u00f3w instalacji hydraulicznych. Produkt o \u015brednicy 1 1\/2 cala sprawdzi si\u0119 zar\u00f3wno w instalacjach domowych, jak i przemys\u0142owych, umo\u017cliwiaj\u0105c \u0142atwy monta\u017c oraz demonta\u017c bez konieczno\u015bci ingerencji w ca\u0142\u0105 instalacj\u0119. Wykonane z trwa\u0142ych materia\u0142\u00f3w, odpornych na korozj\u0119 i [&hellip;]<\/p>\n","protected":false},"featured_media":3869,"comment_status":"open","ping_status":"closed","template":"","meta":[],"dostudni_label":[],"product_brand":[23],"product_cat":[76],"product_tag":[],"class_list":{"0":"post-2676","1":"product","2":"type-product","3":"status-publish","4":"has-post-thumbnail","6":"product_brand-omnigena","7":"product_cat-zlaczki","8":"product_shipping_class-male","10":"first","11":"instock","12":"taxable","13":"shipping-taxable","14":"purchasable","15":"product-type-simple"},"_links":{"self":[{"href":"https:\/\/dostudni.com\/index.php\/wp-json\/wp\/v2\/product\/2676","targetHints":{"allow":["GET"]}}],"collection":[{"href":"https:\/\/dostudni.com\/index.php\/wp-json\/wp\/v2\/product"}],"about":[{"href":"https:\/\/dostudni.com\/index.php\/wp-json\/wp\/v2\/types\/product"}],"replies":[{"embeddable":true,"href":"https:\/\/dostudni.com\/index.php\/wp-json\/wp\/v2\/comments?post=2676"}],"wp:featuredmedia":[{"embeddable":true,"href":"https:\/\/dostudni.com\/index.php\/wp-json\/wp\/v2\/media\/3869"}],"wp:attachment":[{"href":"https:\/\/dostudni.com\/index.php\/wp-json\/wp\/v2\/media?parent=2676"}],"wp:term":[{"taxonomy":"dostudni_label","embeddable":true,"href":"https:\/\/dostudni.com\/index.php\/wp-json\/wp\/v2\/dostudni_label?post=2676"},{"taxonomy":"product_brand","embeddable":true,"href":"https:\/\/dostudni.com\/index.php\/wp-json\/wp\/v2\/product_brand?post=2676"},{"taxonomy":"product_cat","embeddable":true,"href":"https:\/\/dostudni.com\/index.php\/wp-json\/wp\/v2\/product_cat?post=2676"},{"taxonomy":"product_tag","embeddable":true,"href":"https:\/\/dostudni.com\/index.php\/wp-json\/wp\/v2\/product_tag?post=2676"}],"curies":[{"name":"wp","href":"https:\/\/api.w.org\/{rel}","templated":true}]}}