{"id":2682,"date":"2026-04-16T08:36:22","date_gmt":"2026-04-16T08:36:22","guid":{"rendered":"https:\/\/dostudni.com\/index.php\/produkt\/omnigena-obudowa-filtra-1x1-ean13\/"},"modified":"2026-04-24T08:38:21","modified_gmt":"2026-04-24T08:38:21","slug":"omnigena-obudowa-filtra-1x1-ean13","status":"publish","type":"product","link":"https:\/\/dostudni.com\/index.php\/produkt\/omnigena-obudowa-filtra-1x1-ean13\/","title":{"rendered":"Omnigena Obudowa filtra 1&#8221;x1&#8221; EAN13"},"content":{"rendered":"<p>Solidna obudowa filtra przeznaczona do ochrony instalacji wodnych przed zanieczyszczeniami mechanicznymi. Dzi\u0119ki standardowym przy\u0142\u0105czom 1&#8221; x 1&#8221; pasuje do wielu typowych instalacji i zapewnia \u0142atwy monta\u017c oraz wygodn\u0105 obs\u0142ug\u0119.<\/p>\n<p>Wytrzyma\u0142a konstrukcja gwarantuje d\u0142ug\u0105 \u017cywotno\u015b\u0107 i niezawodn\u0105 prac\u0119, a mo\u017cliwo\u015b\u0107 szybkiej wymiany wk\u0142adu sprawia, \u017ce u\u017cytkowanie jest wygodne i bezproblemowe.<\/p>\n<p>Najwa\u017cniejsze cechy:<\/p>\n<p>* przy\u0142\u0105cze 1&#8221; x 1&#8221;<br \/>\n* ochrona instalacji przed piaskiem, rdz\u0105 i osadami<br \/>\n* solidna i trwa\u0142a konstrukcja<br \/>\n* szybki monta\u017c i \u0142atwa obs\u0142uga<br \/>\n* kompatybilna z popularnymi wk\u0142adami filtracyjnymi<\/p>\n","protected":false},"excerpt":{"rendered":"<p>Solidna obudowa filtra przeznaczona do ochrony instalacji wodnych przed zanieczyszczeniami mechanicznymi. Dzi\u0119ki standardowym przy\u0142\u0105czom 1&#8221; x 1&#8221; pasuje do wielu typowych instalacji i zapewnia \u0142atwy monta\u017c oraz wygodn\u0105 obs\u0142ug\u0119. Wytrzyma\u0142a konstrukcja gwarantuje d\u0142ug\u0105 \u017cywotno\u015b\u0107 i niezawodn\u0105 prac\u0119, a mo\u017cliwo\u015b\u0107 szybkiej wymiany wk\u0142adu sprawia, \u017ce u\u017cytkowanie jest wygodne i bezproblemowe. Najwa\u017cniejsze cechy: * przy\u0142\u0105cze 1&#8221; x [&hellip;]<\/p>\n","protected":false},"featured_media":2681,"comment_status":"open","ping_status":"closed","template":"","meta":[],"dostudni_label":[],"product_brand":[23],"product_cat":[296],"product_tag":[],"class_list":{"0":"post-2682","1":"product","2":"type-product","3":"status-publish","4":"has-post-thumbnail","6":"product_brand-omnigena","7":"product_cat-narzedzia","8":"product_shipping_class-male","10":"first","11":"instock","12":"taxable","13":"shipping-taxable","14":"purchasable","15":"product-type-simple"},"_links":{"self":[{"href":"https:\/\/dostudni.com\/index.php\/wp-json\/wp\/v2\/product\/2682","targetHints":{"allow":["GET"]}}],"collection":[{"href":"https:\/\/dostudni.com\/index.php\/wp-json\/wp\/v2\/product"}],"about":[{"href":"https:\/\/dostudni.com\/index.php\/wp-json\/wp\/v2\/types\/product"}],"replies":[{"embeddable":true,"href":"https:\/\/dostudni.com\/index.php\/wp-json\/wp\/v2\/comments?post=2682"}],"wp:featuredmedia":[{"embeddable":true,"href":"https:\/\/dostudni.com\/index.php\/wp-json\/wp\/v2\/media\/2681"}],"wp:attachment":[{"href":"https:\/\/dostudni.com\/index.php\/wp-json\/wp\/v2\/media?parent=2682"}],"wp:term":[{"taxonomy":"dostudni_label","embeddable":true,"href":"https:\/\/dostudni.com\/index.php\/wp-json\/wp\/v2\/dostudni_label?post=2682"},{"taxonomy":"product_brand","embeddable":true,"href":"https:\/\/dostudni.com\/index.php\/wp-json\/wp\/v2\/product_brand?post=2682"},{"taxonomy":"product_cat","embeddable":true,"href":"https:\/\/dostudni.com\/index.php\/wp-json\/wp\/v2\/product_cat?post=2682"},{"taxonomy":"product_tag","embeddable":true,"href":"https:\/\/dostudni.com\/index.php\/wp-json\/wp\/v2\/product_tag?post=2682"}],"curies":[{"name":"wp","href":"https:\/\/api.w.org\/{rel}","templated":true}]}}