{"id":2687,"date":"2026-04-16T08:36:24","date_gmt":"2026-04-16T08:36:24","guid":{"rendered":"https:\/\/dostudni.com\/index.php\/produkt\/rekawice-powlekane-rwnyl-2-bi-foam-10\/"},"modified":"2026-04-30T14:17:43","modified_gmt":"2026-04-30T14:17:43","slug":"rekawice-powlekane-rwnyl-2-bi-foam-10","status":"publish","type":"product","link":"https:\/\/dostudni.com\/index.php\/produkt\/rekawice-powlekane-rwnyl-2-bi-foam-10\/","title":{"rendered":"R\u0118KAWICE POWLEKANE RWnyl 2 BI Foam &#8222;10"},"content":{"rendered":"<p>R\u0119kawice powlekane RWnyl 2 BI Foam rozmiar 10<\/p>\n<p>Wysokiej jako\u015bci r\u0119kawice robocze powlekane, przeznaczone do prac wymagaj\u0105cych precyzji oraz pewnego chwytu. Model RWnyl 2 BI Foam zapewnia doskona\u0142e dopasowanie do d\u0142oni oraz wysoki komfort u\u017cytkowania nawet podczas d\u0142ugotrwa\u0142ej pracy.<\/p>\n<p>Pow\u0142oka typu foam zwi\u0119ksza przyczepno\u015b\u0107, co u\u0142atwia manipulowanie narz\u0119dziami i elementami, tak\u017ce w lekko wilgotnym \u015brodowisku. R\u0119kawice charakteryzuj\u0105 si\u0119 dobr\u0105 odporno\u015bci\u0105 na \u015bcieranie oraz uszkodzenia mechaniczne, jednocze\u015bnie zachowuj\u0105c elastyczno\u015b\u0107 i przewiewno\u015b\u0107.<\/p>\n<p>Najwa\u017cniejsze cechy:<\/p>\n<p>* rozmiar: 10<br \/>\n* pow\u0142oka typu foam zapewniaj\u0105ca pewny chwyt<br \/>\n* wysoka elastyczno\u015b\u0107 i dopasowanie do d\u0142oni<br \/>\n* dobra odporno\u015b\u0107 na \u015bcieranie<br \/>\n* komfort u\u017cytkowania i przewiewno\u015b\u0107<br \/>\n* idealne do prac monta\u017cowych, magazynowych i warsztatowych<\/p>\n","protected":false},"excerpt":{"rendered":"<p>R\u0119kawice powlekane RWnyl 2 BI Foam rozmiar 10 Wysokiej jako\u015bci r\u0119kawice robocze powlekane, przeznaczone do prac wymagaj\u0105cych precyzji oraz pewnego chwytu. Model RWnyl 2 BI Foam zapewnia doskona\u0142e dopasowanie do d\u0142oni oraz wysoki komfort u\u017cytkowania nawet podczas d\u0142ugotrwa\u0142ej pracy. Pow\u0142oka typu foam zwi\u0119ksza przyczepno\u015b\u0107, co u\u0142atwia manipulowanie narz\u0119dziami i elementami, tak\u017ce w lekko wilgotnym \u015brodowisku. [&hellip;]<\/p>\n","protected":false},"featured_media":3827,"comment_status":"open","ping_status":"closed","template":"","meta":[],"dostudni_label":[],"product_brand":[],"product_cat":[24],"product_tag":[],"class_list":{"0":"post-2687","1":"product","2":"type-product","3":"status-publish","4":"has-post-thumbnail","6":"product_cat-akcesoria","7":"product_shipping_class-male","9":"first","10":"instock","11":"taxable","12":"shipping-taxable","13":"purchasable","14":"product-type-simple"},"_links":{"self":[{"href":"https:\/\/dostudni.com\/index.php\/wp-json\/wp\/v2\/product\/2687","targetHints":{"allow":["GET"]}}],"collection":[{"href":"https:\/\/dostudni.com\/index.php\/wp-json\/wp\/v2\/product"}],"about":[{"href":"https:\/\/dostudni.com\/index.php\/wp-json\/wp\/v2\/types\/product"}],"replies":[{"embeddable":true,"href":"https:\/\/dostudni.com\/index.php\/wp-json\/wp\/v2\/comments?post=2687"}],"wp:featuredmedia":[{"embeddable":true,"href":"https:\/\/dostudni.com\/index.php\/wp-json\/wp\/v2\/media\/3827"}],"wp:attachment":[{"href":"https:\/\/dostudni.com\/index.php\/wp-json\/wp\/v2\/media?parent=2687"}],"wp:term":[{"taxonomy":"dostudni_label","embeddable":true,"href":"https:\/\/dostudni.com\/index.php\/wp-json\/wp\/v2\/dostudni_label?post=2687"},{"taxonomy":"product_brand","embeddable":true,"href":"https:\/\/dostudni.com\/index.php\/wp-json\/wp\/v2\/product_brand?post=2687"},{"taxonomy":"product_cat","embeddable":true,"href":"https:\/\/dostudni.com\/index.php\/wp-json\/wp\/v2\/product_cat?post=2687"},{"taxonomy":"product_tag","embeddable":true,"href":"https:\/\/dostudni.com\/index.php\/wp-json\/wp\/v2\/product_tag?post=2687"}],"curies":[{"name":"wp","href":"https:\/\/api.w.org\/{rel}","templated":true}]}}