{"id":2784,"date":"2026-04-17T11:01:34","date_gmt":"2026-04-17T11:01:34","guid":{"rendered":"https:\/\/dostudni.com\/index.php\/produkt\/schmith-szczotka-pedzelkowa-z-trzepieniem-fi-6-drut-fal-17-sszp-01\/"},"modified":"2026-04-21T13:15:00","modified_gmt":"2026-04-21T13:15:00","slug":"schmith-szczotka-pedzelkowa-z-trzepieniem-fi-6-drut-fal-17-sszp-01","status":"publish","type":"product","link":"https:\/\/dostudni.com\/index.php\/produkt\/schmith-szczotka-pedzelkowa-z-trzepieniem-fi-6-drut-fal-17-sszp-01\/","title":{"rendered":"Schmith Szczotka p\u0119dzelkowa z trzepieniem fi 6 drut FAL 17 SSZP-01"},"content":{"rendered":"<p>Schmith Szczotka p\u0119dzelkowa z trzpieniem fi 6 drut FAL 17 SSZP-01<\/p>\n<p>Szczotka p\u0119dzelkowa przeznaczona do pracy z elektronarz\u0119dziami, wyposa\u017cona w trzpie\u0144 fi 6 mm umo\u017cliwiaj\u0105cy monta\u017c w wiertarkach oraz szlifierkach prostych. Wykonana z falowanego drutu stalowego, zapewnia skuteczne czyszczenie powierzchni metalowych.<\/p>\n<p>Przeznaczona do usuwania rdzy, farby, zendry oraz oczyszczania spaw\u00f3w i powierzchni roboczych.<\/p>\n<p>Najwa\u017cniejsze cechy:<\/p>\n<p>* \u015brednica: 17 mm<br \/>\n* mocowanie: trzpie\u0144 fi 6 mm<br \/>\n* drut: falowany (FAL 17)<br \/>\n* wysoka trwa\u0142o\u015b\u0107 i odporno\u015b\u0107 na obroty<br \/>\n* precyzyjna praca w trudno dost\u0119pnych miejscach<\/p>\n<p>Zastosowanie:<\/p>\n<p>* usuwanie rdzy i korozji<br \/>\n* czyszczenie powierzchni metalowych<br \/>\n* przygotowanie element\u00f3w do dalszej obr\u00f3bki<br \/>\n* prace warsztatowe i serwisowe<\/p>\n<p>Dane techniczne:<\/p>\n<p>* model: SSZP-01<br \/>\n* EAN: 5902004704975<br \/>\n* producent: Schmith<\/p>\n","protected":false},"excerpt":{"rendered":"<p>Schmith Szczotka p\u0119dzelkowa z trzpieniem fi 6 drut FAL 17 SSZP-01 Szczotka p\u0119dzelkowa przeznaczona do pracy z elektronarz\u0119dziami, wyposa\u017cona w trzpie\u0144 fi 6 mm umo\u017cliwiaj\u0105cy monta\u017c w wiertarkach oraz szlifierkach prostych. Wykonana z falowanego drutu stalowego, zapewnia skuteczne czyszczenie powierzchni metalowych. Przeznaczona do usuwania rdzy, farby, zendry oraz oczyszczania spaw\u00f3w i powierzchni roboczych. Najwa\u017cniejsze cechy: [&hellip;]<\/p>\n","protected":false},"featured_media":3560,"comment_status":"open","ping_status":"closed","template":"","meta":[],"dostudni_label":[],"product_brand":[302],"product_cat":[296],"product_tag":[],"class_list":{"0":"post-2784","1":"product","2":"type-product","3":"status-publish","4":"has-post-thumbnail","6":"product_brand-schmith","7":"product_cat-narzedzia","8":"product_shipping_class-male","10":"first","11":"instock","12":"taxable","13":"shipping-taxable","14":"purchasable","15":"product-type-simple"},"_links":{"self":[{"href":"https:\/\/dostudni.com\/index.php\/wp-json\/wp\/v2\/product\/2784","targetHints":{"allow":["GET"]}}],"collection":[{"href":"https:\/\/dostudni.com\/index.php\/wp-json\/wp\/v2\/product"}],"about":[{"href":"https:\/\/dostudni.com\/index.php\/wp-json\/wp\/v2\/types\/product"}],"replies":[{"embeddable":true,"href":"https:\/\/dostudni.com\/index.php\/wp-json\/wp\/v2\/comments?post=2784"}],"wp:featuredmedia":[{"embeddable":true,"href":"https:\/\/dostudni.com\/index.php\/wp-json\/wp\/v2\/media\/3560"}],"wp:attachment":[{"href":"https:\/\/dostudni.com\/index.php\/wp-json\/wp\/v2\/media?parent=2784"}],"wp:term":[{"taxonomy":"dostudni_label","embeddable":true,"href":"https:\/\/dostudni.com\/index.php\/wp-json\/wp\/v2\/dostudni_label?post=2784"},{"taxonomy":"product_brand","embeddable":true,"href":"https:\/\/dostudni.com\/index.php\/wp-json\/wp\/v2\/product_brand?post=2784"},{"taxonomy":"product_cat","embeddable":true,"href":"https:\/\/dostudni.com\/index.php\/wp-json\/wp\/v2\/product_cat?post=2784"},{"taxonomy":"product_tag","embeddable":true,"href":"https:\/\/dostudni.com\/index.php\/wp-json\/wp\/v2\/product_tag?post=2784"}],"curies":[{"name":"wp","href":"https:\/\/api.w.org\/{rel}","templated":true}]}}