{"id":2906,"date":"2026-04-17T11:03:29","date_gmt":"2026-04-17T11:03:29","guid":{"rendered":"https:\/\/dostudni.com\/index.php\/produkt\/schmith-szczypce-nastawne-do-rur-300-svn-r-300\/"},"modified":"2026-04-21T10:33:59","modified_gmt":"2026-04-21T10:33:59","slug":"schmith-szczypce-nastawne-do-rur-300-svn-r-300","status":"publish","type":"product","link":"https:\/\/dostudni.com\/index.php\/produkt\/schmith-szczypce-nastawne-do-rur-300-svn-r-300\/","title":{"rendered":"Schmith Szczypce nastawne do rur 300 SVN-R-300"},"content":{"rendered":"<p>SCHMITH SZCZYPCE NASTAWNE DO RUR 300 MM SVN-R-300<\/p>\n<p>Przedmiotem sprzeda\u017cy s\u0105 profesjonalne szczypce nastawne do rur marki Schmith o d\u0142ugo\u015bci 300 mm, przeznaczone do prac hydraulicznych i monta\u017cowych.<\/p>\n<p>Opis:<br \/>\nSzczypce zosta\u0142y zaprojektowane do pewnego chwytania i odkr\u0119cania rur oraz element\u00f3w o r\u00f3\u017cnych \u015brednicach. Mechanizm nastawny umo\u017cliwia szybkie i wygodne dopasowanie rozwarcia szcz\u0119k, co u\u0142atwia prac\u0119 w trudnodost\u0119pnych miejscach. Solidna konstrukcja zapewnia wysok\u0105 trwa\u0142o\u015b\u0107 i odporno\u015b\u0107 na intensywne u\u017cytkowanie.<\/p>\n<p>Specyfikacja:<\/p>\n<p>* marka: Schmith<br \/>\n* model: SVN-R-300<br \/>\n* typ: szczypce nastawne do rur<br \/>\n* d\u0142ugo\u015b\u0107: 300 mm<br \/>\n* materia\u0142: stal wysokiej jako\u015bci<\/p>\n<p>Zastosowanie:<\/p>\n<p>* prace hydrauliczne<br \/>\n* instalacje wodno-kanalizacyjne<br \/>\n* warsztaty mechaniczne<br \/>\n* zastosowania profesjonalne i p\u00f3\u0142profesjonalne<\/p>\n<p>Stan produktu:<br \/>\nProdukt nowy, fabrycznie nieu\u017cywany.<\/p>\n<p>Dodatkowe informacje:<\/p>\n<p>* regulowane szcz\u0119ki do r\u00f3\u017cnych \u015brednic rur<br \/>\n* wysoka wytrzyma\u0142o\u015b\u0107 i trwa\u0142o\u015b\u0107<br \/>\n* ergonomiczny uchwyt zapewniaj\u0105cy pewny chwyt<\/p>\n<p>Zapraszam do zakupu.<\/p>\n","protected":false},"excerpt":{"rendered":"<p>SCHMITH SZCZYPCE NASTAWNE DO RUR 300 MM SVN-R-300 Przedmiotem sprzeda\u017cy s\u0105 profesjonalne szczypce nastawne do rur marki Schmith o d\u0142ugo\u015bci 300 mm, przeznaczone do prac hydraulicznych i monta\u017cowych. Opis: Szczypce zosta\u0142y zaprojektowane do pewnego chwytania i odkr\u0119cania rur oraz element\u00f3w o r\u00f3\u017cnych \u015brednicach. Mechanizm nastawny umo\u017cliwia szybkie i wygodne dopasowanie rozwarcia szcz\u0119k, co u\u0142atwia prac\u0119 [&hellip;]<\/p>\n","protected":false},"featured_media":2904,"comment_status":"open","ping_status":"closed","template":"","meta":[],"dostudni_label":[],"product_brand":[302],"product_cat":[296],"product_tag":[],"class_list":{"0":"post-2906","1":"product","2":"type-product","3":"status-publish","4":"has-post-thumbnail","6":"product_brand-schmith","7":"product_cat-narzedzia","8":"product_shipping_class-male","10":"first","11":"instock","12":"taxable","13":"shipping-taxable","14":"purchasable","15":"product-type-simple"},"_links":{"self":[{"href":"https:\/\/dostudni.com\/index.php\/wp-json\/wp\/v2\/product\/2906","targetHints":{"allow":["GET"]}}],"collection":[{"href":"https:\/\/dostudni.com\/index.php\/wp-json\/wp\/v2\/product"}],"about":[{"href":"https:\/\/dostudni.com\/index.php\/wp-json\/wp\/v2\/types\/product"}],"replies":[{"embeddable":true,"href":"https:\/\/dostudni.com\/index.php\/wp-json\/wp\/v2\/comments?post=2906"}],"wp:featuredmedia":[{"embeddable":true,"href":"https:\/\/dostudni.com\/index.php\/wp-json\/wp\/v2\/media\/2904"}],"wp:attachment":[{"href":"https:\/\/dostudni.com\/index.php\/wp-json\/wp\/v2\/media?parent=2906"}],"wp:term":[{"taxonomy":"dostudni_label","embeddable":true,"href":"https:\/\/dostudni.com\/index.php\/wp-json\/wp\/v2\/dostudni_label?post=2906"},{"taxonomy":"product_brand","embeddable":true,"href":"https:\/\/dostudni.com\/index.php\/wp-json\/wp\/v2\/product_brand?post=2906"},{"taxonomy":"product_cat","embeddable":true,"href":"https:\/\/dostudni.com\/index.php\/wp-json\/wp\/v2\/product_cat?post=2906"},{"taxonomy":"product_tag","embeddable":true,"href":"https:\/\/dostudni.com\/index.php\/wp-json\/wp\/v2\/product_tag?post=2906"}],"curies":[{"name":"wp","href":"https:\/\/api.w.org\/{rel}","templated":true}]}}