{"id":2935,"date":"2026-04-17T11:03:51","date_gmt":"2026-04-17T11:03:51","guid":{"rendered":"https:\/\/dostudni.com\/index.php\/produkt\/schmith-pedzel-okragly-50mm-sch07m05023\/"},"modified":"2026-04-20T09:59:21","modified_gmt":"2026-04-20T09:59:21","slug":"schmith-pedzel-okragly-50mm-sch07m05023","status":"publish","type":"product","link":"https:\/\/dostudni.com\/index.php\/produkt\/schmith-pedzel-okragly-50mm-sch07m05023\/","title":{"rendered":"Schmith P\u0119dzel okr\u0105g\u0142y 50mm SCH07M05023"},"content":{"rendered":"<p>SCHMITH P\u0118DZEL OKR\u0104G\u0141Y 50MM SCH07M05023<\/p>\n<p>Przedmiotem sprzeda\u017cy jest p\u0119dzel okr\u0105g\u0142y marki Schmith o \u015brednicy 50 mm, model SCH07M05023, przeznaczony do prac malarskich i wyko\u0144czeniowych.<\/p>\n<p>Opis:<br \/>\nP\u0119dzel zosta\u0142 zaprojektowany do nak\u0142adania farb, lakier\u00f3w oraz innych pow\u0142ok malarskich. Okr\u0105g\u0142a konstrukcja u\u0142atwia precyzyjne malowanie trudno dost\u0119pnych miejsc oraz element\u00f3w o nieregularnych kszta\u0142tach. Wysokiej jako\u015bci w\u0142osie zapewnia r\u00f3wnomierne rozprowadzanie materia\u0142u.<\/p>\n<p>Specyfikacja:<\/p>\n<p>* marka: Schmith<br \/>\n* model: SCH07M05023<br \/>\n* typ: p\u0119dzel okr\u0105g\u0142y<br \/>\n* \u015brednica: 50 mm<br \/>\n* materia\u0142: w\u0142osie syntetyczne \/ naturalne (w zale\u017cno\u015bci od wersji)<\/p>\n<p>Zastosowanie:<\/p>\n<p>* prace malarskie i wyko\u0144czeniowe<br \/>\n* malowanie detali i trudno dost\u0119pnych miejsc<br \/>\n* prace remontowe<br \/>\n* zastosowania domowe i profesjonalne<\/p>\n<p>Stan produktu:<br \/>\nProdukt nowy, fabrycznie nieu\u017cywany.<\/p>\n<p>Dodatkowe informacje:<\/p>\n<p>* r\u00f3wnomierne rozprowadzanie farby<br \/>\n* wygodny uchwyt<br \/>\n* trwa\u0142a konstrukcja<\/p>\n<p>Zapraszam do zakupu.<\/p>\n","protected":false},"excerpt":{"rendered":"<p>SCHMITH P\u0118DZEL OKR\u0104G\u0141Y 50MM SCH07M05023 Przedmiotem sprzeda\u017cy jest p\u0119dzel okr\u0105g\u0142y marki Schmith o \u015brednicy 50 mm, model SCH07M05023, przeznaczony do prac malarskich i wyko\u0144czeniowych. Opis: P\u0119dzel zosta\u0142 zaprojektowany do nak\u0142adania farb, lakier\u00f3w oraz innych pow\u0142ok malarskich. Okr\u0105g\u0142a konstrukcja u\u0142atwia precyzyjne malowanie trudno dost\u0119pnych miejsc oraz element\u00f3w o nieregularnych kszta\u0142tach. Wysokiej jako\u015bci w\u0142osie zapewnia r\u00f3wnomierne rozprowadzanie [&hellip;]<\/p>\n","protected":false},"featured_media":2934,"comment_status":"open","ping_status":"closed","template":"","meta":[],"dostudni_label":[],"product_brand":[302],"product_cat":[296],"product_tag":[],"class_list":{"0":"post-2935","1":"product","2":"type-product","3":"status-publish","4":"has-post-thumbnail","6":"product_brand-schmith","7":"product_cat-narzedzia","8":"product_shipping_class-male","10":"first","11":"instock","12":"taxable","13":"shipping-taxable","14":"purchasable","15":"product-type-simple"},"_links":{"self":[{"href":"https:\/\/dostudni.com\/index.php\/wp-json\/wp\/v2\/product\/2935","targetHints":{"allow":["GET"]}}],"collection":[{"href":"https:\/\/dostudni.com\/index.php\/wp-json\/wp\/v2\/product"}],"about":[{"href":"https:\/\/dostudni.com\/index.php\/wp-json\/wp\/v2\/types\/product"}],"replies":[{"embeddable":true,"href":"https:\/\/dostudni.com\/index.php\/wp-json\/wp\/v2\/comments?post=2935"}],"wp:featuredmedia":[{"embeddable":true,"href":"https:\/\/dostudni.com\/index.php\/wp-json\/wp\/v2\/media\/2934"}],"wp:attachment":[{"href":"https:\/\/dostudni.com\/index.php\/wp-json\/wp\/v2\/media?parent=2935"}],"wp:term":[{"taxonomy":"dostudni_label","embeddable":true,"href":"https:\/\/dostudni.com\/index.php\/wp-json\/wp\/v2\/dostudni_label?post=2935"},{"taxonomy":"product_brand","embeddable":true,"href":"https:\/\/dostudni.com\/index.php\/wp-json\/wp\/v2\/product_brand?post=2935"},{"taxonomy":"product_cat","embeddable":true,"href":"https:\/\/dostudni.com\/index.php\/wp-json\/wp\/v2\/product_cat?post=2935"},{"taxonomy":"product_tag","embeddable":true,"href":"https:\/\/dostudni.com\/index.php\/wp-json\/wp\/v2\/product_tag?post=2935"}],"curies":[{"name":"wp","href":"https:\/\/api.w.org\/{rel}","templated":true}]}}