{"id":2967,"date":"2026-04-17T11:04:13","date_gmt":"2026-04-17T11:04:13","guid":{"rendered":"https:\/\/dostudni.com\/index.php\/produkt\/schmith-szlifierka-katowa-125mm-720w-sch03p03001\/"},"modified":"2026-04-20T10:07:32","modified_gmt":"2026-04-20T10:07:32","slug":"schmith-szlifierka-katowa-125mm-720w-sch03p03001","status":"publish","type":"product","link":"https:\/\/dostudni.com\/index.php\/produkt\/schmith-szlifierka-katowa-125mm-720w-sch03p03001\/","title":{"rendered":"Schmith Szlifierka k\u0105towa 125mm 720W SCH03P03001"},"content":{"rendered":"<p>SCHMITH SZLIFIERKA K\u0104TOWA 125MM 720W SCH03P03001<\/p>\n<p>Przedmiotem sprzeda\u017cy jest szlifierka k\u0105towa marki Schmith o \u015brednicy tarczy 125 mm i mocy 720W, model SCH03P03001, przeznaczona do prac warsztatowych i budowlanych.<\/p>\n<p>Opis:<br \/>\nSzlifierka k\u0105towa zosta\u0142a zaprojektowana do ci\u0119cia, szlifowania oraz obr\u00f3bki r\u00f3\u017cnego rodzaju materia\u0142\u00f3w, takich jak metal, beton czy kamie\u0144 (przy zastosowaniu odpowiednich tarcz). Kompaktowa konstrukcja oraz ergonomiczna r\u0119koje\u015b\u0107 zapewniaj\u0105 wygodn\u0105 i pewn\u0105 prac\u0119 nawet w trudno dost\u0119pnych miejscach.<\/p>\n<p>Specyfikacja:<\/p>\n<p>* marka: Schmith<br \/>\n* model: SCH03P03001<br \/>\n* typ: szlifierka k\u0105towa<br \/>\n* \u015brednica tarczy: 125 mm<br \/>\n* moc: 720W<br \/>\n* zastosowanie: ci\u0119cie i szlifowanie<\/p>\n<p>Zastosowanie:<\/p>\n<p>* prace budowlane i remontowe<br \/>\n* obr\u00f3bka metalu<br \/>\n* ci\u0119cie element\u00f3w stalowych<br \/>\n* prace warsztatowe i monta\u017cowe<\/p>\n<p>Stan produktu:<br \/>\nProdukt nowy, fabrycznie nieu\u017cywany.<\/p>\n<p>Dodatkowe informacje:<\/p>\n<p>* ergonomiczna konstrukcja<br \/>\n* uniwersalne zastosowanie<br \/>\n* przeznaczona do prac domowych i p\u00f3\u0142profesjonalnych<\/p>\n<p>Zapraszam do zakupu.<\/p>\n","protected":false},"excerpt":{"rendered":"<p>SCHMITH SZLIFIERKA K\u0104TOWA 125MM 720W SCH03P03001 Przedmiotem sprzeda\u017cy jest szlifierka k\u0105towa marki Schmith o \u015brednicy tarczy 125 mm i mocy 720W, model SCH03P03001, przeznaczona do prac warsztatowych i budowlanych. Opis: Szlifierka k\u0105towa zosta\u0142a zaprojektowana do ci\u0119cia, szlifowania oraz obr\u00f3bki r\u00f3\u017cnego rodzaju materia\u0142\u00f3w, takich jak metal, beton czy kamie\u0144 (przy zastosowaniu odpowiednich tarcz). Kompaktowa konstrukcja oraz [&hellip;]<\/p>\n","protected":false},"featured_media":2959,"comment_status":"open","ping_status":"closed","template":"","meta":[],"dostudni_label":[],"product_brand":[302],"product_cat":[296],"product_tag":[],"class_list":{"0":"post-2967","1":"product","2":"type-product","3":"status-publish","4":"has-post-thumbnail","6":"product_brand-schmith","7":"product_cat-narzedzia","8":"product_shipping_class-srednie-paczki","10":"first","11":"instock","12":"taxable","13":"shipping-taxable","14":"purchasable","15":"product-type-simple"},"_links":{"self":[{"href":"https:\/\/dostudni.com\/index.php\/wp-json\/wp\/v2\/product\/2967","targetHints":{"allow":["GET"]}}],"collection":[{"href":"https:\/\/dostudni.com\/index.php\/wp-json\/wp\/v2\/product"}],"about":[{"href":"https:\/\/dostudni.com\/index.php\/wp-json\/wp\/v2\/types\/product"}],"replies":[{"embeddable":true,"href":"https:\/\/dostudni.com\/index.php\/wp-json\/wp\/v2\/comments?post=2967"}],"wp:featuredmedia":[{"embeddable":true,"href":"https:\/\/dostudni.com\/index.php\/wp-json\/wp\/v2\/media\/2959"}],"wp:attachment":[{"href":"https:\/\/dostudni.com\/index.php\/wp-json\/wp\/v2\/media?parent=2967"}],"wp:term":[{"taxonomy":"dostudni_label","embeddable":true,"href":"https:\/\/dostudni.com\/index.php\/wp-json\/wp\/v2\/dostudni_label?post=2967"},{"taxonomy":"product_brand","embeddable":true,"href":"https:\/\/dostudni.com\/index.php\/wp-json\/wp\/v2\/product_brand?post=2967"},{"taxonomy":"product_cat","embeddable":true,"href":"https:\/\/dostudni.com\/index.php\/wp-json\/wp\/v2\/product_cat?post=2967"},{"taxonomy":"product_tag","embeddable":true,"href":"https:\/\/dostudni.com\/index.php\/wp-json\/wp\/v2\/product_tag?post=2967"}],"curies":[{"name":"wp","href":"https:\/\/api.w.org\/{rel}","templated":true}]}}