{"id":2973,"date":"2026-04-17T11:04:19","date_gmt":"2026-04-17T11:04:19","guid":{"rendered":"https:\/\/dostudni.com\/index.php\/produkt\/schmith-zestaw-wkretakow-12-szt-sch01s03012\/"},"modified":"2026-04-20T09:59:20","modified_gmt":"2026-04-20T09:59:20","slug":"schmith-zestaw-wkretakow-12-szt-sch01s03012","status":"publish","type":"product","link":"https:\/\/dostudni.com\/index.php\/produkt\/schmith-zestaw-wkretakow-12-szt-sch01s03012\/","title":{"rendered":"Schmith Zestaw wkr\u0119tak\u00f3w 12 szt. SCH01S03012"},"content":{"rendered":"<p>SCHMITH ZESTAW WKR\u0118TAK\u00d3W 12 SZT. SCH01S03012<\/p>\n<p>Przedmiotem sprzeda\u017cy jest zestaw wkr\u0119tak\u00f3w marki Schmith, sk\u0142adaj\u0105cy si\u0119 z 12 element\u00f3w, model SCH01S03012, przeznaczony do prac monta\u017cowych i serwisowych.<\/p>\n<p>Opis:<br \/>\nZestaw wkr\u0119tak\u00f3w zosta\u0142 zaprojektowany do szerokiego zakresu prac technicznych i monta\u017cowych. Ergonomiczne r\u0119koje\u015bci zapewniaj\u0105 wygodny chwyt oraz komfort pracy, a solidne groty gwarantuj\u0105 trwa\u0142o\u015b\u0107 i precyzyjne dopasowanie do r\u00f3\u017cnych typ\u00f3w \u015brub. Komplet sprawdzi si\u0119 zar\u00f3wno w warsztacie, jak i w zastosowaniach domowych.<\/p>\n<p>Specyfikacja:<\/p>\n<p>* marka: Schmith<br \/>\n* model: SCH01S03012<br \/>\n* typ: zestaw wkr\u0119tak\u00f3w<br \/>\n* ilo\u015b\u0107 element\u00f3w: 12 szt.<br \/>\n* zastosowanie: prace monta\u017cowe i serwisowe<\/p>\n<p>Zastosowanie:<\/p>\n<p>* prace warsztatowe i techniczne<br \/>\n* monta\u017c i demonta\u017c element\u00f3w<br \/>\n* prace serwisowe i naprawcze<br \/>\n* zastosowania domowe i profesjonalne<\/p>\n<p>Stan produktu:<br \/>\nProdukt nowy, fabrycznie nieu\u017cywany.<\/p>\n<p>Dodatkowe informacje:<\/p>\n<p>* ergonomiczne uchwyty<br \/>\n* trwa\u0142e groty<br \/>\n* uniwersalne zastosowanie<\/p>\n<p>Zapraszam do zakupu.<\/p>\n","protected":false},"excerpt":{"rendered":"<p>SCHMITH ZESTAW WKR\u0118TAK\u00d3W 12 SZT. SCH01S03012 Przedmiotem sprzeda\u017cy jest zestaw wkr\u0119tak\u00f3w marki Schmith, sk\u0142adaj\u0105cy si\u0119 z 12 element\u00f3w, model SCH01S03012, przeznaczony do prac monta\u017cowych i serwisowych. Opis: Zestaw wkr\u0119tak\u00f3w zosta\u0142 zaprojektowany do szerokiego zakresu prac technicznych i monta\u017cowych. Ergonomiczne r\u0119koje\u015bci zapewniaj\u0105 wygodny chwyt oraz komfort pracy, a solidne groty gwarantuj\u0105 trwa\u0142o\u015b\u0107 i precyzyjne dopasowanie do [&hellip;]<\/p>\n","protected":false},"featured_media":2971,"comment_status":"open","ping_status":"closed","template":"","meta":[],"dostudni_label":[],"product_brand":[302],"product_cat":[296],"product_tag":[],"class_list":{"0":"post-2973","1":"product","2":"type-product","3":"status-publish","4":"has-post-thumbnail","6":"product_brand-schmith","7":"product_cat-narzedzia","8":"product_shipping_class-male","10":"first","11":"instock","12":"taxable","13":"shipping-taxable","14":"purchasable","15":"product-type-simple"},"_links":{"self":[{"href":"https:\/\/dostudni.com\/index.php\/wp-json\/wp\/v2\/product\/2973","targetHints":{"allow":["GET"]}}],"collection":[{"href":"https:\/\/dostudni.com\/index.php\/wp-json\/wp\/v2\/product"}],"about":[{"href":"https:\/\/dostudni.com\/index.php\/wp-json\/wp\/v2\/types\/product"}],"replies":[{"embeddable":true,"href":"https:\/\/dostudni.com\/index.php\/wp-json\/wp\/v2\/comments?post=2973"}],"wp:featuredmedia":[{"embeddable":true,"href":"https:\/\/dostudni.com\/index.php\/wp-json\/wp\/v2\/media\/2971"}],"wp:attachment":[{"href":"https:\/\/dostudni.com\/index.php\/wp-json\/wp\/v2\/media?parent=2973"}],"wp:term":[{"taxonomy":"dostudni_label","embeddable":true,"href":"https:\/\/dostudni.com\/index.php\/wp-json\/wp\/v2\/dostudni_label?post=2973"},{"taxonomy":"product_brand","embeddable":true,"href":"https:\/\/dostudni.com\/index.php\/wp-json\/wp\/v2\/product_brand?post=2973"},{"taxonomy":"product_cat","embeddable":true,"href":"https:\/\/dostudni.com\/index.php\/wp-json\/wp\/v2\/product_cat?post=2973"},{"taxonomy":"product_tag","embeddable":true,"href":"https:\/\/dostudni.com\/index.php\/wp-json\/wp\/v2\/product_tag?post=2973"}],"curies":[{"name":"wp","href":"https:\/\/api.w.org\/{rel}","templated":true}]}}