{"id":2976,"date":"2026-04-17T11:04:22","date_gmt":"2026-04-17T11:04:22","guid":{"rendered":"https:\/\/dostudni.com\/index.php\/produkt\/schmith-zestaw-wkretakow-z-grzechotka-38-szt-sch01s03038\/"},"modified":"2026-04-20T10:07:32","modified_gmt":"2026-04-20T10:07:32","slug":"schmith-zestaw-wkretakow-z-grzechotka-38-szt-sch01s03038","status":"publish","type":"product","link":"https:\/\/dostudni.com\/index.php\/produkt\/schmith-zestaw-wkretakow-z-grzechotka-38-szt-sch01s03038\/","title":{"rendered":"Schmith Zestaw wkr\u0119tak\u00f3w z grzechotk\u0105 38 szt. SCH01S03038"},"content":{"rendered":"<p>SCHMITH ZESTAW WKR\u0118TAK\u00d3W Z GRZECHOTK\u0104 38 SZT. SCH01S03038<\/p>\n<p>Przedmiotem sprzeda\u017cy jest zestaw wkr\u0119tak\u00f3w z grzechotk\u0105 marki Schmith, sk\u0142adaj\u0105cy si\u0119 z 38 element\u00f3w, model SCH01S03038, przeznaczony do prac monta\u017cowych, serwisowych i warsztatowych.<\/p>\n<p>Opis:<br \/>\nZestaw zosta\u0142 zaprojektowany do szerokiego zakresu prac technicznych, umo\u017cliwiaj\u0105c wygodne dokr\u0119canie i odkr\u0119canie \u015brub dzi\u0119ki mechanizmowi grzechotkowemu. Ergonomiczny uchwyt zapewnia komfort pracy, a bogaty komplet bit\u00f3w pozwala na dopasowanie do r\u00f3\u017cnych typ\u00f3w i rozmiar\u00f3w mocowa\u0144. Ca\u0142o\u015b\u0107 sprawdzi si\u0119 zar\u00f3wno w warsztacie, jak i w zastosowaniach domowych.<\/p>\n<p>Specyfikacja:<\/p>\n<p>* marka: Schmith<br \/>\n* model: SCH01S03038<br \/>\n* typ: zestaw wkr\u0119tak\u00f3w z grzechotk\u0105<br \/>\n* ilo\u015b\u0107 element\u00f3w: 38 szt.<br \/>\n* mechanizm: grzechotkowy<br \/>\n* zastosowanie: prace monta\u017cowe i serwisowe<\/p>\n<p>Zastosowanie:<\/p>\n<p>* prace warsztatowe i techniczne<br \/>\n* monta\u017c i demonta\u017c element\u00f3w<br \/>\n* serwis i naprawy<br \/>\n* zastosowania domowe i profesjonalne<\/p>\n<p>Stan produktu:<br \/>\nProdukt nowy, fabrycznie nieu\u017cywany.<\/p>\n<p>Dodatkowe informacje:<\/p>\n<p>* wygodna praca dzi\u0119ki grzechotce<br \/>\n* szeroki zestaw ko\u0144c\u00f3wek<br \/>\n* ergonomiczny uchwyt<br \/>\n* uniwersalne zastosowanie<\/p>\n<p>Zapraszam do zakupu.<\/p>\n","protected":false},"excerpt":{"rendered":"<p>SCHMITH ZESTAW WKR\u0118TAK\u00d3W Z GRZECHOTK\u0104 38 SZT. SCH01S03038 Przedmiotem sprzeda\u017cy jest zestaw wkr\u0119tak\u00f3w z grzechotk\u0105 marki Schmith, sk\u0142adaj\u0105cy si\u0119 z 38 element\u00f3w, model SCH01S03038, przeznaczony do prac monta\u017cowych, serwisowych i warsztatowych. Opis: Zestaw zosta\u0142 zaprojektowany do szerokiego zakresu prac technicznych, umo\u017cliwiaj\u0105c wygodne dokr\u0119canie i odkr\u0119canie \u015brub dzi\u0119ki mechanizmowi grzechotkowemu. Ergonomiczny uchwyt zapewnia komfort pracy, a [&hellip;]<\/p>\n","protected":false},"featured_media":2974,"comment_status":"open","ping_status":"closed","template":"","meta":[],"dostudni_label":[],"product_brand":[302],"product_cat":[296],"product_tag":[],"class_list":{"0":"post-2976","1":"product","2":"type-product","3":"status-publish","4":"has-post-thumbnail","6":"product_brand-schmith","7":"product_cat-narzedzia","8":"product_shipping_class-srednie-paczki","10":"first","11":"instock","12":"taxable","13":"shipping-taxable","14":"purchasable","15":"product-type-simple"},"_links":{"self":[{"href":"https:\/\/dostudni.com\/index.php\/wp-json\/wp\/v2\/product\/2976","targetHints":{"allow":["GET"]}}],"collection":[{"href":"https:\/\/dostudni.com\/index.php\/wp-json\/wp\/v2\/product"}],"about":[{"href":"https:\/\/dostudni.com\/index.php\/wp-json\/wp\/v2\/types\/product"}],"replies":[{"embeddable":true,"href":"https:\/\/dostudni.com\/index.php\/wp-json\/wp\/v2\/comments?post=2976"}],"wp:featuredmedia":[{"embeddable":true,"href":"https:\/\/dostudni.com\/index.php\/wp-json\/wp\/v2\/media\/2974"}],"wp:attachment":[{"href":"https:\/\/dostudni.com\/index.php\/wp-json\/wp\/v2\/media?parent=2976"}],"wp:term":[{"taxonomy":"dostudni_label","embeddable":true,"href":"https:\/\/dostudni.com\/index.php\/wp-json\/wp\/v2\/dostudni_label?post=2976"},{"taxonomy":"product_brand","embeddable":true,"href":"https:\/\/dostudni.com\/index.php\/wp-json\/wp\/v2\/product_brand?post=2976"},{"taxonomy":"product_cat","embeddable":true,"href":"https:\/\/dostudni.com\/index.php\/wp-json\/wp\/v2\/product_cat?post=2976"},{"taxonomy":"product_tag","embeddable":true,"href":"https:\/\/dostudni.com\/index.php\/wp-json\/wp\/v2\/product_tag?post=2976"}],"curies":[{"name":"wp","href":"https:\/\/api.w.org\/{rel}","templated":true}]}}