{"id":2984,"date":"2026-04-17T11:04:30","date_gmt":"2026-04-17T11:04:30","guid":{"rendered":"https:\/\/dostudni.com\/index.php\/produkt\/schmith-zestaw-wkretakow-114-szt-sch01s03114\/"},"modified":"2026-04-20T10:07:32","modified_gmt":"2026-04-20T10:07:32","slug":"schmith-zestaw-wkretakow-114-szt-sch01s03114","status":"publish","type":"product","link":"https:\/\/dostudni.com\/index.php\/produkt\/schmith-zestaw-wkretakow-114-szt-sch01s03114\/","title":{"rendered":"Schmith Zestaw wkr\u0119tak\u00f3w 114 szt.  SCH01S03114"},"content":{"rendered":"<p>SCHMITH ZESTAW WKR\u0118TAK\u00d3W 114 SZT. SCH01S03114<\/p>\n<p>Przedmiotem sprzeda\u017cy jest zestaw wkr\u0119tak\u00f3w marki Schmith, sk\u0142adaj\u0105cy si\u0119 ze 114 element\u00f3w, model SCH01S03114, przeznaczony do prac monta\u017cowych, serwisowych oraz warsztatowych.<\/p>\n<p>Opis:<br \/>\nZestaw zosta\u0142 zaprojektowany do szerokiego zakresu zastosowa\u0144 technicznych i monta\u017cowych. Bogaty komplet ko\u0144c\u00f3wek, adapter\u00f3w oraz element\u00f3w roboczych pozwala na dopasowanie narz\u0119dzia do r\u00f3\u017cnych typ\u00f3w \u015brub i po\u0142\u0105cze\u0144. Ergonomiczny uchwyt zapewnia wygod\u0119 pracy, a solidne wykonanie gwarantuje trwa\u0142o\u015b\u0107 oraz niezawodno\u015b\u0107 w codziennym u\u017cytkowaniu.<\/p>\n<p>Specyfikacja:<\/p>\n<p>* marka: Schmith<br \/>\n* model: SCH01S03114<br \/>\n* typ: zestaw wkr\u0119tak\u00f3w<br \/>\n* ilo\u015b\u0107 element\u00f3w: 114 szt.<br \/>\n* zastosowanie: prace monta\u017cowe i serwisowe<\/p>\n<p>Zastosowanie:<\/p>\n<p>* prace warsztatowe i techniczne<br \/>\n* monta\u017c i demonta\u017c element\u00f3w<br \/>\n* serwis i naprawy<br \/>\n* zastosowania domowe i profesjonalne<\/p>\n<p>Stan produktu:<br \/>\nProdukt nowy, fabrycznie nieu\u017cywany.<\/p>\n<p>Dodatkowe informacje:<\/p>\n<p>* bardzo szeroki zestaw narz\u0119dzi<br \/>\n* ergonomiczny uchwyt<br \/>\n* uniwersalne zastosowanie<br \/>\n* wysoka funkcjonalno\u015b\u0107 w wielu typach prac<\/p>\n<p>Zapraszam do zakupu.<\/p>\n","protected":false},"excerpt":{"rendered":"<p>SCHMITH ZESTAW WKR\u0118TAK\u00d3W 114 SZT. SCH01S03114 Przedmiotem sprzeda\u017cy jest zestaw wkr\u0119tak\u00f3w marki Schmith, sk\u0142adaj\u0105cy si\u0119 ze 114 element\u00f3w, model SCH01S03114, przeznaczony do prac monta\u017cowych, serwisowych oraz warsztatowych. Opis: Zestaw zosta\u0142 zaprojektowany do szerokiego zakresu zastosowa\u0144 technicznych i monta\u017cowych. Bogaty komplet ko\u0144c\u00f3wek, adapter\u00f3w oraz element\u00f3w roboczych pozwala na dopasowanie narz\u0119dzia do r\u00f3\u017cnych typ\u00f3w \u015brub i po\u0142\u0105cze\u0144. [&hellip;]<\/p>\n","protected":false},"featured_media":2981,"comment_status":"open","ping_status":"closed","template":"","meta":[],"dostudni_label":[],"product_brand":[302],"product_cat":[296],"product_tag":[],"class_list":{"0":"post-2984","1":"product","2":"type-product","3":"status-publish","4":"has-post-thumbnail","6":"product_brand-schmith","7":"product_cat-narzedzia","8":"product_shipping_class-srednie-paczki","10":"first","11":"instock","12":"taxable","13":"shipping-taxable","14":"purchasable","15":"product-type-simple"},"_links":{"self":[{"href":"https:\/\/dostudni.com\/index.php\/wp-json\/wp\/v2\/product\/2984","targetHints":{"allow":["GET"]}}],"collection":[{"href":"https:\/\/dostudni.com\/index.php\/wp-json\/wp\/v2\/product"}],"about":[{"href":"https:\/\/dostudni.com\/index.php\/wp-json\/wp\/v2\/types\/product"}],"replies":[{"embeddable":true,"href":"https:\/\/dostudni.com\/index.php\/wp-json\/wp\/v2\/comments?post=2984"}],"wp:featuredmedia":[{"embeddable":true,"href":"https:\/\/dostudni.com\/index.php\/wp-json\/wp\/v2\/media\/2981"}],"wp:attachment":[{"href":"https:\/\/dostudni.com\/index.php\/wp-json\/wp\/v2\/media?parent=2984"}],"wp:term":[{"taxonomy":"dostudni_label","embeddable":true,"href":"https:\/\/dostudni.com\/index.php\/wp-json\/wp\/v2\/dostudni_label?post=2984"},{"taxonomy":"product_brand","embeddable":true,"href":"https:\/\/dostudni.com\/index.php\/wp-json\/wp\/v2\/product_brand?post=2984"},{"taxonomy":"product_cat","embeddable":true,"href":"https:\/\/dostudni.com\/index.php\/wp-json\/wp\/v2\/product_cat?post=2984"},{"taxonomy":"product_tag","embeddable":true,"href":"https:\/\/dostudni.com\/index.php\/wp-json\/wp\/v2\/product_tag?post=2984"}],"curies":[{"name":"wp","href":"https:\/\/api.w.org\/{rel}","templated":true}]}}