{"id":2997,"date":"2026-04-17T11:04:35","date_gmt":"2026-04-17T11:04:35","guid":{"rendered":"https:\/\/dostudni.com\/index.php\/produkt\/schmith-zestaw-otwornic-diamentowych-z-uchwytem-hex-7-szt-sqod\/"},"modified":"2026-04-20T09:59:19","modified_gmt":"2026-04-20T09:59:19","slug":"schmith-zestaw-otwornic-diamentowych-z-uchwytem-hex-7-szt-sqod","status":"publish","type":"product","link":"https:\/\/dostudni.com\/index.php\/produkt\/schmith-zestaw-otwornic-diamentowych-z-uchwytem-hex-7-szt-sqod\/","title":{"rendered":"Schmith Zestaw otwornic diamentowych z uchwytem HEX 7 szt. SQOD"},"content":{"rendered":"<p>SCHMITH ZESTAW OTWORNIC DIAMENTOWYCH Z UCHWYTEM HEX 7 SZT. SQOD<\/p>\n<p>Przedmiotem sprzeda\u017cy jest zestaw otwornic diamentowych marki Schmith, sk\u0142adaj\u0105cy si\u0119 z 7 element\u00f3w, model SQOD, z uchwytem HEX, przeznaczony do wiercenia w twardych materia\u0142ach.<\/p>\n<p>Opis:<br \/>\nOtwornice diamentowe zosta\u0142y zaprojektowane do precyzyjnego wykonywania otwor\u00f3w w materia\u0142ach takich jak p\u0142ytki ceramiczne, gres, kamie\u0144 czy szk\u0142o. Uchwyt HEX zapewnia stabilne mocowanie w wiertarkach oraz wkr\u0119tarkach, co zwi\u0119ksza komfort i bezpiecze\u0144stwo pracy. Wysokiej jako\u015bci pow\u0142oka diamentowa gwarantuje trwa\u0142o\u015b\u0107 i skuteczno\u015b\u0107 wiercenia.<\/p>\n<p>Specyfikacja:<\/p>\n<p>* marka: Schmith<br \/>\n* model: SQOD<br \/>\n* typ: zestaw otwornic diamentowych<br \/>\n* ilo\u015b\u0107: 7 szt.<br \/>\n* uchwyt: HEX<br \/>\n* zastosowanie: wiercenie w twardych materia\u0142ach<\/p>\n<p>Zastosowanie:<\/p>\n<p>* p\u0142ytki ceramiczne i gres<br \/>\n* szk\u0142o i kamie\u0144<br \/>\n* prace wyko\u0144czeniowe i remontowe<br \/>\n* zastosowania profesjonalne i domowe<\/p>\n<p>Stan produktu:<br \/>\nProdukt nowy, fabrycznie nieu\u017cywany.<\/p>\n<p>Dodatkowe informacje:<\/p>\n<p>* wysoka trwa\u0142o\u015b\u0107 pow\u0142oki diamentowej<br \/>\n* precyzyjne i czyste wiercenie<br \/>\n* stabilne mocowanie HEX<\/p>\n<p>Zapraszam do zakupu.<\/p>\n","protected":false},"excerpt":{"rendered":"<p>SCHMITH ZESTAW OTWORNIC DIAMENTOWYCH Z UCHWYTEM HEX 7 SZT. SQOD Przedmiotem sprzeda\u017cy jest zestaw otwornic diamentowych marki Schmith, sk\u0142adaj\u0105cy si\u0119 z 7 element\u00f3w, model SQOD, z uchwytem HEX, przeznaczony do wiercenia w twardych materia\u0142ach. Opis: Otwornice diamentowe zosta\u0142y zaprojektowane do precyzyjnego wykonywania otwor\u00f3w w materia\u0142ach takich jak p\u0142ytki ceramiczne, gres, kamie\u0144 czy szk\u0142o. Uchwyt HEX [&hellip;]<\/p>\n","protected":false},"featured_media":2985,"comment_status":"open","ping_status":"closed","template":"","meta":[],"dostudni_label":[],"product_brand":[302],"product_cat":[296],"product_tag":[],"class_list":{"0":"post-2997","1":"product","2":"type-product","3":"status-publish","4":"has-post-thumbnail","6":"product_brand-schmith","7":"product_cat-narzedzia","8":"product_shipping_class-male","10":"first","11":"instock","12":"taxable","13":"shipping-taxable","14":"purchasable","15":"product-type-simple"},"_links":{"self":[{"href":"https:\/\/dostudni.com\/index.php\/wp-json\/wp\/v2\/product\/2997","targetHints":{"allow":["GET"]}}],"collection":[{"href":"https:\/\/dostudni.com\/index.php\/wp-json\/wp\/v2\/product"}],"about":[{"href":"https:\/\/dostudni.com\/index.php\/wp-json\/wp\/v2\/types\/product"}],"replies":[{"embeddable":true,"href":"https:\/\/dostudni.com\/index.php\/wp-json\/wp\/v2\/comments?post=2997"}],"wp:featuredmedia":[{"embeddable":true,"href":"https:\/\/dostudni.com\/index.php\/wp-json\/wp\/v2\/media\/2985"}],"wp:attachment":[{"href":"https:\/\/dostudni.com\/index.php\/wp-json\/wp\/v2\/media?parent=2997"}],"wp:term":[{"taxonomy":"dostudni_label","embeddable":true,"href":"https:\/\/dostudni.com\/index.php\/wp-json\/wp\/v2\/dostudni_label?post=2997"},{"taxonomy":"product_brand","embeddable":true,"href":"https:\/\/dostudni.com\/index.php\/wp-json\/wp\/v2\/product_brand?post=2997"},{"taxonomy":"product_cat","embeddable":true,"href":"https:\/\/dostudni.com\/index.php\/wp-json\/wp\/v2\/product_cat?post=2997"},{"taxonomy":"product_tag","embeddable":true,"href":"https:\/\/dostudni.com\/index.php\/wp-json\/wp\/v2\/product_tag?post=2997"}],"curies":[{"name":"wp","href":"https:\/\/api.w.org\/{rel}","templated":true}]}}