{"id":3022,"date":"2026-04-17T11:04:45","date_gmt":"2026-04-17T11:04:45","guid":{"rendered":"https:\/\/dostudni.com\/index.php\/produkt\/schmith-plandeka-90g-12x18gm-sch07t02015\/"},"modified":"2026-04-20T10:01:43","modified_gmt":"2026-04-20T10:01:43","slug":"schmith-plandeka-90g-12x18gm-sch07t02015","status":"publish","type":"product","link":"https:\/\/dostudni.com\/index.php\/produkt\/schmith-plandeka-90g-12x18gm-sch07t02015\/","title":{"rendered":"Schmith Plandeka 90g 12x18gm SCH07T02015"},"content":{"rendered":"<p>SCHMITH PLANDEKA 90G 12&#215;18 M SCH07T02015<\/p>\n<p>Przedmiotem sprzeda\u017cy jest plandeka ochronna marki Schmith o gramaturze 90 g\/m\u00b2 i wymiarach 12 x 18 m, model SCH07T02015.<\/p>\n<p>Opis:<br \/>\nPlandeka zosta\u0142a zaprojektowana do zabezpieczania przedmiot\u00f3w oraz powierzchni przed niekorzystnymi warunkami atmosferycznymi, takimi jak deszcz, kurz czy zabrudzenia. Lekka, a jednocze\u015bnie wytrzyma\u0142a konstrukcja sprawia, \u017ce sprawdzi si\u0119 w wielu zastosowaniach zar\u00f3wno na budowie, jak i w gospodarstwie domowym.<\/p>\n<p>Specyfikacja:<\/p>\n<p>* marka: Schmith<br \/>\n* model: SCH07T02015<br \/>\n* gramatura: 90 g\/m\u00b2<br \/>\n* wymiary: 12 x 18 m<br \/>\n* materia\u0142: tworzywo sztuczne<\/p>\n<p>Zastosowanie:<\/p>\n<p>* zabezpieczanie materia\u0142\u00f3w budowlanych<br \/>\n* ochrona przed deszczem i kurzem<br \/>\n* prace budowlane i remontowe<br \/>\n* zastosowania domowe i ogrodowe<\/p>\n<p>Stan produktu:<br \/>\nProdukt nowy, fabrycznie nieu\u017cywany.<\/p>\n<p>Dodatkowe informacje:<\/p>\n<p>* lekka i \u0142atwa w rozk\u0142adaniu<br \/>\n* odporna na warunki atmosferyczne<br \/>\n* uniwersalne zastosowanie<\/p>\n<p>Zapraszam do zakupu.<\/p>\n","protected":false},"excerpt":{"rendered":"<p>SCHMITH PLANDEKA 90G 12&#215;18 M SCH07T02015 Przedmiotem sprzeda\u017cy jest plandeka ochronna marki Schmith o gramaturze 90 g\/m\u00b2 i wymiarach 12 x 18 m, model SCH07T02015. Opis: Plandeka zosta\u0142a zaprojektowana do zabezpieczania przedmiot\u00f3w oraz powierzchni przed niekorzystnymi warunkami atmosferycznymi, takimi jak deszcz, kurz czy zabrudzenia. Lekka, a jednocze\u015bnie wytrzyma\u0142a konstrukcja sprawia, \u017ce sprawdzi si\u0119 w wielu [&hellip;]<\/p>\n","protected":false},"featured_media":3018,"comment_status":"open","ping_status":"closed","template":"","meta":[],"dostudni_label":[],"product_brand":[302],"product_cat":[24],"product_tag":[],"class_list":{"0":"post-3022","1":"product","2":"type-product","3":"status-publish","4":"has-post-thumbnail","6":"product_brand-schmith","7":"product_cat-akcesoria","8":"product_shipping_class-ciezkie","10":"first","11":"instock","12":"taxable","13":"shipping-taxable","14":"purchasable","15":"product-type-simple"},"_links":{"self":[{"href":"https:\/\/dostudni.com\/index.php\/wp-json\/wp\/v2\/product\/3022","targetHints":{"allow":["GET"]}}],"collection":[{"href":"https:\/\/dostudni.com\/index.php\/wp-json\/wp\/v2\/product"}],"about":[{"href":"https:\/\/dostudni.com\/index.php\/wp-json\/wp\/v2\/types\/product"}],"replies":[{"embeddable":true,"href":"https:\/\/dostudni.com\/index.php\/wp-json\/wp\/v2\/comments?post=3022"}],"wp:featuredmedia":[{"embeddable":true,"href":"https:\/\/dostudni.com\/index.php\/wp-json\/wp\/v2\/media\/3018"}],"wp:attachment":[{"href":"https:\/\/dostudni.com\/index.php\/wp-json\/wp\/v2\/media?parent=3022"}],"wp:term":[{"taxonomy":"dostudni_label","embeddable":true,"href":"https:\/\/dostudni.com\/index.php\/wp-json\/wp\/v2\/dostudni_label?post=3022"},{"taxonomy":"product_brand","embeddable":true,"href":"https:\/\/dostudni.com\/index.php\/wp-json\/wp\/v2\/product_brand?post=3022"},{"taxonomy":"product_cat","embeddable":true,"href":"https:\/\/dostudni.com\/index.php\/wp-json\/wp\/v2\/product_cat?post=3022"},{"taxonomy":"product_tag","embeddable":true,"href":"https:\/\/dostudni.com\/index.php\/wp-json\/wp\/v2\/product_tag?post=3022"}],"curies":[{"name":"wp","href":"https:\/\/api.w.org\/{rel}","templated":true}]}}