{"id":3049,"date":"2026-04-17T11:04:54","date_gmt":"2026-04-17T11:04:54","guid":{"rendered":"https:\/\/dostudni.com\/index.php\/produkt\/schmith-waz-ogrodowy-5-warstw-fi-1-2-50m-sgwo512-50\/"},"modified":"2026-04-20T09:54:07","modified_gmt":"2026-04-20T09:54:07","slug":"schmith-waz-ogrodowy-5-warstw-fi-1-2-50m-sgwo512-50","status":"publish","type":"product","link":"https:\/\/dostudni.com\/index.php\/produkt\/schmith-waz-ogrodowy-5-warstw-fi-1-2-50m-sgwo512-50\/","title":{"rendered":"Schmith W\u0105\u017c ogrodowy 5 warstw fi 1\/2&#8221; 50m SGWO512-50"},"content":{"rendered":"<p>SCHMITH W\u0104\u017b OGRODOWY 5-WARSTWOWY FI 1\/2&#8243; 50M SGWO512-50<\/p>\n<p>Przedmiotem sprzeda\u017cy jest w\u0105\u017c ogrodowy marki Schmith, 5-warstwowy, o \u015brednicy 1\/2&#8243; i d\u0142ugo\u015bci 50 m, model SGWO512-50.<\/p>\n<p>Opis:<br \/>\nW\u0105\u017c ogrodowy zosta\u0142 zaprojektowany do wygodnego podlewania oraz prac ogrodowych. Pi\u0119ciowarstwowa konstrukcja zapewnia zwi\u0119kszon\u0105 odporno\u015b\u0107 na uszkodzenia mechaniczne, skr\u0119canie oraz dzia\u0142anie warunk\u00f3w atmosferycznych. Elastyczna budowa u\u0142atwia u\u017cytkowanie i zwijanie, zapewniaj\u0105c komfort pracy w ogrodzie.<\/p>\n<p>Specyfikacja:<\/p>\n<p>* marka: Schmith<br \/>\n* model: SGWO512-50<br \/>\n* typ: w\u0105\u017c ogrodowy<br \/>\n* konstrukcja: 5-warstwowa<br \/>\n* \u015brednica: 1\/2&#8243;<br \/>\n* d\u0142ugo\u015b\u0107: 50 m<br \/>\n* materia\u0142: wysokiej jako\u015bci tworzywo<\/p>\n<p>Zastosowanie:<\/p>\n<p>* podlewanie ogrodu<br \/>\n* systemy nawadniania<br \/>\n* prace porz\u0105dkowe<br \/>\n* zastosowania domowe i p\u00f3\u0142profesjonalne<\/p>\n<p>Stan produktu:<br \/>\nProdukt nowy, fabrycznie nieu\u017cywany.<\/p>\n<p>Dodatkowe informacje:<\/p>\n<p>* zwi\u0119kszona odporno\u015b\u0107 na zginanie i skr\u0119canie<br \/>\n* elastyczna i trwa\u0142a konstrukcja<br \/>\n* uniwersalne zastosowanie<\/p>\n<p>Zapraszam do zakupu.<\/p>\n","protected":false},"excerpt":{"rendered":"<p>SCHMITH W\u0104\u017b OGRODOWY 5-WARSTWOWY FI 1\/2&#8243; 50M SGWO512-50 Przedmiotem sprzeda\u017cy jest w\u0105\u017c ogrodowy marki Schmith, 5-warstwowy, o \u015brednicy 1\/2&#8243; i d\u0142ugo\u015bci 50 m, model SGWO512-50. Opis: W\u0105\u017c ogrodowy zosta\u0142 zaprojektowany do wygodnego podlewania oraz prac ogrodowych. Pi\u0119ciowarstwowa konstrukcja zapewnia zwi\u0119kszon\u0105 odporno\u015b\u0107 na uszkodzenia mechaniczne, skr\u0119canie oraz dzia\u0142anie warunk\u00f3w atmosferycznych. Elastyczna budowa u\u0142atwia u\u017cytkowanie i zwijanie, [&hellip;]<\/p>\n","protected":false},"featured_media":3046,"comment_status":"open","ping_status":"closed","template":"","meta":[],"dostudni_label":[],"product_brand":[302],"product_cat":[24],"product_tag":[],"class_list":{"0":"post-3049","1":"product","2":"type-product","3":"status-publish","4":"has-post-thumbnail","6":"product_brand-schmith","7":"product_cat-akcesoria","8":"product_shipping_class-srednie-paczki","10":"first","11":"instock","12":"taxable","13":"shipping-taxable","14":"purchasable","15":"product-type-simple"},"_links":{"self":[{"href":"https:\/\/dostudni.com\/index.php\/wp-json\/wp\/v2\/product\/3049","targetHints":{"allow":["GET"]}}],"collection":[{"href":"https:\/\/dostudni.com\/index.php\/wp-json\/wp\/v2\/product"}],"about":[{"href":"https:\/\/dostudni.com\/index.php\/wp-json\/wp\/v2\/types\/product"}],"replies":[{"embeddable":true,"href":"https:\/\/dostudni.com\/index.php\/wp-json\/wp\/v2\/comments?post=3049"}],"wp:featuredmedia":[{"embeddable":true,"href":"https:\/\/dostudni.com\/index.php\/wp-json\/wp\/v2\/media\/3046"}],"wp:attachment":[{"href":"https:\/\/dostudni.com\/index.php\/wp-json\/wp\/v2\/media?parent=3049"}],"wp:term":[{"taxonomy":"dostudni_label","embeddable":true,"href":"https:\/\/dostudni.com\/index.php\/wp-json\/wp\/v2\/dostudni_label?post=3049"},{"taxonomy":"product_brand","embeddable":true,"href":"https:\/\/dostudni.com\/index.php\/wp-json\/wp\/v2\/product_brand?post=3049"},{"taxonomy":"product_cat","embeddable":true,"href":"https:\/\/dostudni.com\/index.php\/wp-json\/wp\/v2\/product_cat?post=3049"},{"taxonomy":"product_tag","embeddable":true,"href":"https:\/\/dostudni.com\/index.php\/wp-json\/wp\/v2\/product_tag?post=3049"}],"curies":[{"name":"wp","href":"https:\/\/api.w.org\/{rel}","templated":true}]}}