{"id":3059,"date":"2026-04-17T11:04:57","date_gmt":"2026-04-17T11:04:57","guid":{"rendered":"https:\/\/dostudni.com\/index.php\/produkt\/schmith-waz-ogrodowy-4-warstwy-fi3-4-25m-sgwo434-25\/"},"modified":"2026-04-20T09:54:07","modified_gmt":"2026-04-20T09:54:07","slug":"schmith-waz-ogrodowy-4-warstwy-fi3-4-25m-sgwo434-25","status":"publish","type":"product","link":"https:\/\/dostudni.com\/index.php\/produkt\/schmith-waz-ogrodowy-4-warstwy-fi3-4-25m-sgwo434-25\/","title":{"rendered":"Schmith Wa\u017c ogrodowy 4 warstwy fi3\/4 25m SGWO434-25"},"content":{"rendered":"<p>SCHMITH W\u0104\u017b OGRODOWY 4-WARSTWOWY FI 3\/4&#8243; 25M SGWO434-25<\/p>\n<p>Przedmiotem sprzeda\u017cy jest w\u0105\u017c ogrodowy marki Schmith, 4-warstwowy, o \u015brednicy 3\/4&#8243; i d\u0142ugo\u015bci 25 m, model SGWO434-25.<\/p>\n<p>Opis:<br \/>\nW\u0105\u017c ogrodowy zosta\u0142 zaprojektowany do wygodnego i wydajnego podlewania oraz prac ogrodowych. Czterowarstwowa konstrukcja zapewnia odpowiedni\u0105 wytrzyma\u0142o\u015b\u0107 na ci\u015bnienie oraz odporno\u015b\u0107 na uszkodzenia mechaniczne i skr\u0119canie. Elastyczna budowa u\u0142atwia u\u017cytkowanie oraz przechowywanie.<\/p>\n<p>Specyfikacja:<\/p>\n<p>* marka: Schmith<br \/>\n* model: SGWO434-25<br \/>\n* typ: w\u0105\u017c ogrodowy<br \/>\n* konstrukcja: 4-warstwowa<br \/>\n* \u015brednica: 3\/4&#8243;<br \/>\n* d\u0142ugo\u015b\u0107: 25 m<br \/>\n* materia\u0142: wysokiej jako\u015bci tworzywo<\/p>\n<p>Zastosowanie:<\/p>\n<p>* podlewanie ogrodu<br \/>\n* systemy nawadniania<br \/>\n* prace porz\u0105dkowe<br \/>\n* zastosowania domowe i p\u00f3\u0142profesjonalne<\/p>\n<p>Stan produktu:<br \/>\nProdukt nowy, fabrycznie nieu\u017cywany.<\/p>\n<p>Dodatkowe informacje:<\/p>\n<p>* odporno\u015b\u0107 na skr\u0119canie i zginanie<br \/>\n* wytrzyma\u0142a konstrukcja wielowarstwowa<br \/>\n* wygodne u\u017cytkowanie i przechowywanie<\/p>\n<p>Zapraszam do zakupu.<\/p>\n","protected":false},"excerpt":{"rendered":"<p>SCHMITH W\u0104\u017b OGRODOWY 4-WARSTWOWY FI 3\/4&#8243; 25M SGWO434-25 Przedmiotem sprzeda\u017cy jest w\u0105\u017c ogrodowy marki Schmith, 4-warstwowy, o \u015brednicy 3\/4&#8243; i d\u0142ugo\u015bci 25 m, model SGWO434-25. Opis: W\u0105\u017c ogrodowy zosta\u0142 zaprojektowany do wygodnego i wydajnego podlewania oraz prac ogrodowych. Czterowarstwowa konstrukcja zapewnia odpowiedni\u0105 wytrzyma\u0142o\u015b\u0107 na ci\u015bnienie oraz odporno\u015b\u0107 na uszkodzenia mechaniczne i skr\u0119canie. Elastyczna budowa u\u0142atwia [&hellip;]<\/p>\n","protected":false},"featured_media":3056,"comment_status":"open","ping_status":"closed","template":"","meta":[],"dostudni_label":[],"product_brand":[302],"product_cat":[24],"product_tag":[],"class_list":{"0":"post-3059","1":"product","2":"type-product","3":"status-publish","4":"has-post-thumbnail","6":"product_brand-schmith","7":"product_cat-akcesoria","8":"product_shipping_class-srednie-paczki","10":"first","11":"instock","12":"taxable","13":"shipping-taxable","14":"purchasable","15":"product-type-simple"},"_links":{"self":[{"href":"https:\/\/dostudni.com\/index.php\/wp-json\/wp\/v2\/product\/3059","targetHints":{"allow":["GET"]}}],"collection":[{"href":"https:\/\/dostudni.com\/index.php\/wp-json\/wp\/v2\/product"}],"about":[{"href":"https:\/\/dostudni.com\/index.php\/wp-json\/wp\/v2\/types\/product"}],"replies":[{"embeddable":true,"href":"https:\/\/dostudni.com\/index.php\/wp-json\/wp\/v2\/comments?post=3059"}],"wp:featuredmedia":[{"embeddable":true,"href":"https:\/\/dostudni.com\/index.php\/wp-json\/wp\/v2\/media\/3056"}],"wp:attachment":[{"href":"https:\/\/dostudni.com\/index.php\/wp-json\/wp\/v2\/media?parent=3059"}],"wp:term":[{"taxonomy":"dostudni_label","embeddable":true,"href":"https:\/\/dostudni.com\/index.php\/wp-json\/wp\/v2\/dostudni_label?post=3059"},{"taxonomy":"product_brand","embeddable":true,"href":"https:\/\/dostudni.com\/index.php\/wp-json\/wp\/v2\/product_brand?post=3059"},{"taxonomy":"product_cat","embeddable":true,"href":"https:\/\/dostudni.com\/index.php\/wp-json\/wp\/v2\/product_cat?post=3059"},{"taxonomy":"product_tag","embeddable":true,"href":"https:\/\/dostudni.com\/index.php\/wp-json\/wp\/v2\/product_tag?post=3059"}],"curies":[{"name":"wp","href":"https:\/\/api.w.org\/{rel}","templated":true}]}}