{"id":3062,"date":"2026-04-17T11:04:59","date_gmt":"2026-04-17T11:04:59","guid":{"rendered":"https:\/\/dostudni.com\/index.php\/produkt\/schmith-worki-na-odpady-strong-ldpe-120l-wno120-25\/"},"modified":"2026-04-27T07:31:29","modified_gmt":"2026-04-27T07:31:29","slug":"schmith-worki-na-odpady-strong-ldpe-120l-wno120-25","status":"publish","type":"product","link":"https:\/\/dostudni.com\/index.php\/produkt\/schmith-worki-na-odpady-strong-ldpe-120l-wno120-25\/","title":{"rendered":"Schmith Worki na odpady STRONG LDPE 120l WNO120-25"},"content":{"rendered":"<p>SCHMITH WORKI NA ODPADY STRONG LDPE 120L WNO120-25<\/p>\n<p>Przedmiotem sprzeda\u017cy s\u0105 worki na odpady SCHMITH STRONG LDPE o pojemno\u015bci 120 litr\u00f3w, model WNO120-25.<\/p>\n<p>Opis:<br \/>\nWorki na odpady wykonane z wytrzyma\u0142ego tworzywa LDPE zosta\u0142y zaprojektowane do zbierania i magazynowania odpad\u00f3w w gospodarstwach domowych, firmach oraz podczas prac porz\u0105dkowych i budowlanych. Wzmocniona struktura typu STRONG zapewnia zwi\u0119kszon\u0105 odporno\u015b\u0107 na rozdarcia oraz przeciekanie.<\/p>\n<p>Specyfikacja:<\/p>\n<p>* marka: Schmith<br \/>\n* model: WNO120-25<br \/>\n* typ: worki na odpady<br \/>\n* materia\u0142: LDPE<br \/>\n* pojemno\u015b\u0107: 120 l<br \/>\n* ilo\u015b\u0107 w opakowaniu: 25 szt.<\/p>\n<p>Zastosowanie:<\/p>\n<p>* odpady domowe i komunalne<br \/>\n* prace porz\u0105dkowe<br \/>\n* odpady po remontach i budowie<br \/>\n* zastosowania domowe i profesjonalne<\/p>\n<p>Stan produktu:<br \/>\nProdukt nowy, fabrycznie nieu\u017cywany.<\/p>\n<p>Dodatkowe informacje:<\/p>\n<p>* zwi\u0119kszona wytrzyma\u0142o\u015b\u0107 typu STRONG<br \/>\n* odporno\u015b\u0107 na rozdarcia<br \/>\n* wygodne u\u017cytkowanie<\/p>\n<p>Zapraszam do zakupu.<\/p>\n","protected":false},"excerpt":{"rendered":"<p>SCHMITH WORKI NA ODPADY STRONG LDPE 120L WNO120-25 Przedmiotem sprzeda\u017cy s\u0105 worki na odpady SCHMITH STRONG LDPE o pojemno\u015bci 120 litr\u00f3w, model WNO120-25. Opis: Worki na odpady wykonane z wytrzyma\u0142ego tworzywa LDPE zosta\u0142y zaprojektowane do zbierania i magazynowania odpad\u00f3w w gospodarstwach domowych, firmach oraz podczas prac porz\u0105dkowych i budowlanych. Wzmocniona struktura typu STRONG zapewnia zwi\u0119kszon\u0105 [&hellip;]<\/p>\n","protected":false},"featured_media":3061,"comment_status":"open","ping_status":"closed","template":"","meta":[],"dostudni_label":[],"product_brand":[302],"product_cat":[24],"product_tag":[],"class_list":{"0":"post-3062","1":"product","2":"type-product","3":"status-publish","4":"has-post-thumbnail","6":"product_brand-schmith","7":"product_cat-akcesoria","8":"product_shipping_class-male","10":"first","11":"instock","12":"taxable","13":"shipping-taxable","14":"purchasable","15":"product-type-simple"},"_links":{"self":[{"href":"https:\/\/dostudni.com\/index.php\/wp-json\/wp\/v2\/product\/3062","targetHints":{"allow":["GET"]}}],"collection":[{"href":"https:\/\/dostudni.com\/index.php\/wp-json\/wp\/v2\/product"}],"about":[{"href":"https:\/\/dostudni.com\/index.php\/wp-json\/wp\/v2\/types\/product"}],"replies":[{"embeddable":true,"href":"https:\/\/dostudni.com\/index.php\/wp-json\/wp\/v2\/comments?post=3062"}],"wp:featuredmedia":[{"embeddable":true,"href":"https:\/\/dostudni.com\/index.php\/wp-json\/wp\/v2\/media\/3061"}],"wp:attachment":[{"href":"https:\/\/dostudni.com\/index.php\/wp-json\/wp\/v2\/media?parent=3062"}],"wp:term":[{"taxonomy":"dostudni_label","embeddable":true,"href":"https:\/\/dostudni.com\/index.php\/wp-json\/wp\/v2\/dostudni_label?post=3062"},{"taxonomy":"product_brand","embeddable":true,"href":"https:\/\/dostudni.com\/index.php\/wp-json\/wp\/v2\/product_brand?post=3062"},{"taxonomy":"product_cat","embeddable":true,"href":"https:\/\/dostudni.com\/index.php\/wp-json\/wp\/v2\/product_cat?post=3062"},{"taxonomy":"product_tag","embeddable":true,"href":"https:\/\/dostudni.com\/index.php\/wp-json\/wp\/v2\/product_tag?post=3062"}],"curies":[{"name":"wp","href":"https:\/\/api.w.org\/{rel}","templated":true}]}}