{"id":3071,"date":"2026-04-17T11:05:02","date_gmt":"2026-04-17T11:05:02","guid":{"rendered":"https:\/\/dostudni.com\/index.php\/produkt\/schmith-piana-montazowa-caloroczna-pistoletowa-sch07c01001\/"},"modified":"2026-04-20T11:58:00","modified_gmt":"2026-04-20T11:58:00","slug":"schmith-piana-montazowa-caloroczna-pistoletowa-sch07c01001","status":"publish","type":"product","link":"https:\/\/dostudni.com\/index.php\/produkt\/schmith-piana-montazowa-caloroczna-pistoletowa-sch07c01001\/","title":{"rendered":"Schmith Piana monta\u017cowa ca\u0142oroczna pistoletowa SCH07C01001"},"content":{"rendered":"<p>SCHMITH PIANA MONTA\u017bOWA CA\u0141OROCZNA PISTOLETOWA SCH07C01001<\/p>\n<p>Przedmiotem sprzeda\u017cy jest piana monta\u017cowa ca\u0142oroczna pistoletowa marki Schmith, model SCH07C01001, przeznaczona do prac budowlanych i monta\u017cowych.<\/p>\n<p>Opis:<br \/>\nPiana monta\u017cowa zosta\u0142a zaprojektowana do uszczelniania, wype\u0142niania oraz monta\u017cu element\u00f3w budowlanych. Dzi\u0119ki ca\u0142orocznej formule mo\u017ce by\u0107 stosowana w r\u00f3\u017cnych warunkach temperaturowych. Aplikacja przy u\u017cyciu pistoletu zapewnia precyzj\u0119 oraz wygod\u0119 pracy, a odpowiednia rozpr\u0119\u017cno\u015b\u0107 umo\u017cliwia skuteczne wype\u0142nianie szczelin i przestrzeni.<\/p>\n<p>Specyfikacja:<\/p>\n<p>* marka: Schmith<br \/>\n* model: SCH07C01001<br \/>\n* typ: piana monta\u017cowa pistoletowa<br \/>\n* zastosowanie: ca\u0142oroczne<br \/>\n* aplikacja: pistolet do piany<\/p>\n<p>Zastosowanie:<\/p>\n<p>* monta\u017c stolarki okiennej i drzwiowej<br \/>\n* uszczelnianie szczelin i przepust\u00f3w<br \/>\n* prace budowlane i remontowe<br \/>\n* zastosowania profesjonalne i domowe<\/p>\n<p>Stan produktu:<br \/>\nProdukt nowy, fabrycznie nieu\u017cywany.<\/p>\n<p>Dodatkowe informacje:<\/p>\n<p>* ca\u0142oroczna formu\u0142a<br \/>\n* precyzyjna aplikacja pistoletowa<br \/>\n* dobra przyczepno\u015b\u0107 do wielu materia\u0142\u00f3w<\/p>\n<p>Zapraszam do zakupu.<\/p>\n","protected":false},"excerpt":{"rendered":"<p>SCHMITH PIANA MONTA\u017bOWA CA\u0141OROCZNA PISTOLETOWA SCH07C01001 Przedmiotem sprzeda\u017cy jest piana monta\u017cowa ca\u0142oroczna pistoletowa marki Schmith, model SCH07C01001, przeznaczona do prac budowlanych i monta\u017cowych. Opis: Piana monta\u017cowa zosta\u0142a zaprojektowana do uszczelniania, wype\u0142niania oraz monta\u017cu element\u00f3w budowlanych. Dzi\u0119ki ca\u0142orocznej formule mo\u017ce by\u0107 stosowana w r\u00f3\u017cnych warunkach temperaturowych. Aplikacja przy u\u017cyciu pistoletu zapewnia precyzj\u0119 oraz wygod\u0119 pracy, a [&hellip;]<\/p>\n","protected":false},"featured_media":3070,"comment_status":"open","ping_status":"closed","template":"","meta":[],"dostudni_label":[],"product_brand":[302],"product_cat":[24],"product_tag":[],"class_list":{"0":"post-3071","1":"product","2":"type-product","3":"status-publish","4":"has-post-thumbnail","6":"product_brand-schmith","7":"product_cat-akcesoria","8":"product_shipping_class-male","10":"first","11":"instock","12":"taxable","13":"shipping-taxable","14":"purchasable","15":"product-type-simple"},"_links":{"self":[{"href":"https:\/\/dostudni.com\/index.php\/wp-json\/wp\/v2\/product\/3071","targetHints":{"allow":["GET"]}}],"collection":[{"href":"https:\/\/dostudni.com\/index.php\/wp-json\/wp\/v2\/product"}],"about":[{"href":"https:\/\/dostudni.com\/index.php\/wp-json\/wp\/v2\/types\/product"}],"replies":[{"embeddable":true,"href":"https:\/\/dostudni.com\/index.php\/wp-json\/wp\/v2\/comments?post=3071"}],"wp:featuredmedia":[{"embeddable":true,"href":"https:\/\/dostudni.com\/index.php\/wp-json\/wp\/v2\/media\/3070"}],"wp:attachment":[{"href":"https:\/\/dostudni.com\/index.php\/wp-json\/wp\/v2\/media?parent=3071"}],"wp:term":[{"taxonomy":"dostudni_label","embeddable":true,"href":"https:\/\/dostudni.com\/index.php\/wp-json\/wp\/v2\/dostudni_label?post=3071"},{"taxonomy":"product_brand","embeddable":true,"href":"https:\/\/dostudni.com\/index.php\/wp-json\/wp\/v2\/product_brand?post=3071"},{"taxonomy":"product_cat","embeddable":true,"href":"https:\/\/dostudni.com\/index.php\/wp-json\/wp\/v2\/product_cat?post=3071"},{"taxonomy":"product_tag","embeddable":true,"href":"https:\/\/dostudni.com\/index.php\/wp-json\/wp\/v2\/product_tag?post=3071"}],"curies":[{"name":"wp","href":"https:\/\/api.w.org\/{rel}","templated":true}]}}