{"id":3075,"date":"2026-04-17T11:05:04","date_gmt":"2026-04-17T11:05:04","guid":{"rendered":"https:\/\/dostudni.com\/index.php\/produkt\/schmith-komplet-narzedzi-1-4-1-2-110cz-sch01z01110\/"},"modified":"2026-04-20T09:54:07","modified_gmt":"2026-04-20T09:54:07","slug":"schmith-komplet-narzedzi-1-4-1-2-110cz-sch01z01110","status":"publish","type":"product","link":"https:\/\/dostudni.com\/index.php\/produkt\/schmith-komplet-narzedzi-1-4-1-2-110cz-sch01z01110\/","title":{"rendered":"Schmith Komplet narz\u0119dzi 1\/4&#8221; 1\/2&#8221; 110cz SCH01Z01110"},"content":{"rendered":"<p>SCHMITH KOMPLET NARZ\u0118DZI 1\/4&#8243; + 1\/2&#8243; 110 CZ. SCH01Z01110<\/p>\n<p>Przedmiotem sprzeda\u017cy jest komplet narz\u0119dzi marki Schmith, zestaw 110 element\u00f3w, model SCH01Z01110, przeznaczony do prac warsztatowych, serwisowych i monta\u017cowych.<\/p>\n<p>Opis:<br \/>\nZestaw narz\u0119dzi zosta\u0142 zaprojektowany do szerokiego zakresu zastosowa\u0144 technicznych. Po\u0142\u0105czenie dw\u00f3ch rozmiar\u00f3w grzechotek 1\/4&#8243; oraz 1\/2&#8243; wraz z bogatym zestawem nasadek i akcesori\u00f3w umo\u017cliwia wygodn\u0105 prac\u0119 przy r\u00f3\u017cnych typach po\u0142\u0105cze\u0144 \u015brubowych. Solidne wykonanie zapewnia trwa\u0142o\u015b\u0107, precyzj\u0119 oraz komfort u\u017cytkowania.<\/p>\n<p>Specyfikacja:<\/p>\n<p>* marka: Schmith<br \/>\n* model: SCH01Z01110<br \/>\n* typ: komplet narz\u0119dzi<br \/>\n* rozmiary: 1\/4&#8243; + 1\/2&#8243;<br \/>\n* ilo\u015b\u0107 element\u00f3w: 110 szt.<br \/>\n* zastosowanie: prace warsztatowe i serwisowe<\/p>\n<p>Zastosowanie:<\/p>\n<p>* prace mechaniczne i serwisowe<br \/>\n* warsztaty samochodowe i techniczne<br \/>\n* monta\u017c i demonta\u017c element\u00f3w<br \/>\n* zastosowania profesjonalne i domowe<\/p>\n<p>Stan produktu:<br \/>\nProdukt nowy, fabrycznie nieu\u017cywany.<\/p>\n<p>Dodatkowe informacje:<\/p>\n<p>* dwa rozmiary grzechotek w zestawie<br \/>\n* szeroki zakres nasadek i akcesori\u00f3w<br \/>\n* uniwersalne zastosowanie<br \/>\n* solidne wykonanie<\/p>\n<p>Zapraszam do zakupu.<\/p>\n","protected":false},"excerpt":{"rendered":"<p>SCHMITH KOMPLET NARZ\u0118DZI 1\/4&#8243; + 1\/2&#8243; 110 CZ. SCH01Z01110 Przedmiotem sprzeda\u017cy jest komplet narz\u0119dzi marki Schmith, zestaw 110 element\u00f3w, model SCH01Z01110, przeznaczony do prac warsztatowych, serwisowych i monta\u017cowych. Opis: Zestaw narz\u0119dzi zosta\u0142 zaprojektowany do szerokiego zakresu zastosowa\u0144 technicznych. Po\u0142\u0105czenie dw\u00f3ch rozmiar\u00f3w grzechotek 1\/4&#8243; oraz 1\/2&#8243; wraz z bogatym zestawem nasadek i akcesori\u00f3w umo\u017cliwia wygodn\u0105 prac\u0119 [&hellip;]<\/p>\n","protected":false},"featured_media":3063,"comment_status":"open","ping_status":"closed","template":"","meta":[],"dostudni_label":[],"product_brand":[302],"product_cat":[296],"product_tag":[],"class_list":{"0":"post-3075","1":"product","2":"type-product","3":"status-publish","4":"has-post-thumbnail","6":"product_brand-schmith","7":"product_cat-narzedzia","8":"product_shipping_class-srednie-paczki","10":"first","11":"instock","12":"taxable","13":"shipping-taxable","14":"purchasable","15":"product-type-simple"},"_links":{"self":[{"href":"https:\/\/dostudni.com\/index.php\/wp-json\/wp\/v2\/product\/3075","targetHints":{"allow":["GET"]}}],"collection":[{"href":"https:\/\/dostudni.com\/index.php\/wp-json\/wp\/v2\/product"}],"about":[{"href":"https:\/\/dostudni.com\/index.php\/wp-json\/wp\/v2\/types\/product"}],"replies":[{"embeddable":true,"href":"https:\/\/dostudni.com\/index.php\/wp-json\/wp\/v2\/comments?post=3075"}],"wp:featuredmedia":[{"embeddable":true,"href":"https:\/\/dostudni.com\/index.php\/wp-json\/wp\/v2\/media\/3063"}],"wp:attachment":[{"href":"https:\/\/dostudni.com\/index.php\/wp-json\/wp\/v2\/media?parent=3075"}],"wp:term":[{"taxonomy":"dostudni_label","embeddable":true,"href":"https:\/\/dostudni.com\/index.php\/wp-json\/wp\/v2\/dostudni_label?post=3075"},{"taxonomy":"product_brand","embeddable":true,"href":"https:\/\/dostudni.com\/index.php\/wp-json\/wp\/v2\/product_brand?post=3075"},{"taxonomy":"product_cat","embeddable":true,"href":"https:\/\/dostudni.com\/index.php\/wp-json\/wp\/v2\/product_cat?post=3075"},{"taxonomy":"product_tag","embeddable":true,"href":"https:\/\/dostudni.com\/index.php\/wp-json\/wp\/v2\/product_tag?post=3075"}],"curies":[{"name":"wp","href":"https:\/\/api.w.org\/{rel}","templated":true}]}}