{"id":3089,"date":"2026-04-17T11:05:10","date_gmt":"2026-04-17T11:05:10","guid":{"rendered":"https:\/\/dostudni.com\/index.php\/produkt\/schmith-komplet-narzedzi-1-4-3-8-1-2-182cz-sch01z01182\/"},"modified":"2026-04-20T09:54:07","modified_gmt":"2026-04-20T09:54:07","slug":"schmith-komplet-narzedzi-1-4-3-8-1-2-182cz-sch01z01182","status":"publish","type":"product","link":"https:\/\/dostudni.com\/index.php\/produkt\/schmith-komplet-narzedzi-1-4-3-8-1-2-182cz-sch01z01182\/","title":{"rendered":"Schmith Komplet narz\u0119dzi 1\/4&#8221; 3\/8&#8221; 1\/2&#8221; 182cz SCH01Z01182"},"content":{"rendered":"<p>SCHMITH KOMPLET NARZ\u0118DZI 1\/4&#8243; + 3\/8&#8243; + 1\/2&#8243; 182 CZ. SCH01Z01182<\/p>\n<p>Przedmiotem sprzeda\u017cy jest komplet narz\u0119dzi marki Schmith, zestaw 182 element\u00f3w, model SCH01Z01182, przeznaczony do prac warsztatowych, serwisowych i monta\u017cowych.<\/p>\n<p>Opis:<br \/>\nZestaw narz\u0119dzi zosta\u0142 zaprojektowany do bardzo szerokiego zakresu zastosowa\u0144 technicznych. Trzy rozmiary grzechotek (1\/4&#8243;, 3\/8&#8243; i 1\/2&#8243;) oraz bogaty komplet nasadek i akcesori\u00f3w umo\u017cliwiaj\u0105 prac\u0119 przy r\u00f3\u017cnych typach po\u0142\u0105cze\u0144 \u015brubowych. Solidne wykonanie zapewnia trwa\u0142o\u015b\u0107, precyzj\u0119 oraz wygod\u0119 u\u017cytkowania zar\u00f3wno w zastosowaniach profesjonalnych, jak i domowych.<\/p>\n<p>Specyfikacja:<\/p>\n<p>* marka: Schmith<br \/>\n* model: SCH01Z01182<br \/>\n* typ: komplet narz\u0119dzi<br \/>\n* rozmiary: 1\/4&#8243; + 3\/8&#8243; + 1\/2&#8243;<br \/>\n* ilo\u015b\u0107 element\u00f3w: 182 szt.<br \/>\n* zastosowanie: prace warsztatowe i serwisowe<\/p>\n<p>Zastosowanie:<\/p>\n<p>* prace mechaniczne i serwisowe<br \/>\n* warsztaty samochodowe i techniczne<br \/>\n* monta\u017c i demonta\u017c element\u00f3w<br \/>\n* zastosowania profesjonalne i domowe<\/p>\n<p>Stan produktu:<br \/>\nProdukt nowy, fabrycznie nieu\u017cywany.<\/p>\n<p>Dodatkowe informacje:<\/p>\n<p>* trzy rozmiary grzechotek w zestawie<br \/>\n* bardzo szeroki zakres narz\u0119dzi<br \/>\n* uniwersalne zastosowanie<br \/>\n* solidne i trwa\u0142e wykonanie<\/p>\n<p>Zapraszam do zakupu.<\/p>\n","protected":false},"excerpt":{"rendered":"<p>SCHMITH KOMPLET NARZ\u0118DZI 1\/4&#8243; + 3\/8&#8243; + 1\/2&#8243; 182 CZ. SCH01Z01182 Przedmiotem sprzeda\u017cy jest komplet narz\u0119dzi marki Schmith, zestaw 182 element\u00f3w, model SCH01Z01182, przeznaczony do prac warsztatowych, serwisowych i monta\u017cowych. Opis: Zestaw narz\u0119dzi zosta\u0142 zaprojektowany do bardzo szerokiego zakresu zastosowa\u0144 technicznych. Trzy rozmiary grzechotek (1\/4&#8243;, 3\/8&#8243; i 1\/2&#8243;) oraz bogaty komplet nasadek i akcesori\u00f3w umo\u017cliwiaj\u0105 [&hellip;]<\/p>\n","protected":false},"featured_media":3078,"comment_status":"open","ping_status":"closed","template":"","meta":[],"dostudni_label":[],"product_brand":[302],"product_cat":[296],"product_tag":[],"class_list":{"0":"post-3089","1":"product","2":"type-product","3":"status-publish","4":"has-post-thumbnail","6":"product_brand-schmith","7":"product_cat-narzedzia","8":"product_shipping_class-srednie-paczki","10":"first","11":"instock","12":"taxable","13":"shipping-taxable","14":"purchasable","15":"product-type-simple"},"_links":{"self":[{"href":"https:\/\/dostudni.com\/index.php\/wp-json\/wp\/v2\/product\/3089","targetHints":{"allow":["GET"]}}],"collection":[{"href":"https:\/\/dostudni.com\/index.php\/wp-json\/wp\/v2\/product"}],"about":[{"href":"https:\/\/dostudni.com\/index.php\/wp-json\/wp\/v2\/types\/product"}],"replies":[{"embeddable":true,"href":"https:\/\/dostudni.com\/index.php\/wp-json\/wp\/v2\/comments?post=3089"}],"wp:featuredmedia":[{"embeddable":true,"href":"https:\/\/dostudni.com\/index.php\/wp-json\/wp\/v2\/media\/3078"}],"wp:attachment":[{"href":"https:\/\/dostudni.com\/index.php\/wp-json\/wp\/v2\/media?parent=3089"}],"wp:term":[{"taxonomy":"dostudni_label","embeddable":true,"href":"https:\/\/dostudni.com\/index.php\/wp-json\/wp\/v2\/dostudni_label?post=3089"},{"taxonomy":"product_brand","embeddable":true,"href":"https:\/\/dostudni.com\/index.php\/wp-json\/wp\/v2\/product_brand?post=3089"},{"taxonomy":"product_cat","embeddable":true,"href":"https:\/\/dostudni.com\/index.php\/wp-json\/wp\/v2\/product_cat?post=3089"},{"taxonomy":"product_tag","embeddable":true,"href":"https:\/\/dostudni.com\/index.php\/wp-json\/wp\/v2\/product_tag?post=3089"}],"curies":[{"name":"wp","href":"https:\/\/api.w.org\/{rel}","templated":true}]}}