{"id":3093,"date":"2026-04-17T11:05:13","date_gmt":"2026-04-17T11:05:13","guid":{"rendered":"https:\/\/dostudni.com\/index.php\/produkt\/schmith-rekawice-robocze-skora-z-rzepem-10-srsk-10r\/"},"modified":"2026-04-30T14:17:41","modified_gmt":"2026-04-30T14:17:41","slug":"schmith-rekawice-robocze-skora-z-rzepem-10-srsk-10r","status":"publish","type":"product","link":"https:\/\/dostudni.com\/index.php\/produkt\/schmith-rekawice-robocze-skora-z-rzepem-10-srsk-10r\/","title":{"rendered":"Schmith R\u0119kawice robocze sk\u00f3ra z rzepem 10 SRSK-10R"},"content":{"rendered":"<p>SCHMITH R\u0118KAWICE ROBOCZE SK\u00d3RZANE Z RZEPEM R. 10 SRSK-10R<\/p>\n<p>Przedmiotem sprzeda\u017cy s\u0105 r\u0119kawice robocze sk\u00f3rzane marki Schmith w rozmiarze 10, wyposa\u017cone w zapi\u0119cie na rzep, model SRSK-10R.<\/p>\n<p>Opis:<br \/>\nR\u0119kawice zosta\u0142y wykonane z wysokiej jako\u015bci sk\u00f3ry, kt\u00f3ra zapewnia trwa\u0142o\u015b\u0107, odporno\u015b\u0107 na przetarcia oraz komfort u\u017cytkowania. Zapi\u0119cie na rzep umo\u017cliwia lepsze dopasowanie do nadgarstka, co zwi\u0119ksza stabilno\u015b\u0107 r\u0119kawicy podczas pracy i zapobiega jej zsuwaniu si\u0119.<\/p>\n<p>Specyfikacja:<\/p>\n<p>* marka: Schmith<br \/>\n* model: SRSK-10R<br \/>\n* rozmiar: 10<br \/>\n* typ: r\u0119kawice robocze sk\u00f3rzane<br \/>\n* zapi\u0119cie: rzep<br \/>\n* materia\u0142: sk\u00f3ra naturalna<\/p>\n<p>Zastosowanie:<\/p>\n<p>* prace warsztatowe i monta\u017cowe<br \/>\n* prace techniczne i serwisowe<br \/>\n* budownictwo i logistyka<br \/>\n* zastosowania profesjonalne i p\u00f3\u0142profesjonalne<\/p>\n<p>Stan produktu:<br \/>\nProdukt nowy, fabrycznie nieu\u017cywany.<\/p>\n<p>Dodatkowe informacje:<\/p>\n<p>* regulacja dopasowania dzi\u0119ki rzepowi<br \/>\n* dobra chwytno\u015b\u0107<br \/>\n* komfort pracy i ochrona d\u0142oni<\/p>\n<p>Zapraszam do zakupu.<\/p>\n","protected":false},"excerpt":{"rendered":"<p>SCHMITH R\u0118KAWICE ROBOCZE SK\u00d3RZANE Z RZEPEM R. 10 SRSK-10R Przedmiotem sprzeda\u017cy s\u0105 r\u0119kawice robocze sk\u00f3rzane marki Schmith w rozmiarze 10, wyposa\u017cone w zapi\u0119cie na rzep, model SRSK-10R. Opis: R\u0119kawice zosta\u0142y wykonane z wysokiej jako\u015bci sk\u00f3ry, kt\u00f3ra zapewnia trwa\u0142o\u015b\u0107, odporno\u015b\u0107 na przetarcia oraz komfort u\u017cytkowania. Zapi\u0119cie na rzep umo\u017cliwia lepsze dopasowanie do nadgarstka, co zwi\u0119ksza stabilno\u015b\u0107 [&hellip;]<\/p>\n","protected":false},"featured_media":3825,"comment_status":"open","ping_status":"closed","template":"","meta":[],"dostudni_label":[],"product_brand":[302],"product_cat":[24],"product_tag":[],"class_list":{"0":"post-3093","1":"product","2":"type-product","3":"status-publish","4":"has-post-thumbnail","6":"product_brand-schmith","7":"product_cat-akcesoria","8":"product_shipping_class-male","10":"first","11":"instock","12":"taxable","13":"shipping-taxable","14":"purchasable","15":"product-type-simple"},"_links":{"self":[{"href":"https:\/\/dostudni.com\/index.php\/wp-json\/wp\/v2\/product\/3093","targetHints":{"allow":["GET"]}}],"collection":[{"href":"https:\/\/dostudni.com\/index.php\/wp-json\/wp\/v2\/product"}],"about":[{"href":"https:\/\/dostudni.com\/index.php\/wp-json\/wp\/v2\/types\/product"}],"replies":[{"embeddable":true,"href":"https:\/\/dostudni.com\/index.php\/wp-json\/wp\/v2\/comments?post=3093"}],"wp:featuredmedia":[{"embeddable":true,"href":"https:\/\/dostudni.com\/index.php\/wp-json\/wp\/v2\/media\/3825"}],"wp:attachment":[{"href":"https:\/\/dostudni.com\/index.php\/wp-json\/wp\/v2\/media?parent=3093"}],"wp:term":[{"taxonomy":"dostudni_label","embeddable":true,"href":"https:\/\/dostudni.com\/index.php\/wp-json\/wp\/v2\/dostudni_label?post=3093"},{"taxonomy":"product_brand","embeddable":true,"href":"https:\/\/dostudni.com\/index.php\/wp-json\/wp\/v2\/product_brand?post=3093"},{"taxonomy":"product_cat","embeddable":true,"href":"https:\/\/dostudni.com\/index.php\/wp-json\/wp\/v2\/product_cat?post=3093"},{"taxonomy":"product_tag","embeddable":true,"href":"https:\/\/dostudni.com\/index.php\/wp-json\/wp\/v2\/product_tag?post=3093"}],"curies":[{"name":"wp","href":"https:\/\/api.w.org\/{rel}","templated":true}]}}