{"id":3098,"date":"2026-04-17T11:05:21","date_gmt":"2026-04-17T11:05:21","guid":{"rendered":"https:\/\/dostudni.com\/index.php\/produkt\/schmith-siekiera-rozlupujaca-fs-1500g-sch01a02002\/"},"modified":"2026-04-20T09:54:07","modified_gmt":"2026-04-20T09:54:07","slug":"schmith-siekiera-rozlupujaca-fs-1500g-sch01a02002","status":"publish","type":"product","link":"https:\/\/dostudni.com\/index.php\/produkt\/schmith-siekiera-rozlupujaca-fs-1500g-sch01a02002\/","title":{"rendered":"Schmith Siekiera roz\u0142upuj\u0105ca FS 1500g SCH01A02002"},"content":{"rendered":"<p>SCHMITH SIEKIERA ROZ\u0141UPUJ\u0104CA FS 1500G SCH01A02002<\/p>\n<p>Przedmiotem sprzeda\u017cy jest siekiera roz\u0142upuj\u0105ca marki Schmith o masie 1500 g, model SCH01A02002, przeznaczona do prac ogrodowych i le\u015bnych.<\/p>\n<p>Opis:<br \/>\nSiekiera zosta\u0142a zaprojektowana do roz\u0142upywania drewna opa\u0142owego oraz prac zwi\u0105zanych z obr\u00f3bk\u0105 drewna. Odpowiednio wywa\u017cona g\u0142owica zapewnia skuteczne i precyzyjne uderzenia, a solidna konstrukcja zwi\u0119ksza trwa\u0142o\u015b\u0107 narz\u0119dzia podczas intensywnego u\u017cytkowania.<\/p>\n<p>Specyfikacja:<\/p>\n<p>* marka: Schmith<br \/>\n* model: SCH01A02002<br \/>\n* typ: siekiera roz\u0142upuj\u0105ca FS<br \/>\n* waga: 1500 g<br \/>\n* materia\u0142: stal<\/p>\n<p>Zastosowanie:<\/p>\n<p>* roz\u0142upywanie drewna opa\u0142owego<br \/>\n* prace ogrodowe i le\u015bne<br \/>\n* przygotowanie drewna do opa\u0142u<br \/>\n* zastosowania domowe i profesjonalne<\/p>\n<p>Stan produktu:<br \/>\nProdukt nowy, fabrycznie nieu\u017cywany.<\/p>\n<p>Dodatkowe informacje:<\/p>\n<p>* wywa\u017cona konstrukcja<br \/>\n* wysoka skuteczno\u015b\u0107 roz\u0142upywania<br \/>\n* trwa\u0142e wykonanie<\/p>\n<p>Zapraszam do zakupu.<\/p>\n","protected":false},"excerpt":{"rendered":"<p>SCHMITH SIEKIERA ROZ\u0141UPUJ\u0104CA FS 1500G SCH01A02002 Przedmiotem sprzeda\u017cy jest siekiera roz\u0142upuj\u0105ca marki Schmith o masie 1500 g, model SCH01A02002, przeznaczona do prac ogrodowych i le\u015bnych. Opis: Siekiera zosta\u0142a zaprojektowana do roz\u0142upywania drewna opa\u0142owego oraz prac zwi\u0105zanych z obr\u00f3bk\u0105 drewna. Odpowiednio wywa\u017cona g\u0142owica zapewnia skuteczne i precyzyjne uderzenia, a solidna konstrukcja zwi\u0119ksza trwa\u0142o\u015b\u0107 narz\u0119dzia podczas intensywnego [&hellip;]<\/p>\n","protected":false},"featured_media":3094,"comment_status":"open","ping_status":"closed","template":"","meta":[],"dostudni_label":[],"product_brand":[302],"product_cat":[296],"product_tag":[],"class_list":{"0":"post-3098","1":"product","2":"type-product","3":"status-publish","4":"has-post-thumbnail","6":"product_brand-schmith","7":"product_cat-narzedzia","8":"product_shipping_class-srednie-paczki","10":"first","11":"instock","12":"taxable","13":"shipping-taxable","14":"purchasable","15":"product-type-simple"},"_links":{"self":[{"href":"https:\/\/dostudni.com\/index.php\/wp-json\/wp\/v2\/product\/3098","targetHints":{"allow":["GET"]}}],"collection":[{"href":"https:\/\/dostudni.com\/index.php\/wp-json\/wp\/v2\/product"}],"about":[{"href":"https:\/\/dostudni.com\/index.php\/wp-json\/wp\/v2\/types\/product"}],"replies":[{"embeddable":true,"href":"https:\/\/dostudni.com\/index.php\/wp-json\/wp\/v2\/comments?post=3098"}],"wp:featuredmedia":[{"embeddable":true,"href":"https:\/\/dostudni.com\/index.php\/wp-json\/wp\/v2\/media\/3094"}],"wp:attachment":[{"href":"https:\/\/dostudni.com\/index.php\/wp-json\/wp\/v2\/media?parent=3098"}],"wp:term":[{"taxonomy":"dostudni_label","embeddable":true,"href":"https:\/\/dostudni.com\/index.php\/wp-json\/wp\/v2\/dostudni_label?post=3098"},{"taxonomy":"product_brand","embeddable":true,"href":"https:\/\/dostudni.com\/index.php\/wp-json\/wp\/v2\/product_brand?post=3098"},{"taxonomy":"product_cat","embeddable":true,"href":"https:\/\/dostudni.com\/index.php\/wp-json\/wp\/v2\/product_cat?post=3098"},{"taxonomy":"product_tag","embeddable":true,"href":"https:\/\/dostudni.com\/index.php\/wp-json\/wp\/v2\/product_tag?post=3098"}],"curies":[{"name":"wp","href":"https:\/\/api.w.org\/{rel}","templated":true}]}}