{"id":3220,"date":"2026-04-17T11:06:47","date_gmt":"2026-04-17T11:06:47","guid":{"rendered":"https:\/\/dostudni.com\/index.php\/produkt\/schmith-zestaw-pedzli-3-szt-20-25-50mm-sch07m0800\/"},"modified":"2026-04-27T07:31:30","modified_gmt":"2026-04-27T07:31:30","slug":"schmith-zestaw-pedzli-3-szt-20-25-50mm-sch07m0800","status":"publish","type":"product","link":"https:\/\/dostudni.com\/index.php\/produkt\/schmith-zestaw-pedzli-3-szt-20-25-50mm-sch07m0800\/","title":{"rendered":"Schmith Zestaw p\u0119dzli 3 szt.\/20\/25\/50mm SCH07M0800"},"content":{"rendered":"<p>SCHMITH ZESTAW P\u0118DZLI 3 SZT. 20\/25\/50 MM SCH07M0800<\/p>\n<p>Przedmiotem sprzeda\u017cy jest zestaw p\u0119dzli marki Schmith, sk\u0142adaj\u0105cy si\u0119 z 3 sztuk o szeroko\u015bciach 20 mm, 25 mm oraz 50 mm, model SCH07M0800, przeznaczony do prac malarskich.<\/p>\n<p>Opis:<br \/>\nZestaw p\u0119dzli zosta\u0142 zaprojektowany do precyzyjnych i og\u00f3lnych prac malarskich. R\u00f3\u017cne szeroko\u015bci p\u0119dzli umo\u017cliwiaj\u0105 dopasowanie narz\u0119dzia do rodzaju powierzchni i charakteru pracy. Solidne w\u0142osie zapewnia r\u00f3wnomierne nak\u0142adanie farby oraz komfort u\u017cytkowania.<\/p>\n<p>Specyfikacja:<\/p>\n<p>* marka: Schmith<br \/>\n* model: SCH07M0800<br \/>\n* typ: zestaw p\u0119dzli<br \/>\n* ilo\u015b\u0107: 3 szt.<br \/>\n* szeroko\u015bci: 20 mm \/ 25 mm \/ 50 mm<\/p>\n<p>Zastosowanie:<\/p>\n<p>* prace malarskie i wyko\u0144czeniowe<br \/>\n* malowanie \u015bcian i element\u00f3w drewnianych<br \/>\n* prace remontowe<br \/>\n* zastosowania domowe i profesjonalne<\/p>\n<p>Stan produktu:<br \/>\nProdukt nowy, fabrycznie nieu\u017cywany.<\/p>\n<p>Dodatkowe informacje:<\/p>\n<p>* r\u00f3\u017cne rozmiary w zestawie<br \/>\n* r\u00f3wnomierne nak\u0142adanie farby<br \/>\n* wygodne u\u017cytkowanie<\/p>\n<p>Zapraszam do zakupu.<\/p>\n","protected":false},"excerpt":{"rendered":"<p>SCHMITH ZESTAW P\u0118DZLI 3 SZT. 20\/25\/50 MM SCH07M0800 Przedmiotem sprzeda\u017cy jest zestaw p\u0119dzli marki Schmith, sk\u0142adaj\u0105cy si\u0119 z 3 sztuk o szeroko\u015bciach 20 mm, 25 mm oraz 50 mm, model SCH07M0800, przeznaczony do prac malarskich. Opis: Zestaw p\u0119dzli zosta\u0142 zaprojektowany do precyzyjnych i og\u00f3lnych prac malarskich. R\u00f3\u017cne szeroko\u015bci p\u0119dzli umo\u017cliwiaj\u0105 dopasowanie narz\u0119dzia do rodzaju powierzchni [&hellip;]<\/p>\n","protected":false},"featured_media":3219,"comment_status":"open","ping_status":"closed","template":"","meta":[],"dostudni_label":[],"product_brand":[302],"product_cat":[24],"product_tag":[],"class_list":{"0":"post-3220","1":"product","2":"type-product","3":"status-publish","4":"has-post-thumbnail","6":"product_brand-schmith","7":"product_cat-akcesoria","8":"product_shipping_class-male","10":"first","11":"instock","12":"taxable","13":"shipping-taxable","14":"purchasable","15":"product-type-simple"},"_links":{"self":[{"href":"https:\/\/dostudni.com\/index.php\/wp-json\/wp\/v2\/product\/3220","targetHints":{"allow":["GET"]}}],"collection":[{"href":"https:\/\/dostudni.com\/index.php\/wp-json\/wp\/v2\/product"}],"about":[{"href":"https:\/\/dostudni.com\/index.php\/wp-json\/wp\/v2\/types\/product"}],"replies":[{"embeddable":true,"href":"https:\/\/dostudni.com\/index.php\/wp-json\/wp\/v2\/comments?post=3220"}],"wp:featuredmedia":[{"embeddable":true,"href":"https:\/\/dostudni.com\/index.php\/wp-json\/wp\/v2\/media\/3219"}],"wp:attachment":[{"href":"https:\/\/dostudni.com\/index.php\/wp-json\/wp\/v2\/media?parent=3220"}],"wp:term":[{"taxonomy":"dostudni_label","embeddable":true,"href":"https:\/\/dostudni.com\/index.php\/wp-json\/wp\/v2\/dostudni_label?post=3220"},{"taxonomy":"product_brand","embeddable":true,"href":"https:\/\/dostudni.com\/index.php\/wp-json\/wp\/v2\/product_brand?post=3220"},{"taxonomy":"product_cat","embeddable":true,"href":"https:\/\/dostudni.com\/index.php\/wp-json\/wp\/v2\/product_cat?post=3220"},{"taxonomy":"product_tag","embeddable":true,"href":"https:\/\/dostudni.com\/index.php\/wp-json\/wp\/v2\/product_tag?post=3220"}],"curies":[{"name":"wp","href":"https:\/\/api.w.org\/{rel}","templated":true}]}}