{"id":3251,"date":"2026-04-17T11:08:27","date_gmt":"2026-04-17T11:08:27","guid":{"rendered":"https:\/\/dostudni.com\/index.php\/produkt\/redukcja-elite-1x3-4-ocynkowana\/"},"modified":"2026-04-30T12:50:30","modified_gmt":"2026-04-30T12:50:30","slug":"redukcja-elite-1x3-4-ocynkowana","status":"publish","type":"product","link":"https:\/\/dostudni.com\/index.php\/produkt\/redukcja-elite-1x3-4-ocynkowana\/","title":{"rendered":"Redukcja Elite 1\u201dx3\/4\u201d ocynkowana"},"content":{"rendered":"<p>Redukcja Elite 1\u201d x 3\/4\u201d ocynkowana \u2013 trwa\u0142e po\u0142\u0105czenie instalacyjne<\/p>\n<p>Redukcja (nypel redukcyjny) ocynkowana 1\u201d x 3\/4\u201d to solidna z\u0142\u0105czka hydrauliczna umo\u017cliwiaj\u0105ca po\u0142\u0105czenie element\u00f3w instalacji o r\u00f3\u017cnych \u015brednicach. Wykonana z \u017celiwa ocynkowanego, zapewnia wysok\u0105 odporno\u015b\u0107 na korozj\u0119 oraz d\u0142ug\u0105 \u017cywotno\u015b\u0107 w wymagaj\u0105cych warunkach pracy.<\/p>\n<p>Zalety:<\/p>\n<p>* redukcja 1\u201d x 3\/4\u201d (GZ\/GZ)<br \/>\n* \u017celiwo ocynkowane \u2013 ochrona przed korozj\u0105<br \/>\n* szczelne i trwa\u0142e po\u0142\u0105czenie<br \/>\n* odporno\u015b\u0107 na wysokie ci\u015bnienie i temperatur\u0119<br \/>\n* szybki i prosty monta\u017c<\/p>\n<p>Zastosowanie:<\/p>\n<p>* instalacje wodne (zimna i ciep\u0142a woda)<br \/>\n* centralne ogrzewanie<br \/>\n* instalacje gazowe<br \/>\n* systemy przemys\u0142owe i pneumatyczne<\/p>\n<p>Specyfikacja:<\/p>\n<p>* rozmiar: 1\u201d x 3\/4\u201d (DN25\/DN20)<br \/>\n* materia\u0142: \u017celiwo ocynkowane<br \/>\n* typ gwintu: zewn\u0119trzny \/ zewn\u0119trzny<br \/>\n* maks. ci\u015bnienie robocze: do ok. 25 bar<br \/>\n* temperatura pracy: do ok. 120\u00b0C<\/p>\n<p>Uniwersalny element instalacyjny stosowany zar\u00f3wno w profesjonalnych systemach hydraulicznych, jak i w domowych instalacjach.<\/p>\n","protected":false},"excerpt":{"rendered":"<p>Redukcja Elite 1\u201d x 3\/4\u201d ocynkowana \u2013 trwa\u0142e po\u0142\u0105czenie instalacyjne Redukcja (nypel redukcyjny) ocynkowana 1\u201d x 3\/4\u201d to solidna z\u0142\u0105czka hydrauliczna umo\u017cliwiaj\u0105ca po\u0142\u0105czenie element\u00f3w instalacji o r\u00f3\u017cnych \u015brednicach. Wykonana z \u017celiwa ocynkowanego, zapewnia wysok\u0105 odporno\u015b\u0107 na korozj\u0119 oraz d\u0142ug\u0105 \u017cywotno\u015b\u0107 w wymagaj\u0105cych warunkach pracy. Zalety: * redukcja 1\u201d x 3\/4\u201d (GZ\/GZ) * \u017celiwo ocynkowane \u2013 [&hellip;]<\/p>\n","protected":false},"featured_media":3750,"comment_status":"open","ping_status":"closed","template":"","meta":[],"dostudni_label":[],"product_brand":[],"product_cat":[76],"product_tag":[],"class_list":{"0":"post-3251","1":"product","2":"type-product","3":"status-publish","4":"has-post-thumbnail","6":"product_cat-zlaczki","7":"product_shipping_class-male","9":"first","10":"instock","11":"taxable","12":"shipping-taxable","13":"purchasable","14":"product-type-simple"},"_links":{"self":[{"href":"https:\/\/dostudni.com\/index.php\/wp-json\/wp\/v2\/product\/3251","targetHints":{"allow":["GET"]}}],"collection":[{"href":"https:\/\/dostudni.com\/index.php\/wp-json\/wp\/v2\/product"}],"about":[{"href":"https:\/\/dostudni.com\/index.php\/wp-json\/wp\/v2\/types\/product"}],"replies":[{"embeddable":true,"href":"https:\/\/dostudni.com\/index.php\/wp-json\/wp\/v2\/comments?post=3251"}],"wp:featuredmedia":[{"embeddable":true,"href":"https:\/\/dostudni.com\/index.php\/wp-json\/wp\/v2\/media\/3750"}],"wp:attachment":[{"href":"https:\/\/dostudni.com\/index.php\/wp-json\/wp\/v2\/media?parent=3251"}],"wp:term":[{"taxonomy":"dostudni_label","embeddable":true,"href":"https:\/\/dostudni.com\/index.php\/wp-json\/wp\/v2\/dostudni_label?post=3251"},{"taxonomy":"product_brand","embeddable":true,"href":"https:\/\/dostudni.com\/index.php\/wp-json\/wp\/v2\/product_brand?post=3251"},{"taxonomy":"product_cat","embeddable":true,"href":"https:\/\/dostudni.com\/index.php\/wp-json\/wp\/v2\/product_cat?post=3251"},{"taxonomy":"product_tag","embeddable":true,"href":"https:\/\/dostudni.com\/index.php\/wp-json\/wp\/v2\/product_tag?post=3251"}],"curies":[{"name":"wp","href":"https:\/\/api.w.org\/{rel}","templated":true}]}}