{"id":3255,"date":"2026-04-17T11:08:30","date_gmt":"2026-04-17T11:08:30","guid":{"rendered":"https:\/\/dostudni.com\/index.php\/produkt\/zlaczka-zaciskowa-po-32x32\/"},"modified":"2026-04-27T06:30:38","modified_gmt":"2026-04-27T06:30:38","slug":"zlaczka-zaciskowa-po-32x32","status":"publish","type":"product","link":"https:\/\/dostudni.com\/index.php\/produkt\/zlaczka-zaciskowa-po-32x32\/","title":{"rendered":"Z\u0142\u0105czka zaciskowa \u201dPO\u201d 32&#215;32"},"content":{"rendered":"<p>Z\u0142\u0105czka zaciskowa \u201ePO\u201d 32&#215;32 \u2013 do rur PE<\/p>\n<p>Z\u0142\u0105czka zaciskowa 32&#215;32 typu PO to solidny element instalacyjny przeznaczony do \u0142\u0105czenia rur polietylenowych (PE). Dzi\u0119ki konstrukcji skr\u0119canej zapewnia szybki monta\u017c oraz szczelne i trwa\u0142e po\u0142\u0105czenie bez konieczno\u015bci u\u017cycia specjalistycznych narz\u0119dzi.<\/p>\n<p>Zalety:<\/p>\n<p>* po\u0142\u0105czenie zaciskowe 32 mm x 32 mm<br \/>\n* szybki i prosty monta\u017c<br \/>\n* wysoka szczelno\u015b\u0107 po\u0142\u0105czenia<br \/>\n* odporno\u015b\u0107 na korozj\u0119 i czynniki chemiczne<br \/>\n* mo\u017cliwo\u015b\u0107 stosowania w instalacjach wody pitnej<\/p>\n<p>Zastosowanie:<\/p>\n<p>* instalacje wodoci\u0105gowe<br \/>\n* systemy nawadniaj\u0105ce<br \/>\n* instalacje przemys\u0142owe i ogrodowe<br \/>\n* baseny i systemy wodne<\/p>\n<p>Specyfikacja:<\/p>\n<p>* rozmiar: 32 x 32 mm<br \/>\n* materia\u0142: polipropylen (PP)<br \/>\n* uszczelka: NBR<br \/>\n* pier\u015bcie\u0144 zaciskowy: POM<br \/>\n* maks. ci\u015bnienie robocze: PN16 (do 16 bar)<br \/>\n* temperatura pracy: 0\u201340\u00b0C<\/p>\n<p>Uniwersalna z\u0142\u0105czka do instalacji PE, gwarantuj\u0105ca trwa\u0142o\u015b\u0107 i niezawodno\u015b\u0107 w codziennym u\u017cytkowaniu.<\/p>\n","protected":false},"excerpt":{"rendered":"<p>Z\u0142\u0105czka zaciskowa \u201ePO\u201d 32&#215;32 \u2013 do rur PE Z\u0142\u0105czka zaciskowa 32&#215;32 typu PO to solidny element instalacyjny przeznaczony do \u0142\u0105czenia rur polietylenowych (PE). Dzi\u0119ki konstrukcji skr\u0119canej zapewnia szybki monta\u017c oraz szczelne i trwa\u0142e po\u0142\u0105czenie bez konieczno\u015bci u\u017cycia specjalistycznych narz\u0119dzi. Zalety: * po\u0142\u0105czenie zaciskowe 32 mm x 32 mm * szybki i prosty monta\u017c * wysoka [&hellip;]<\/p>\n","protected":false},"featured_media":3252,"comment_status":"open","ping_status":"closed","template":"","meta":[],"dostudni_label":[],"product_brand":[],"product_cat":[76],"product_tag":[],"class_list":{"0":"post-3255","1":"product","2":"type-product","3":"status-publish","4":"has-post-thumbnail","6":"product_cat-zlaczki","7":"product_shipping_class-male","9":"first","10":"instock","11":"taxable","12":"shipping-taxable","13":"purchasable","14":"product-type-simple"},"_links":{"self":[{"href":"https:\/\/dostudni.com\/index.php\/wp-json\/wp\/v2\/product\/3255","targetHints":{"allow":["GET"]}}],"collection":[{"href":"https:\/\/dostudni.com\/index.php\/wp-json\/wp\/v2\/product"}],"about":[{"href":"https:\/\/dostudni.com\/index.php\/wp-json\/wp\/v2\/types\/product"}],"replies":[{"embeddable":true,"href":"https:\/\/dostudni.com\/index.php\/wp-json\/wp\/v2\/comments?post=3255"}],"wp:featuredmedia":[{"embeddable":true,"href":"https:\/\/dostudni.com\/index.php\/wp-json\/wp\/v2\/media\/3252"}],"wp:attachment":[{"href":"https:\/\/dostudni.com\/index.php\/wp-json\/wp\/v2\/media?parent=3255"}],"wp:term":[{"taxonomy":"dostudni_label","embeddable":true,"href":"https:\/\/dostudni.com\/index.php\/wp-json\/wp\/v2\/dostudni_label?post=3255"},{"taxonomy":"product_brand","embeddable":true,"href":"https:\/\/dostudni.com\/index.php\/wp-json\/wp\/v2\/product_brand?post=3255"},{"taxonomy":"product_cat","embeddable":true,"href":"https:\/\/dostudni.com\/index.php\/wp-json\/wp\/v2\/product_cat?post=3255"},{"taxonomy":"product_tag","embeddable":true,"href":"https:\/\/dostudni.com\/index.php\/wp-json\/wp\/v2\/product_tag?post=3255"}],"curies":[{"name":"wp","href":"https:\/\/api.w.org\/{rel}","templated":true}]}}