{"id":3262,"date":"2026-04-17T11:08:43","date_gmt":"2026-04-17T11:08:43","guid":{"rendered":"https:\/\/dostudni.com\/index.php\/produkt\/trojnik-nakretny-3-4-ocynkowany\/"},"modified":"2026-04-30T14:37:16","modified_gmt":"2026-04-30T14:37:16","slug":"trojnik-nakretny-3-4-ocynkowany","status":"publish","type":"product","link":"https:\/\/dostudni.com\/index.php\/produkt\/trojnik-nakretny-3-4-ocynkowany\/","title":{"rendered":"Tr\u00f3jnik nakr\u0119tny 3\/4\u201d ocynkowany"},"content":{"rendered":"<p>TR\u00d3JNIK NAKR\u0118TNY 3\/4&#8243; OCYNKOWANY<\/p>\n<p>Przedmiotem sprzeda\u017cy jest tr\u00f3jnik nakr\u0119tny 3\/4&#8243; wykonany z metalu ocynkowanego, przeznaczony do \u0142\u0105czenia i rozdzielania instalacji rurowych.<\/p>\n<p>Opis:<br \/>\nTr\u00f3jnik zosta\u0142 zaprojektowany do tworzenia rozga\u0142\u0119zie\u0144 w instalacjach wodnych, hydraulicznych oraz technicznych. Ocynkowana powierzchnia zapewnia zwi\u0119kszon\u0105 odporno\u015b\u0107 na korozj\u0119 oraz wyd\u0142u\u017con\u0105 \u017cywotno\u015b\u0107 elementu. Solidna konstrukcja gwarantuje szczelno\u015b\u0107 i trwa\u0142o\u015b\u0107 po\u0142\u0105cze\u0144.<\/p>\n<p>Specyfikacja:<\/p>\n<p>* typ: tr\u00f3jnik nakr\u0119tny<br \/>\n* rozmiar: 3\/4&#8243;<br \/>\n* materia\u0142: stal ocynkowana<br \/>\n* wyko\u0144czenie: ocynk<\/p>\n<p>Zastosowanie:<\/p>\n<p>* instalacje wodne i hydrauliczne<br \/>\n* systemy rurowe<br \/>\n* prace monta\u017cowe i serwisowe<br \/>\n* zastosowania profesjonalne i domowe<\/p>\n<p>Stan produktu:<br \/>\nProdukt nowy, fabrycznie nieu\u017cywany.<\/p>\n<p>Dodatkowe informacje:<\/p>\n<p>* odporno\u015b\u0107 na korozj\u0119 dzi\u0119ki ocynkowaniu<br \/>\n* \u0142atwy monta\u017c i demonta\u017c<br \/>\n* solidne i szczelne po\u0142\u0105czenia<\/p>\n<p>Zapraszam do zakupu.<\/p>\n","protected":false},"excerpt":{"rendered":"<p>TR\u00d3JNIK NAKR\u0118TNY 3\/4&#8243; OCYNKOWANY Przedmiotem sprzeda\u017cy jest tr\u00f3jnik nakr\u0119tny 3\/4&#8243; wykonany z metalu ocynkowanego, przeznaczony do \u0142\u0105czenia i rozdzielania instalacji rurowych. Opis: Tr\u00f3jnik zosta\u0142 zaprojektowany do tworzenia rozga\u0142\u0119zie\u0144 w instalacjach wodnych, hydraulicznych oraz technicznych. Ocynkowana powierzchnia zapewnia zwi\u0119kszon\u0105 odporno\u015b\u0107 na korozj\u0119 oraz wyd\u0142u\u017con\u0105 \u017cywotno\u015b\u0107 elementu. Solidna konstrukcja gwarantuje szczelno\u015b\u0107 i trwa\u0142o\u015b\u0107 po\u0142\u0105cze\u0144. Specyfikacja: * typ: [&hellip;]<\/p>\n","protected":false},"featured_media":3877,"comment_status":"open","ping_status":"closed","template":"","meta":[],"dostudni_label":[],"product_brand":[],"product_cat":[76],"product_tag":[],"class_list":{"0":"post-3262","1":"product","2":"type-product","3":"status-publish","4":"has-post-thumbnail","6":"product_cat-zlaczki","7":"product_shipping_class-male","9":"first","10":"instock","11":"taxable","12":"shipping-taxable","13":"purchasable","14":"product-type-simple"},"_links":{"self":[{"href":"https:\/\/dostudni.com\/index.php\/wp-json\/wp\/v2\/product\/3262","targetHints":{"allow":["GET"]}}],"collection":[{"href":"https:\/\/dostudni.com\/index.php\/wp-json\/wp\/v2\/product"}],"about":[{"href":"https:\/\/dostudni.com\/index.php\/wp-json\/wp\/v2\/types\/product"}],"replies":[{"embeddable":true,"href":"https:\/\/dostudni.com\/index.php\/wp-json\/wp\/v2\/comments?post=3262"}],"wp:featuredmedia":[{"embeddable":true,"href":"https:\/\/dostudni.com\/index.php\/wp-json\/wp\/v2\/media\/3877"}],"wp:attachment":[{"href":"https:\/\/dostudni.com\/index.php\/wp-json\/wp\/v2\/media?parent=3262"}],"wp:term":[{"taxonomy":"dostudni_label","embeddable":true,"href":"https:\/\/dostudni.com\/index.php\/wp-json\/wp\/v2\/dostudni_label?post=3262"},{"taxonomy":"product_brand","embeddable":true,"href":"https:\/\/dostudni.com\/index.php\/wp-json\/wp\/v2\/product_brand?post=3262"},{"taxonomy":"product_cat","embeddable":true,"href":"https:\/\/dostudni.com\/index.php\/wp-json\/wp\/v2\/product_cat?post=3262"},{"taxonomy":"product_tag","embeddable":true,"href":"https:\/\/dostudni.com\/index.php\/wp-json\/wp\/v2\/product_tag?post=3262"}],"curies":[{"name":"wp","href":"https:\/\/api.w.org\/{rel}","templated":true}]}}