{"id":3265,"date":"2026-04-17T11:08:45","date_gmt":"2026-04-17T11:08:45","guid":{"rendered":"https:\/\/dostudni.com\/index.php\/produkt\/redukcja-elite-2-x-1-2-ocynk\/"},"modified":"2026-04-30T12:50:31","modified_gmt":"2026-04-30T12:50:31","slug":"redukcja-elite-2-x-1-2-ocynk","status":"publish","type":"product","link":"https:\/\/dostudni.com\/index.php\/produkt\/redukcja-elite-2-x-1-2-ocynk\/","title":{"rendered":"Redukcja Elite 2\u201d x 1\/2\u201d ocynk"},"content":{"rendered":"<p>REDUKCJA ELITE 2&#8243; x 1\/2&#8243; OCYNK<\/p>\n<p>Przedmiotem sprzeda\u017cy jest redukcja Elite 2&#8243; x 1\/2&#8243; wykonana ze stali ocynkowanej, przeznaczona do \u0142\u0105czenia element\u00f3w instalacji o r\u00f3\u017cnych \u015brednicach.<\/p>\n<p>Opis:<br \/>\nRedukcja zosta\u0142a zaprojektowana do trwa\u0142ego i szczelnego \u0142\u0105czenia rur oraz element\u00f3w instalacyjnych o r\u00f3\u017cnych rozmiarach gwintu. Wykonanie z ocynkowanej stali zapewnia zwi\u0119kszon\u0105 odporno\u015b\u0107 na korozj\u0119 oraz d\u0142ug\u0105 \u017cywotno\u015b\u0107 elementu. Solidna konstrukcja gwarantuje stabilno\u015b\u0107 i bezpiecze\u0144stwo po\u0142\u0105cze\u0144.<\/p>\n<p>Specyfikacja:<\/p>\n<p>* marka: Elite<br \/>\n* typ: redukcja<br \/>\n* rozmiar: 2&#8243; x 1\/2&#8243;<br \/>\n* materia\u0142: stal ocynkowana<br \/>\n* wyko\u0144czenie: ocynk<\/p>\n<p>Zastosowanie:<\/p>\n<p>* instalacje wodne i hydrauliczne<br \/>\n* systemy rurowe i techniczne<br \/>\n* prace monta\u017cowe<br \/>\n* zastosowania profesjonalne i domowe<\/p>\n<p>Stan produktu:<br \/>\nProdukt nowy, fabrycznie nieu\u017cywany.<\/p>\n<p>Dodatkowe informacje:<\/p>\n<p>* wysoka odporno\u015b\u0107 na korozj\u0119<br \/>\n* trwa\u0142e i szczelne po\u0142\u0105czenie<br \/>\n* \u0142atwy monta\u017c<\/p>\n<p>Zapraszam do zakupu.<\/p>\n","protected":false},"excerpt":{"rendered":"<p>REDUKCJA ELITE 2&#8243; x 1\/2&#8243; OCYNK Przedmiotem sprzeda\u017cy jest redukcja Elite 2&#8243; x 1\/2&#8243; wykonana ze stali ocynkowanej, przeznaczona do \u0142\u0105czenia element\u00f3w instalacji o r\u00f3\u017cnych \u015brednicach. Opis: Redukcja zosta\u0142a zaprojektowana do trwa\u0142ego i szczelnego \u0142\u0105czenia rur oraz element\u00f3w instalacyjnych o r\u00f3\u017cnych rozmiarach gwintu. Wykonanie z ocynkowanej stali zapewnia zwi\u0119kszon\u0105 odporno\u015b\u0107 na korozj\u0119 oraz d\u0142ug\u0105 \u017cywotno\u015b\u0107 [&hellip;]<\/p>\n","protected":false},"featured_media":3752,"comment_status":"open","ping_status":"closed","template":"","meta":[],"dostudni_label":[],"product_brand":[],"product_cat":[76],"product_tag":[],"class_list":{"0":"post-3265","1":"product","2":"type-product","3":"status-publish","4":"has-post-thumbnail","6":"product_cat-zlaczki","7":"product_shipping_class-male","9":"first","10":"instock","11":"taxable","12":"shipping-taxable","13":"purchasable","14":"product-type-simple"},"_links":{"self":[{"href":"https:\/\/dostudni.com\/index.php\/wp-json\/wp\/v2\/product\/3265","targetHints":{"allow":["GET"]}}],"collection":[{"href":"https:\/\/dostudni.com\/index.php\/wp-json\/wp\/v2\/product"}],"about":[{"href":"https:\/\/dostudni.com\/index.php\/wp-json\/wp\/v2\/types\/product"}],"replies":[{"embeddable":true,"href":"https:\/\/dostudni.com\/index.php\/wp-json\/wp\/v2\/comments?post=3265"}],"wp:featuredmedia":[{"embeddable":true,"href":"https:\/\/dostudni.com\/index.php\/wp-json\/wp\/v2\/media\/3752"}],"wp:attachment":[{"href":"https:\/\/dostudni.com\/index.php\/wp-json\/wp\/v2\/media?parent=3265"}],"wp:term":[{"taxonomy":"dostudni_label","embeddable":true,"href":"https:\/\/dostudni.com\/index.php\/wp-json\/wp\/v2\/dostudni_label?post=3265"},{"taxonomy":"product_brand","embeddable":true,"href":"https:\/\/dostudni.com\/index.php\/wp-json\/wp\/v2\/product_brand?post=3265"},{"taxonomy":"product_cat","embeddable":true,"href":"https:\/\/dostudni.com\/index.php\/wp-json\/wp\/v2\/product_cat?post=3265"},{"taxonomy":"product_tag","embeddable":true,"href":"https:\/\/dostudni.com\/index.php\/wp-json\/wp\/v2\/product_tag?post=3265"}],"curies":[{"name":"wp","href":"https:\/\/api.w.org\/{rel}","templated":true}]}}