{"id":3269,"date":"2026-04-17T11:08:48","date_gmt":"2026-04-17T11:08:48","guid":{"rendered":"https:\/\/dostudni.com\/index.php\/produkt\/schmith-szybkozlaczka-1-2-bez-stopu-fest-sgsz-01\/"},"modified":"2026-04-20T09:51:31","modified_gmt":"2026-04-20T09:51:31","slug":"schmith-szybkozlaczka-1-2-bez-stopu-fest-sgsz-01","status":"publish","type":"product","link":"https:\/\/dostudni.com\/index.php\/produkt\/schmith-szybkozlaczka-1-2-bez-stopu-fest-sgsz-01\/","title":{"rendered":"Schmith Szybkoz\u0142\u0105czka 1\/2\u201d bez stopu FEST  SGSZ-01"},"content":{"rendered":"<p>SCHMITH SZYBKOZ\u0141\u0104CZKA 1\/2&#8243; BEZ STOPU FEST SGSZ-01<\/p>\n<p>Przedmiotem sprzeda\u017cy jest szybkoz\u0142\u0105czka 1\/2&#8243; marki Schmith, model SGSZ-01, przeznaczona do instalacji wodnych i system\u00f3w nawadniaj\u0105cych.<\/p>\n<p>Opis:<br \/>\nSzybkoz\u0142\u0105czka zosta\u0142a zaprojektowana do szybkiego i wygodnego \u0142\u0105czenia element\u00f3w instalacji wodnych oraz ogrodowych. Konstrukcja bez funkcji stopu zapewnia swobodny przep\u0142yw wody. Produkt wykonany z trwa\u0142ych materia\u0142\u00f3w, gwarantuj\u0105cych szczelno\u015b\u0107 oraz odporno\u015b\u0107 na codzienne u\u017cytkowanie.<\/p>\n<p>Specyfikacja:<\/p>\n<p>* marka: Schmith<br \/>\n* model: SGSZ-01<br \/>\n* typ: szybkoz\u0142\u0105czka<br \/>\n* rozmiar: 1\/2&#8243;<br \/>\n* funkcja: bez stopu<\/p>\n<p>Zastosowanie:<\/p>\n<p>* instalacje wodne<br \/>\n* systemy nawadniania<br \/>\n* prace ogrodowe<br \/>\n* zastosowania domowe i p\u00f3\u0142profesjonalne<\/p>\n<p>Stan produktu:<br \/>\nProdukt nowy, fabrycznie nieu\u017cywany.<\/p>\n<p>Dodatkowe informacje:<\/p>\n<p>* szybki monta\u017c i demonta\u017c<br \/>\n* szczelne po\u0142\u0105czenie<br \/>\n* odporno\u015b\u0107 na warunki eksploatacyjne<\/p>\n<p>Zapraszam do zakupu.<\/p>\n","protected":false},"excerpt":{"rendered":"<p>SCHMITH SZYBKOZ\u0141\u0104CZKA 1\/2&#8243; BEZ STOPU FEST SGSZ-01 Przedmiotem sprzeda\u017cy jest szybkoz\u0142\u0105czka 1\/2&#8243; marki Schmith, model SGSZ-01, przeznaczona do instalacji wodnych i system\u00f3w nawadniaj\u0105cych. Opis: Szybkoz\u0142\u0105czka zosta\u0142a zaprojektowana do szybkiego i wygodnego \u0142\u0105czenia element\u00f3w instalacji wodnych oraz ogrodowych. Konstrukcja bez funkcji stopu zapewnia swobodny przep\u0142yw wody. Produkt wykonany z trwa\u0142ych materia\u0142\u00f3w, gwarantuj\u0105cych szczelno\u015b\u0107 oraz odporno\u015b\u0107 na [&hellip;]<\/p>\n","protected":false},"featured_media":3266,"comment_status":"open","ping_status":"closed","template":"","meta":[],"dostudni_label":[],"product_brand":[302],"product_cat":[76],"product_tag":[],"class_list":{"0":"post-3269","1":"product","2":"type-product","3":"status-publish","4":"has-post-thumbnail","6":"product_brand-schmith","7":"product_cat-zlaczki","8":"product_shipping_class-male","10":"first","11":"instock","12":"taxable","13":"shipping-taxable","14":"purchasable","15":"product-type-simple"},"_links":{"self":[{"href":"https:\/\/dostudni.com\/index.php\/wp-json\/wp\/v2\/product\/3269","targetHints":{"allow":["GET"]}}],"collection":[{"href":"https:\/\/dostudni.com\/index.php\/wp-json\/wp\/v2\/product"}],"about":[{"href":"https:\/\/dostudni.com\/index.php\/wp-json\/wp\/v2\/types\/product"}],"replies":[{"embeddable":true,"href":"https:\/\/dostudni.com\/index.php\/wp-json\/wp\/v2\/comments?post=3269"}],"wp:featuredmedia":[{"embeddable":true,"href":"https:\/\/dostudni.com\/index.php\/wp-json\/wp\/v2\/media\/3266"}],"wp:attachment":[{"href":"https:\/\/dostudni.com\/index.php\/wp-json\/wp\/v2\/media?parent=3269"}],"wp:term":[{"taxonomy":"dostudni_label","embeddable":true,"href":"https:\/\/dostudni.com\/index.php\/wp-json\/wp\/v2\/dostudni_label?post=3269"},{"taxonomy":"product_brand","embeddable":true,"href":"https:\/\/dostudni.com\/index.php\/wp-json\/wp\/v2\/product_brand?post=3269"},{"taxonomy":"product_cat","embeddable":true,"href":"https:\/\/dostudni.com\/index.php\/wp-json\/wp\/v2\/product_cat?post=3269"},{"taxonomy":"product_tag","embeddable":true,"href":"https:\/\/dostudni.com\/index.php\/wp-json\/wp\/v2\/product_tag?post=3269"}],"curies":[{"name":"wp","href":"https:\/\/api.w.org\/{rel}","templated":true}]}}