{"id":3277,"date":"2026-04-17T11:08:55","date_gmt":"2026-04-17T11:08:55","guid":{"rendered":"https:\/\/dostudni.com\/index.php\/produkt\/redukcja-elite-3-4-x-1-2\/"},"modified":"2026-04-30T12:50:32","modified_gmt":"2026-04-30T12:50:32","slug":"redukcja-elite-3-4-x-1-2","status":"publish","type":"product","link":"https:\/\/dostudni.com\/index.php\/produkt\/redukcja-elite-3-4-x-1-2\/","title":{"rendered":"Redukcja Elite 3\/4\u201d x 1\/2\u201d"},"content":{"rendered":"<p>REDUKCJA ELITE 3\/4&#8243; x 1\/2&#8243;<\/p>\n<p>Przedmiotem sprzeda\u017cy jest redukcja marki Elite 3\/4&#8243; x 1\/2&#8243;, przeznaczona do \u0142\u0105czenia element\u00f3w instalacji o r\u00f3\u017cnych \u015brednicach i gwintach.<\/p>\n<p>Opis:<br \/>\nRedukcja zosta\u0142a zaprojektowana do trwa\u0142ego i szczelnego \u0142\u0105czenia element\u00f3w instalacyjnych o r\u00f3\u017cnych rozmiarach. Solidne wykonanie zapewnia wysok\u0105 wytrzyma\u0142o\u015b\u0107 oraz odporno\u015b\u0107 na standardowe warunki eksploatacyjne. Precyzyjne gwinty gwarantuj\u0105 pewne i stabilne po\u0142\u0105czenie.<\/p>\n<p>Specyfikacja:<\/p>\n<p>* marka: Elite<br \/>\n* typ: redukcja<br \/>\n* rozmiar: 3\/4&#8243; x 1\/2&#8243;<br \/>\n* materia\u0142: metal<br \/>\n* wyko\u0144czenie: (je\u015bli dotyczy)<\/p>\n<p>Zastosowanie:<\/p>\n<p>* instalacje wodne i hydrauliczne<br \/>\n* systemy rurowe<br \/>\n* prace monta\u017cowe i serwisowe<br \/>\n* zastosowania domowe i profesjonalne<\/p>\n<p>Stan produktu:<br \/>\nProdukt nowy, fabrycznie nieu\u017cywany.<\/p>\n<p>Dodatkowe informacje:<\/p>\n<p>* szczelne po\u0142\u0105czenie<br \/>\n* \u0142atwy monta\u017c<br \/>\n* uniwersalne zastosowanie<\/p>\n<p>Zapraszam do zakupu.<\/p>\n","protected":false},"excerpt":{"rendered":"<p>REDUKCJA ELITE 3\/4&#8243; x 1\/2&#8243; Przedmiotem sprzeda\u017cy jest redukcja marki Elite 3\/4&#8243; x 1\/2&#8243;, przeznaczona do \u0142\u0105czenia element\u00f3w instalacji o r\u00f3\u017cnych \u015brednicach i gwintach. Opis: Redukcja zosta\u0142a zaprojektowana do trwa\u0142ego i szczelnego \u0142\u0105czenia element\u00f3w instalacyjnych o r\u00f3\u017cnych rozmiarach. Solidne wykonanie zapewnia wysok\u0105 wytrzyma\u0142o\u015b\u0107 oraz odporno\u015b\u0107 na standardowe warunki eksploatacyjne. Precyzyjne gwinty gwarantuj\u0105 pewne i stabilne [&hellip;]<\/p>\n","protected":false},"featured_media":3754,"comment_status":"open","ping_status":"closed","template":"","meta":[],"dostudni_label":[],"product_brand":[],"product_cat":[76],"product_tag":[],"class_list":{"0":"post-3277","1":"product","2":"type-product","3":"status-publish","4":"has-post-thumbnail","6":"product_cat-zlaczki","7":"product_shipping_class-male","9":"first","10":"instock","11":"taxable","12":"shipping-taxable","13":"purchasable","14":"product-type-simple"},"_links":{"self":[{"href":"https:\/\/dostudni.com\/index.php\/wp-json\/wp\/v2\/product\/3277","targetHints":{"allow":["GET"]}}],"collection":[{"href":"https:\/\/dostudni.com\/index.php\/wp-json\/wp\/v2\/product"}],"about":[{"href":"https:\/\/dostudni.com\/index.php\/wp-json\/wp\/v2\/types\/product"}],"replies":[{"embeddable":true,"href":"https:\/\/dostudni.com\/index.php\/wp-json\/wp\/v2\/comments?post=3277"}],"wp:featuredmedia":[{"embeddable":true,"href":"https:\/\/dostudni.com\/index.php\/wp-json\/wp\/v2\/media\/3754"}],"wp:attachment":[{"href":"https:\/\/dostudni.com\/index.php\/wp-json\/wp\/v2\/media?parent=3277"}],"wp:term":[{"taxonomy":"dostudni_label","embeddable":true,"href":"https:\/\/dostudni.com\/index.php\/wp-json\/wp\/v2\/dostudni_label?post=3277"},{"taxonomy":"product_brand","embeddable":true,"href":"https:\/\/dostudni.com\/index.php\/wp-json\/wp\/v2\/product_brand?post=3277"},{"taxonomy":"product_cat","embeddable":true,"href":"https:\/\/dostudni.com\/index.php\/wp-json\/wp\/v2\/product_cat?post=3277"},{"taxonomy":"product_tag","embeddable":true,"href":"https:\/\/dostudni.com\/index.php\/wp-json\/wp\/v2\/product_tag?post=3277"}],"curies":[{"name":"wp","href":"https:\/\/api.w.org\/{rel}","templated":true}]}}