{"id":3282,"date":"2026-04-17T11:08:57","date_gmt":"2026-04-17T11:08:57","guid":{"rendered":"https:\/\/dostudni.com\/index.php\/produkt\/nypel-2x1\/"},"modified":"2026-04-30T14:47:56","modified_gmt":"2026-04-30T14:47:56","slug":"nypel-2x1","status":"publish","type":"product","link":"https:\/\/dostudni.com\/index.php\/produkt\/nypel-2x1\/","title":{"rendered":"Nypel 2&#8221;x1"},"content":{"rendered":"<p>NYPEL 2&#8243; x 1&#8243;<\/p>\n<p>Przedmiotem sprzeda\u017cy jest nypel redukcyjny 2&#8243; x 1&#8243;, przeznaczony do \u0142\u0105czenia element\u00f3w instalacji rurowych o r\u00f3\u017cnych \u015brednicach gwintu.<\/p>\n<p>Opis:<br \/>\nNypel zosta\u0142 zaprojektowany do trwa\u0142ego i szczelnego \u0142\u0105czenia element\u00f3w instalacyjnych. Wykonany z wytrzyma\u0142ego materia\u0142u zapewnia odporno\u015b\u0107 na standardowe warunki pracy w instalacjach wodnych i technicznych. Precyzyjne gwinty gwarantuj\u0105 pewne i stabilne po\u0142\u0105czenie.<\/p>\n<p>Specyfikacja:<\/p>\n<p>* typ: nypel redukcyjny<br \/>\n* rozmiar: 2&#8243; x 1&#8243;<br \/>\n* materia\u0142: metal<br \/>\n* gwint: zewn\u0119trzny \/ zewn\u0119trzny<\/p>\n<p>Zastosowanie:<\/p>\n<p>* instalacje wodne i hydrauliczne<br \/>\n* systemy rurowe<br \/>\n* prace monta\u017cowe i serwisowe<br \/>\n* zastosowania domowe i profesjonalne<\/p>\n<p>Stan produktu:<br \/>\nProdukt nowy, fabrycznie nieu\u017cywany.<\/p>\n<p>Dodatkowe informacje:<\/p>\n<p>* szczelne i trwa\u0142e po\u0142\u0105czenie<br \/>\n* \u0142atwy monta\u017c<br \/>\n* uniwersalne zastosowanie<\/p>\n<p>Zapraszam do zakupu.<\/p>\n","protected":false},"excerpt":{"rendered":"<p>NYPEL 2&#8243; x 1&#8243; Przedmiotem sprzeda\u017cy jest nypel redukcyjny 2&#8243; x 1&#8243;, przeznaczony do \u0142\u0105czenia element\u00f3w instalacji rurowych o r\u00f3\u017cnych \u015brednicach gwintu. Opis: Nypel zosta\u0142 zaprojektowany do trwa\u0142ego i szczelnego \u0142\u0105czenia element\u00f3w instalacyjnych. Wykonany z wytrzyma\u0142ego materia\u0142u zapewnia odporno\u015b\u0107 na standardowe warunki pracy w instalacjach wodnych i technicznych. Precyzyjne gwinty gwarantuj\u0105 pewne i stabilne po\u0142\u0105czenie. [&hellip;]<\/p>\n","protected":false},"featured_media":3884,"comment_status":"open","ping_status":"closed","template":"","meta":[],"dostudni_label":[],"product_brand":[],"product_cat":[76],"product_tag":[],"class_list":{"0":"post-3282","1":"product","2":"type-product","3":"status-publish","4":"has-post-thumbnail","6":"product_cat-zlaczki","7":"product_shipping_class-male","9":"first","10":"instock","11":"taxable","12":"shipping-taxable","13":"purchasable","14":"product-type-simple"},"_links":{"self":[{"href":"https:\/\/dostudni.com\/index.php\/wp-json\/wp\/v2\/product\/3282","targetHints":{"allow":["GET"]}}],"collection":[{"href":"https:\/\/dostudni.com\/index.php\/wp-json\/wp\/v2\/product"}],"about":[{"href":"https:\/\/dostudni.com\/index.php\/wp-json\/wp\/v2\/types\/product"}],"replies":[{"embeddable":true,"href":"https:\/\/dostudni.com\/index.php\/wp-json\/wp\/v2\/comments?post=3282"}],"wp:featuredmedia":[{"embeddable":true,"href":"https:\/\/dostudni.com\/index.php\/wp-json\/wp\/v2\/media\/3884"}],"wp:attachment":[{"href":"https:\/\/dostudni.com\/index.php\/wp-json\/wp\/v2\/media?parent=3282"}],"wp:term":[{"taxonomy":"dostudni_label","embeddable":true,"href":"https:\/\/dostudni.com\/index.php\/wp-json\/wp\/v2\/dostudni_label?post=3282"},{"taxonomy":"product_brand","embeddable":true,"href":"https:\/\/dostudni.com\/index.php\/wp-json\/wp\/v2\/product_brand?post=3282"},{"taxonomy":"product_cat","embeddable":true,"href":"https:\/\/dostudni.com\/index.php\/wp-json\/wp\/v2\/product_cat?post=3282"},{"taxonomy":"product_tag","embeddable":true,"href":"https:\/\/dostudni.com\/index.php\/wp-json\/wp\/v2\/product_tag?post=3282"}],"curies":[{"name":"wp","href":"https:\/\/api.w.org\/{rel}","templated":true}]}}