{"id":3285,"date":"2026-04-17T11:08:59","date_gmt":"2026-04-17T11:08:59","guid":{"rendered":"https:\/\/dostudni.com\/index.php\/produkt\/mufa-elite-3-4-ocynkowana\/"},"modified":"2026-04-30T14:52:08","modified_gmt":"2026-04-30T14:52:08","slug":"mufa-elite-3-4-ocynkowana","status":"publish","type":"product","link":"https:\/\/dostudni.com\/index.php\/produkt\/mufa-elite-3-4-ocynkowana\/","title":{"rendered":"Mufa Elite 3\/4 ocynkowana"},"content":{"rendered":"<p>MUFA ELITE 3\/4&#8243; OCYNKOWANA<\/p>\n<p>Przedmiotem sprzeda\u017cy jest mufa marki Elite 3\/4&#8243;, wykonana ze stali ocynkowanej, przeznaczona do \u0142\u0105czenia element\u00f3w instalacji rurowych.<\/p>\n<p>Opis:<br \/>\nMufa zosta\u0142a zaprojektowana do trwa\u0142ego i szczelnego \u0142\u0105czenia rur oraz element\u00f3w instalacyjnych o gwincie 3\/4&#8243;. Ocynkowana powierzchnia zapewnia zwi\u0119kszon\u0105 odporno\u015b\u0107 na korozj\u0119 oraz d\u0142u\u017csz\u0105 \u017cywotno\u015b\u0107 elementu. Solidna konstrukcja gwarantuje pewne i stabilne po\u0142\u0105czenie w instalacjach wodnych i technicznych.<\/p>\n<p>Specyfikacja:<\/p>\n<p>* marka: Elite<br \/>\n* typ: mufa<br \/>\n* rozmiar: 3\/4&#8243;<br \/>\n* materia\u0142: stal ocynkowana<br \/>\n* wyko\u0144czenie: ocynk<\/p>\n<p>Zastosowanie:<\/p>\n<p>* instalacje wodne i hydrauliczne<br \/>\n* systemy rurowe<br \/>\n* prace monta\u017cowe i serwisowe<br \/>\n* zastosowania domowe i profesjonalne<\/p>\n<p>Stan produktu:<br \/>\nProdukt nowy, fabrycznie nieu\u017cywany.<\/p>\n<p>Dodatkowe informacje:<\/p>\n<p>* odporno\u015b\u0107 na korozj\u0119<br \/>\n* szczelne i trwa\u0142e po\u0142\u0105czenie<br \/>\n* \u0142atwy monta\u017c<\/p>\n<p>Zapraszam do zakupu.<\/p>\n","protected":false},"excerpt":{"rendered":"<p>MUFA ELITE 3\/4&#8243; OCYNKOWANA Przedmiotem sprzeda\u017cy jest mufa marki Elite 3\/4&#8243;, wykonana ze stali ocynkowanej, przeznaczona do \u0142\u0105czenia element\u00f3w instalacji rurowych. Opis: Mufa zosta\u0142a zaprojektowana do trwa\u0142ego i szczelnego \u0142\u0105czenia rur oraz element\u00f3w instalacyjnych o gwincie 3\/4&#8243;. Ocynkowana powierzchnia zapewnia zwi\u0119kszon\u0105 odporno\u015b\u0107 na korozj\u0119 oraz d\u0142u\u017csz\u0105 \u017cywotno\u015b\u0107 elementu. Solidna konstrukcja gwarantuje pewne i stabilne po\u0142\u0105czenie [&hellip;]<\/p>\n","protected":false},"featured_media":3898,"comment_status":"open","ping_status":"closed","template":"","meta":[],"dostudni_label":[],"product_brand":[],"product_cat":[76],"product_tag":[],"class_list":{"0":"post-3285","1":"product","2":"type-product","3":"status-publish","4":"has-post-thumbnail","6":"product_cat-zlaczki","7":"product_shipping_class-male","9":"first","10":"instock","11":"taxable","12":"shipping-taxable","13":"purchasable","14":"product-type-simple"},"_links":{"self":[{"href":"https:\/\/dostudni.com\/index.php\/wp-json\/wp\/v2\/product\/3285","targetHints":{"allow":["GET"]}}],"collection":[{"href":"https:\/\/dostudni.com\/index.php\/wp-json\/wp\/v2\/product"}],"about":[{"href":"https:\/\/dostudni.com\/index.php\/wp-json\/wp\/v2\/types\/product"}],"replies":[{"embeddable":true,"href":"https:\/\/dostudni.com\/index.php\/wp-json\/wp\/v2\/comments?post=3285"}],"wp:featuredmedia":[{"embeddable":true,"href":"https:\/\/dostudni.com\/index.php\/wp-json\/wp\/v2\/media\/3898"}],"wp:attachment":[{"href":"https:\/\/dostudni.com\/index.php\/wp-json\/wp\/v2\/media?parent=3285"}],"wp:term":[{"taxonomy":"dostudni_label","embeddable":true,"href":"https:\/\/dostudni.com\/index.php\/wp-json\/wp\/v2\/dostudni_label?post=3285"},{"taxonomy":"product_brand","embeddable":true,"href":"https:\/\/dostudni.com\/index.php\/wp-json\/wp\/v2\/product_brand?post=3285"},{"taxonomy":"product_cat","embeddable":true,"href":"https:\/\/dostudni.com\/index.php\/wp-json\/wp\/v2\/product_cat?post=3285"},{"taxonomy":"product_tag","embeddable":true,"href":"https:\/\/dostudni.com\/index.php\/wp-json\/wp\/v2\/product_tag?post=3285"}],"curies":[{"name":"wp","href":"https:\/\/api.w.org\/{rel}","templated":true}]}}