{"id":3293,"date":"2026-04-17T11:09:03","date_gmt":"2026-04-17T11:09:03","guid":{"rendered":"https:\/\/dostudni.com\/index.php\/produkt\/zlaczka-zaciskowa-po-50x50\/"},"modified":"2026-04-20T10:35:54","modified_gmt":"2026-04-20T10:35:54","slug":"zlaczka-zaciskowa-po-50x50","status":"publish","type":"product","link":"https:\/\/dostudni.com\/index.php\/produkt\/zlaczka-zaciskowa-po-50x50\/","title":{"rendered":"Z\u0142\u0105czka zaciskowa &#8221;PO&#8221; 50&#215;50"},"content":{"rendered":"<p>Z\u0141\u0104CZKA ZACISKOWA \u201ePO\u201d 50 x 50<\/p>\n<p>Przedmiotem sprzeda\u017cy jest z\u0142\u0105czka zaciskowa typu \u201ePO\u201d o wymiarach 50 x 50, przeznaczona do \u0142\u0105czenia element\u00f3w instalacji rurowych.<\/p>\n<p>Opis:<br \/>\nZ\u0142\u0105czka zaciskowa zosta\u0142a zaprojektowana do trwa\u0142ego i szczelnego \u0142\u0105czenia rur o tej samej \u015brednicy. Mechanizm zaciskowy zapewnia szybki monta\u017c oraz pewne i stabilne po\u0142\u0105czenie bez konieczno\u015bci stosowania skomplikowanych narz\u0119dzi. Wykonana z wytrzyma\u0142ych materia\u0142\u00f3w gwarantuje odporno\u015b\u0107 na standardowe warunki eksploatacyjne.<\/p>\n<p>Specyfikacja:<\/p>\n<p>* typ: z\u0142\u0105czka zaciskowa \u201ePO\u201d<br \/>\n* rozmiar: 50 x 50<br \/>\n* materia\u0142: tworzywo \/ metal (w zale\u017cno\u015bci od wersji)<br \/>\n* spos\u00f3b monta\u017cu: zaciskowy<\/p>\n<p>Zastosowanie:<\/p>\n<p>* instalacje wodne i techniczne<br \/>\n* systemy rurowe<br \/>\n* prace monta\u017cowe i serwisowe<br \/>\n* zastosowania domowe i profesjonalne<\/p>\n<p>Stan produktu:<br \/>\nProdukt nowy, fabrycznie nieu\u017cywany.<\/p>\n<p>Dodatkowe informacje:<\/p>\n<p>* szybki monta\u017c bez specjalistycznych narz\u0119dzi<br \/>\n* szczelne i trwa\u0142e po\u0142\u0105czenie<br \/>\n* uniwersalne zastosowanie<\/p>\n<p>Zapraszam do zakupu.<\/p>\n","protected":false},"excerpt":{"rendered":"<p>Z\u0141\u0104CZKA ZACISKOWA \u201ePO\u201d 50 x 50 Przedmiotem sprzeda\u017cy jest z\u0142\u0105czka zaciskowa typu \u201ePO\u201d o wymiarach 50 x 50, przeznaczona do \u0142\u0105czenia element\u00f3w instalacji rurowych. Opis: Z\u0142\u0105czka zaciskowa zosta\u0142a zaprojektowana do trwa\u0142ego i szczelnego \u0142\u0105czenia rur o tej samej \u015brednicy. Mechanizm zaciskowy zapewnia szybki monta\u017c oraz pewne i stabilne po\u0142\u0105czenie bez konieczno\u015bci stosowania skomplikowanych narz\u0119dzi. Wykonana [&hellip;]<\/p>\n","protected":false},"featured_media":3292,"comment_status":"open","ping_status":"closed","template":"","meta":[],"dostudni_label":[],"product_brand":[302],"product_cat":[76],"product_tag":[],"class_list":{"0":"post-3293","1":"product","2":"type-product","3":"status-publish","4":"has-post-thumbnail","6":"product_brand-schmith","7":"product_cat-zlaczki","8":"product_shipping_class-srednie-paczki","10":"first","11":"instock","12":"taxable","13":"shipping-taxable","14":"purchasable","15":"product-type-simple"},"_links":{"self":[{"href":"https:\/\/dostudni.com\/index.php\/wp-json\/wp\/v2\/product\/3293","targetHints":{"allow":["GET"]}}],"collection":[{"href":"https:\/\/dostudni.com\/index.php\/wp-json\/wp\/v2\/product"}],"about":[{"href":"https:\/\/dostudni.com\/index.php\/wp-json\/wp\/v2\/types\/product"}],"replies":[{"embeddable":true,"href":"https:\/\/dostudni.com\/index.php\/wp-json\/wp\/v2\/comments?post=3293"}],"wp:featuredmedia":[{"embeddable":true,"href":"https:\/\/dostudni.com\/index.php\/wp-json\/wp\/v2\/media\/3292"}],"wp:attachment":[{"href":"https:\/\/dostudni.com\/index.php\/wp-json\/wp\/v2\/media?parent=3293"}],"wp:term":[{"taxonomy":"dostudni_label","embeddable":true,"href":"https:\/\/dostudni.com\/index.php\/wp-json\/wp\/v2\/dostudni_label?post=3293"},{"taxonomy":"product_brand","embeddable":true,"href":"https:\/\/dostudni.com\/index.php\/wp-json\/wp\/v2\/product_brand?post=3293"},{"taxonomy":"product_cat","embeddable":true,"href":"https:\/\/dostudni.com\/index.php\/wp-json\/wp\/v2\/product_cat?post=3293"},{"taxonomy":"product_tag","embeddable":true,"href":"https:\/\/dostudni.com\/index.php\/wp-json\/wp\/v2\/product_tag?post=3293"}],"curies":[{"name":"wp","href":"https:\/\/api.w.org\/{rel}","templated":true}]}}