{"id":3311,"date":"2026-04-17T11:09:17","date_gmt":"2026-04-17T11:09:17","guid":{"rendered":"https:\/\/dostudni.com\/index.php\/produkt\/schmith-zlaczka-weza-1-2-i-58-z-gwintem-zew-3-4-sch14w02206\/"},"modified":"2026-04-20T09:51:31","modified_gmt":"2026-04-20T09:51:31","slug":"schmith-zlaczka-weza-1-2-i-58-z-gwintem-zew-3-4-sch14w02206","status":"publish","type":"product","link":"https:\/\/dostudni.com\/index.php\/produkt\/schmith-zlaczka-weza-1-2-i-58-z-gwintem-zew-3-4-sch14w02206\/","title":{"rendered":"Schmith Z\u0142\u0105czka w\u0119\u017ca 1\/2&#8221; i 5,8&#8221; z gwintem zew. 3\/4 SCH14W02206"},"content":{"rendered":"<p>SCHMITH Z\u0141\u0104CZKA W\u0118\u017bA 1\/2&#8243; i 5\/8&#8243; Z GWINTEM ZEWN. 3\/4&#8243; SCH14W02206<\/p>\n<p>Przedmiotem sprzeda\u017cy jest z\u0142\u0105czka w\u0119\u017ca marki Schmith, przeznaczona do \u0142\u0105czenia w\u0119\u017cy ogrodowych z gwintem zewn\u0119trznym 3\/4&#8243;, model SCH14W02206.<\/p>\n<p>Opis:<br \/>\nZ\u0142\u0105czka zosta\u0142a zaprojektowana do szybkiego i szczelnego \u0142\u0105czenia w\u0119\u017cy ogrodowych o \u015brednicy 1\/2&#8243; i 5\/8&#8243; z instalacjami zako\u0144czonymi gwintem 3\/4&#8243;. Solidna konstrukcja zapewnia trwa\u0142o\u015b\u0107, odporno\u015b\u0107 na warunki atmosferyczne oraz wygod\u0119 u\u017cytkowania. Umo\u017cliwia szybki monta\u017c bez u\u017cycia narz\u0119dzi.<\/p>\n<p>Specyfikacja:<\/p>\n<p>* marka: Schmith<br \/>\n* model: SCH14W02206<br \/>\n* typ: z\u0142\u0105czka w\u0119\u017ca<br \/>\n* kompatybilno\u015b\u0107 w\u0119\u017ca: 1\/2&#8243; i 5\/8&#8243;<br \/>\n* gwint: zewn\u0119trzny 3\/4&#8243;<\/p>\n<p>Zastosowanie:<\/p>\n<p>* systemy nawadniania ogrodu<br \/>\n* pod\u0142\u0105czanie w\u0119\u017cy ogrodowych<br \/>\n* prace ogrodowe i porz\u0105dkowe<br \/>\n* zastosowania domowe i p\u00f3\u0142profesjonalne<\/p>\n<p>Stan produktu:<br \/>\nProdukt nowy, fabrycznie nieu\u017cywany.<\/p>\n<p>Dodatkowe informacje:<\/p>\n<p>* szybki monta\u017c i demonta\u017c<br \/>\n* szczelne po\u0142\u0105czenie<br \/>\n* odporno\u015b\u0107 na warunki zewn\u0119trzne<\/p>\n<p>Zapraszam do zakupu.<\/p>\n","protected":false},"excerpt":{"rendered":"<p>SCHMITH Z\u0141\u0104CZKA W\u0118\u017bA 1\/2&#8243; i 5\/8&#8243; Z GWINTEM ZEWN. 3\/4&#8243; SCH14W02206 Przedmiotem sprzeda\u017cy jest z\u0142\u0105czka w\u0119\u017ca marki Schmith, przeznaczona do \u0142\u0105czenia w\u0119\u017cy ogrodowych z gwintem zewn\u0119trznym 3\/4&#8243;, model SCH14W02206. Opis: Z\u0142\u0105czka zosta\u0142a zaprojektowana do szybkiego i szczelnego \u0142\u0105czenia w\u0119\u017cy ogrodowych o \u015brednicy 1\/2&#8243; i 5\/8&#8243; z instalacjami zako\u0144czonymi gwintem 3\/4&#8243;. Solidna konstrukcja zapewnia trwa\u0142o\u015b\u0107, odporno\u015b\u0107 [&hellip;]<\/p>\n","protected":false},"featured_media":3306,"comment_status":"open","ping_status":"closed","template":"","meta":[],"dostudni_label":[],"product_brand":[302],"product_cat":[76],"product_tag":[],"class_list":{"0":"post-3311","1":"product","2":"type-product","3":"status-publish","4":"has-post-thumbnail","6":"product_brand-schmith","7":"product_cat-zlaczki","8":"product_shipping_class-male","10":"first","11":"instock","12":"taxable","13":"shipping-taxable","14":"purchasable","15":"product-type-simple"},"_links":{"self":[{"href":"https:\/\/dostudni.com\/index.php\/wp-json\/wp\/v2\/product\/3311","targetHints":{"allow":["GET"]}}],"collection":[{"href":"https:\/\/dostudni.com\/index.php\/wp-json\/wp\/v2\/product"}],"about":[{"href":"https:\/\/dostudni.com\/index.php\/wp-json\/wp\/v2\/types\/product"}],"replies":[{"embeddable":true,"href":"https:\/\/dostudni.com\/index.php\/wp-json\/wp\/v2\/comments?post=3311"}],"wp:featuredmedia":[{"embeddable":true,"href":"https:\/\/dostudni.com\/index.php\/wp-json\/wp\/v2\/media\/3306"}],"wp:attachment":[{"href":"https:\/\/dostudni.com\/index.php\/wp-json\/wp\/v2\/media?parent=3311"}],"wp:term":[{"taxonomy":"dostudni_label","embeddable":true,"href":"https:\/\/dostudni.com\/index.php\/wp-json\/wp\/v2\/dostudni_label?post=3311"},{"taxonomy":"product_brand","embeddable":true,"href":"https:\/\/dostudni.com\/index.php\/wp-json\/wp\/v2\/product_brand?post=3311"},{"taxonomy":"product_cat","embeddable":true,"href":"https:\/\/dostudni.com\/index.php\/wp-json\/wp\/v2\/product_cat?post=3311"},{"taxonomy":"product_tag","embeddable":true,"href":"https:\/\/dostudni.com\/index.php\/wp-json\/wp\/v2\/product_tag?post=3311"}],"curies":[{"name":"wp","href":"https:\/\/api.w.org\/{rel}","templated":true}]}}