{"id":3315,"date":"2026-04-17T11:09:21","date_gmt":"2026-04-17T11:09:21","guid":{"rendered":"https:\/\/dostudni.com\/index.php\/produkt\/schmith-szybkozlaczka-3-4-metalowa-sch14w02004\/"},"modified":"2026-04-20T09:51:31","modified_gmt":"2026-04-20T09:51:31","slug":"schmith-szybkozlaczka-3-4-metalowa-sch14w02004","status":"publish","type":"product","link":"https:\/\/dostudni.com\/index.php\/produkt\/schmith-szybkozlaczka-3-4-metalowa-sch14w02004\/","title":{"rendered":"Schmith Szybkoz\u0142\u0105czka 3\/4&#8221; metalowa SCH14W02004"},"content":{"rendered":"<p>SCHMITH SZYBKOZ\u0141\u0104CZKA 3\/4&#8243; METALOWA SCH14W02004<\/p>\n<p>Przedmiotem sprzeda\u017cy jest szybkoz\u0142\u0105czka 3\/4&#8243; metalowa marki Schmith, model SCH14W02004, przeznaczona do system\u00f3w nawadniania i instalacji wodnych.<\/p>\n<p>Opis:<br \/>\nSzybkoz\u0142\u0105czka zosta\u0142a wykonana z metalu, co zapewnia wysok\u0105 trwa\u0142o\u015b\u0107 oraz odporno\u015b\u0107 na uszkodzenia mechaniczne. Umo\u017cliwia szybkie i wygodne \u0142\u0105czenie element\u00f3w instalacji wodnych oraz ogrodowych. Solidna konstrukcja gwarantuje szczelno\u015b\u0107 oraz niezawodne dzia\u0142anie podczas codziennego u\u017cytkowania.<\/p>\n<p>Specyfikacja:<\/p>\n<p>* marka: Schmith<br \/>\n* model: SCH14W02004<br \/>\n* typ: szybkoz\u0142\u0105czka<br \/>\n* rozmiar: 3\/4&#8243;<br \/>\n* materia\u0142: metal<\/p>\n<p>Zastosowanie:<\/p>\n<p>* systemy nawadniania ogrodu<br \/>\n* instalacje wodne<br \/>\n* prace ogrodowe i porz\u0105dkowe<br \/>\n* zastosowania domowe i p\u00f3\u0142profesjonalne<\/p>\n<p>Stan produktu:<br \/>\nProdukt nowy, fabrycznie nieu\u017cywany.<\/p>\n<p>Dodatkowe informacje:<\/p>\n<p>* metalowa, wytrzyma\u0142a konstrukcja<br \/>\n* szybkie i szczelne po\u0142\u0105czenie<br \/>\n* odporno\u015b\u0107 na uszkodzenia<\/p>\n<p>Zapraszam do zakupu.<\/p>\n","protected":false},"excerpt":{"rendered":"<p>SCHMITH SZYBKOZ\u0141\u0104CZKA 3\/4&#8243; METALOWA SCH14W02004 Przedmiotem sprzeda\u017cy jest szybkoz\u0142\u0105czka 3\/4&#8243; metalowa marki Schmith, model SCH14W02004, przeznaczona do system\u00f3w nawadniania i instalacji wodnych. Opis: Szybkoz\u0142\u0105czka zosta\u0142a wykonana z metalu, co zapewnia wysok\u0105 trwa\u0142o\u015b\u0107 oraz odporno\u015b\u0107 na uszkodzenia mechaniczne. Umo\u017cliwia szybkie i wygodne \u0142\u0105czenie element\u00f3w instalacji wodnych oraz ogrodowych. Solidna konstrukcja gwarantuje szczelno\u015b\u0107 oraz niezawodne dzia\u0142anie podczas [&hellip;]<\/p>\n","protected":false},"featured_media":3312,"comment_status":"open","ping_status":"closed","template":"","meta":[],"dostudni_label":[],"product_brand":[302],"product_cat":[76],"product_tag":[],"class_list":{"0":"post-3315","1":"product","2":"type-product","3":"status-publish","4":"has-post-thumbnail","6":"product_brand-schmith","7":"product_cat-zlaczki","8":"product_shipping_class-male","10":"first","11":"instock","12":"taxable","13":"shipping-taxable","14":"purchasable","15":"product-type-simple"},"_links":{"self":[{"href":"https:\/\/dostudni.com\/index.php\/wp-json\/wp\/v2\/product\/3315","targetHints":{"allow":["GET"]}}],"collection":[{"href":"https:\/\/dostudni.com\/index.php\/wp-json\/wp\/v2\/product"}],"about":[{"href":"https:\/\/dostudni.com\/index.php\/wp-json\/wp\/v2\/types\/product"}],"replies":[{"embeddable":true,"href":"https:\/\/dostudni.com\/index.php\/wp-json\/wp\/v2\/comments?post=3315"}],"wp:featuredmedia":[{"embeddable":true,"href":"https:\/\/dostudni.com\/index.php\/wp-json\/wp\/v2\/media\/3312"}],"wp:attachment":[{"href":"https:\/\/dostudni.com\/index.php\/wp-json\/wp\/v2\/media?parent=3315"}],"wp:term":[{"taxonomy":"dostudni_label","embeddable":true,"href":"https:\/\/dostudni.com\/index.php\/wp-json\/wp\/v2\/dostudni_label?post=3315"},{"taxonomy":"product_brand","embeddable":true,"href":"https:\/\/dostudni.com\/index.php\/wp-json\/wp\/v2\/product_brand?post=3315"},{"taxonomy":"product_cat","embeddable":true,"href":"https:\/\/dostudni.com\/index.php\/wp-json\/wp\/v2\/product_cat?post=3315"},{"taxonomy":"product_tag","embeddable":true,"href":"https:\/\/dostudni.com\/index.php\/wp-json\/wp\/v2\/product_tag?post=3315"}],"curies":[{"name":"wp","href":"https:\/\/api.w.org\/{rel}","templated":true}]}}