{"id":3327,"date":"2026-04-17T11:09:31","date_gmt":"2026-04-17T11:09:31","guid":{"rendered":"https:\/\/dostudni.com\/index.php\/produkt\/redukcja-gw-2x1\/"},"modified":"2026-04-30T12:50:34","modified_gmt":"2026-04-30T12:50:34","slug":"redukcja-gw-2x1","status":"publish","type":"product","link":"https:\/\/dostudni.com\/index.php\/produkt\/redukcja-gw-2x1\/","title":{"rendered":"Redukcja GW 2&#8221;x1&#8221;"},"content":{"rendered":"<p>REDUKCJA GW 2&#8243; x 1&#8243;<\/p>\n<p>Przedmiotem sprzeda\u017cy jest redukcja gwintowana GW 2&#8243; x 1&#8243;, przeznaczona do \u0142\u0105czenia element\u00f3w instalacji rurowych o r\u00f3\u017cnych \u015brednicach.<\/p>\n<p>Opis:<br \/>\nRedukcja zosta\u0142a zaprojektowana do trwa\u0142ego i szczelnego \u0142\u0105czenia element\u00f3w instalacyjnych o r\u00f3\u017cnych rozmiarach gwintu. Wykonana z wytrzyma\u0142ego materia\u0142u zapewnia odporno\u015b\u0107 na standardowe warunki eksploatacyjne oraz d\u0142ug\u0105 \u017cywotno\u015b\u0107. Precyzyjne wykonanie gwint\u00f3w gwarantuje pewne i stabilne po\u0142\u0105czenie.<\/p>\n<p>Specyfikacja:<\/p>\n<p>* typ: redukcja gwintowana GW<br \/>\n* rozmiar: 2&#8243; x 1&#8243;<br \/>\n* gwint: wewn\u0119trzny \/ wewn\u0119trzny<br \/>\n* materia\u0142: metal<\/p>\n<p>Zastosowanie:<\/p>\n<p>* instalacje wodne i hydrauliczne<br \/>\n* systemy rurowe<br \/>\n* prace monta\u017cowe i serwisowe<br \/>\n* zastosowania domowe i profesjonalne<\/p>\n<p>Stan produktu:<br \/>\nProdukt nowy, fabrycznie nieu\u017cywany.<\/p>\n<p>Dodatkowe informacje:<\/p>\n<p>* szczelne i trwa\u0142e po\u0142\u0105czenie<br \/>\n* \u0142atwy monta\u017c<br \/>\n* uniwersalne zastosowanie<\/p>\n<p>Zapraszam do zakupu.<\/p>\n","protected":false},"excerpt":{"rendered":"<p>REDUKCJA GW 2&#8243; x 1&#8243; Przedmiotem sprzeda\u017cy jest redukcja gwintowana GW 2&#8243; x 1&#8243;, przeznaczona do \u0142\u0105czenia element\u00f3w instalacji rurowych o r\u00f3\u017cnych \u015brednicach. Opis: Redukcja zosta\u0142a zaprojektowana do trwa\u0142ego i szczelnego \u0142\u0105czenia element\u00f3w instalacyjnych o r\u00f3\u017cnych rozmiarach gwintu. Wykonana z wytrzyma\u0142ego materia\u0142u zapewnia odporno\u015b\u0107 na standardowe warunki eksploatacyjne oraz d\u0142ug\u0105 \u017cywotno\u015b\u0107. Precyzyjne wykonanie gwint\u00f3w gwarantuje [&hellip;]<\/p>\n","protected":false},"featured_media":3756,"comment_status":"open","ping_status":"closed","template":"","meta":[],"dostudni_label":[],"product_brand":[],"product_cat":[76],"product_tag":[],"class_list":{"0":"post-3327","1":"product","2":"type-product","3":"status-publish","4":"has-post-thumbnail","6":"product_cat-zlaczki","7":"product_shipping_class-male","9":"first","10":"instock","11":"taxable","12":"shipping-taxable","13":"purchasable","14":"product-type-simple"},"_links":{"self":[{"href":"https:\/\/dostudni.com\/index.php\/wp-json\/wp\/v2\/product\/3327","targetHints":{"allow":["GET"]}}],"collection":[{"href":"https:\/\/dostudni.com\/index.php\/wp-json\/wp\/v2\/product"}],"about":[{"href":"https:\/\/dostudni.com\/index.php\/wp-json\/wp\/v2\/types\/product"}],"replies":[{"embeddable":true,"href":"https:\/\/dostudni.com\/index.php\/wp-json\/wp\/v2\/comments?post=3327"}],"wp:featuredmedia":[{"embeddable":true,"href":"https:\/\/dostudni.com\/index.php\/wp-json\/wp\/v2\/media\/3756"}],"wp:attachment":[{"href":"https:\/\/dostudni.com\/index.php\/wp-json\/wp\/v2\/media?parent=3327"}],"wp:term":[{"taxonomy":"dostudni_label","embeddable":true,"href":"https:\/\/dostudni.com\/index.php\/wp-json\/wp\/v2\/dostudni_label?post=3327"},{"taxonomy":"product_brand","embeddable":true,"href":"https:\/\/dostudni.com\/index.php\/wp-json\/wp\/v2\/product_brand?post=3327"},{"taxonomy":"product_cat","embeddable":true,"href":"https:\/\/dostudni.com\/index.php\/wp-json\/wp\/v2\/product_cat?post=3327"},{"taxonomy":"product_tag","embeddable":true,"href":"https:\/\/dostudni.com\/index.php\/wp-json\/wp\/v2\/product_tag?post=3327"}],"curies":[{"name":"wp","href":"https:\/\/api.w.org\/{rel}","templated":true}]}}