{"id":3334,"date":"2026-04-17T11:09:36","date_gmt":"2026-04-17T11:09:36","guid":{"rendered":"https:\/\/dostudni.com\/index.php\/produkt\/kolano-90-st-gw-50x2\/"},"modified":"2026-04-20T10:35:54","modified_gmt":"2026-04-20T10:35:54","slug":"kolano-90-st-gw-50x2","status":"publish","type":"product","link":"https:\/\/dostudni.com\/index.php\/produkt\/kolano-90-st-gw-50x2\/","title":{"rendered":"Kolano 90 st. GW 50&#215;2&#8221;"},"content":{"rendered":"<p>KOLANO 90\u00b0 GW 50 x 2&#8243;<\/p>\n<p>Przedmiotem sprzeda\u017cy jest kolano 90\u00b0 z gwintem wewn\u0119trznym GW 50 x 2&#8243;, przeznaczone do zmiany kierunku prowadzenia instalacji rurowych.<\/p>\n<p>Opis:<br \/>\nKolano zosta\u0142o zaprojektowane do trwa\u0142ej zmiany kierunku przep\u0142ywu w instalacjach wodnych i technicznych pod k\u0105tem 90\u00b0. Gwint wewn\u0119trzny zapewnia szczelne i stabilne po\u0142\u0105czenie z innymi elementami instalacji. Solidna konstrukcja gwarantuje odporno\u015b\u0107 na standardowe warunki pracy oraz d\u0142ug\u0105 \u017cywotno\u015b\u0107.<\/p>\n<p>Specyfikacja:<\/p>\n<p>* typ: kolano 90\u00b0<br \/>\n* rozmiar: 50 x 2&#8243;<br \/>\n* gwint: wewn\u0119trzny (GW)<br \/>\n* materia\u0142: metal<\/p>\n<p>Zastosowanie:<\/p>\n<p>* instalacje wodne i hydrauliczne<br \/>\n* systemy rurowe<br \/>\n* prace monta\u017cowe i serwisowe<br \/>\n* zastosowania domowe i przemys\u0142owe<\/p>\n<p>Stan produktu:<br \/>\nProdukt nowy, fabrycznie nieu\u017cywany.<\/p>\n<p>Dodatkowe informacje:<\/p>\n<p>* szczelne i trwa\u0142e po\u0142\u0105czenie<br \/>\n* \u0142atwy monta\u017c<br \/>\n* uniwersalne zastosowanie<\/p>\n<p>Zapraszam do zakupu.<\/p>\n","protected":false},"excerpt":{"rendered":"<p>KOLANO 90\u00b0 GW 50 x 2&#8243; Przedmiotem sprzeda\u017cy jest kolano 90\u00b0 z gwintem wewn\u0119trznym GW 50 x 2&#8243;, przeznaczone do zmiany kierunku prowadzenia instalacji rurowych. Opis: Kolano zosta\u0142o zaprojektowane do trwa\u0142ej zmiany kierunku przep\u0142ywu w instalacjach wodnych i technicznych pod k\u0105tem 90\u00b0. Gwint wewn\u0119trzny zapewnia szczelne i stabilne po\u0142\u0105czenie z innymi elementami instalacji. Solidna konstrukcja [&hellip;]<\/p>\n","protected":false},"featured_media":3333,"comment_status":"open","ping_status":"closed","template":"","meta":[],"dostudni_label":[],"product_brand":[],"product_cat":[76],"product_tag":[],"class_list":{"0":"post-3334","1":"product","2":"type-product","3":"status-publish","4":"has-post-thumbnail","6":"product_cat-zlaczki","7":"product_shipping_class-srednie-paczki","9":"first","10":"instock","11":"taxable","12":"shipping-taxable","13":"purchasable","14":"product-type-simple"},"_links":{"self":[{"href":"https:\/\/dostudni.com\/index.php\/wp-json\/wp\/v2\/product\/3334","targetHints":{"allow":["GET"]}}],"collection":[{"href":"https:\/\/dostudni.com\/index.php\/wp-json\/wp\/v2\/product"}],"about":[{"href":"https:\/\/dostudni.com\/index.php\/wp-json\/wp\/v2\/types\/product"}],"replies":[{"embeddable":true,"href":"https:\/\/dostudni.com\/index.php\/wp-json\/wp\/v2\/comments?post=3334"}],"wp:featuredmedia":[{"embeddable":true,"href":"https:\/\/dostudni.com\/index.php\/wp-json\/wp\/v2\/media\/3333"}],"wp:attachment":[{"href":"https:\/\/dostudni.com\/index.php\/wp-json\/wp\/v2\/media?parent=3334"}],"wp:term":[{"taxonomy":"dostudni_label","embeddable":true,"href":"https:\/\/dostudni.com\/index.php\/wp-json\/wp\/v2\/dostudni_label?post=3334"},{"taxonomy":"product_brand","embeddable":true,"href":"https:\/\/dostudni.com\/index.php\/wp-json\/wp\/v2\/product_brand?post=3334"},{"taxonomy":"product_cat","embeddable":true,"href":"https:\/\/dostudni.com\/index.php\/wp-json\/wp\/v2\/product_cat?post=3334"},{"taxonomy":"product_tag","embeddable":true,"href":"https:\/\/dostudni.com\/index.php\/wp-json\/wp\/v2\/product_tag?post=3334"}],"curies":[{"name":"wp","href":"https:\/\/api.w.org\/{rel}","templated":true}]}}