{"id":3337,"date":"2026-04-17T11:09:38","date_gmt":"2026-04-17T11:09:38","guid":{"rendered":"https:\/\/dostudni.com\/index.php\/produkt\/kolano-90-1-1-4x1-ocynk\/"},"modified":"2026-04-30T12:37:17","modified_gmt":"2026-04-30T12:37:17","slug":"kolano-90-1-1-4x1-ocynk","status":"publish","type":"product","link":"https:\/\/dostudni.com\/index.php\/produkt\/kolano-90-1-1-4x1-ocynk\/","title":{"rendered":"Kolano 90 1 1\/4&#8221;x1&#8221; ocynk"},"content":{"rendered":"<p>KOLANO 90\u00b0 1 1\/4&#8243; x 1&#8243; OCYNKOWANE<\/p>\n<p>Przedmiotem sprzeda\u017cy jest kolano 90\u00b0 gwintowane 1 1\/4&#8243; x 1&#8243;, wykonane ze stali ocynkowanej, przeznaczone do zmiany kierunku instalacji rurowych.<\/p>\n<p>Opis:<br \/>\nKolano zosta\u0142o zaprojektowane do trwa\u0142ej zmiany kierunku przep\u0142ywu w instalacjach wodnych i technicznych pod k\u0105tem 90\u00b0. Ocynkowana pow\u0142oka zapewnia zwi\u0119kszon\u0105 odporno\u015b\u0107 na korozj\u0119 oraz wyd\u0142u\u017con\u0105 \u017cywotno\u015b\u0107 elementu. Precyzyjne gwinty gwarantuj\u0105 szczelne i stabilne po\u0142\u0105czenie z pozosta\u0142ymi elementami instalacji.<\/p>\n<p>Specyfikacja:<\/p>\n<p>* typ: kolano 90\u00b0<br \/>\n* rozmiar: 1 1\/4&#8243; x 1&#8243;<br \/>\n* materia\u0142: stal ocynkowana<br \/>\n* gwint: wewn\u0119trzny \/ wewn\u0119trzny<\/p>\n<p>Zastosowanie:<\/p>\n<p>* instalacje wodne i hydrauliczne<br \/>\n* systemy rurowe<br \/>\n* prace monta\u017cowe i serwisowe<br \/>\n* zastosowania domowe i przemys\u0142owe<\/p>\n<p>Stan produktu:<br \/>\nProdukt nowy, fabrycznie nieu\u017cywany.<\/p>\n<p>Dodatkowe informacje:<\/p>\n<p>* odporno\u015b\u0107 na korozj\u0119 dzi\u0119ki ocynkowaniu<br \/>\n* szczelne i trwa\u0142e po\u0142\u0105czenie<br \/>\n* \u0142atwy monta\u017c<\/p>\n<p>Zapraszam do zakupu.<\/p>\n","protected":false},"excerpt":{"rendered":"<p>KOLANO 90\u00b0 1 1\/4&#8243; x 1&#8243; OCYNKOWANE Przedmiotem sprzeda\u017cy jest kolano 90\u00b0 gwintowane 1 1\/4&#8243; x 1&#8243;, wykonane ze stali ocynkowanej, przeznaczone do zmiany kierunku instalacji rurowych. Opis: Kolano zosta\u0142o zaprojektowane do trwa\u0142ej zmiany kierunku przep\u0142ywu w instalacjach wodnych i technicznych pod k\u0105tem 90\u00b0. Ocynkowana pow\u0142oka zapewnia zwi\u0119kszon\u0105 odporno\u015b\u0107 na korozj\u0119 oraz wyd\u0142u\u017con\u0105 \u017cywotno\u015b\u0107 elementu. [&hellip;]<\/p>\n","protected":false},"featured_media":3335,"comment_status":"open","ping_status":"closed","template":"","meta":[],"dostudni_label":[],"product_brand":[],"product_cat":[76],"product_tag":[],"class_list":{"0":"post-3337","1":"product","2":"type-product","3":"status-publish","4":"has-post-thumbnail","6":"product_cat-zlaczki","7":"product_shipping_class-male","9":"first","10":"instock","11":"taxable","12":"shipping-taxable","13":"purchasable","14":"product-type-simple"},"_links":{"self":[{"href":"https:\/\/dostudni.com\/index.php\/wp-json\/wp\/v2\/product\/3337","targetHints":{"allow":["GET"]}}],"collection":[{"href":"https:\/\/dostudni.com\/index.php\/wp-json\/wp\/v2\/product"}],"about":[{"href":"https:\/\/dostudni.com\/index.php\/wp-json\/wp\/v2\/types\/product"}],"replies":[{"embeddable":true,"href":"https:\/\/dostudni.com\/index.php\/wp-json\/wp\/v2\/comments?post=3337"}],"wp:featuredmedia":[{"embeddable":true,"href":"https:\/\/dostudni.com\/index.php\/wp-json\/wp\/v2\/media\/3335"}],"wp:attachment":[{"href":"https:\/\/dostudni.com\/index.php\/wp-json\/wp\/v2\/media?parent=3337"}],"wp:term":[{"taxonomy":"dostudni_label","embeddable":true,"href":"https:\/\/dostudni.com\/index.php\/wp-json\/wp\/v2\/dostudni_label?post=3337"},{"taxonomy":"product_brand","embeddable":true,"href":"https:\/\/dostudni.com\/index.php\/wp-json\/wp\/v2\/product_brand?post=3337"},{"taxonomy":"product_cat","embeddable":true,"href":"https:\/\/dostudni.com\/index.php\/wp-json\/wp\/v2\/product_cat?post=3337"},{"taxonomy":"product_tag","embeddable":true,"href":"https:\/\/dostudni.com\/index.php\/wp-json\/wp\/v2\/product_tag?post=3337"}],"curies":[{"name":"wp","href":"https:\/\/api.w.org\/{rel}","templated":true}]}}