{"id":3344,"date":"2026-04-17T11:09:47","date_gmt":"2026-04-17T11:09:47","guid":{"rendered":"https:\/\/dostudni.com\/index.php\/produkt\/mosiezna-redukcja-1-2x1-4-do-manometru\/"},"modified":"2026-04-30T12:50:40","modified_gmt":"2026-04-30T12:50:40","slug":"mosiezna-redukcja-1-2x1-4-do-manometru","status":"publish","type":"product","link":"https:\/\/dostudni.com\/index.php\/produkt\/mosiezna-redukcja-1-2x1-4-do-manometru\/","title":{"rendered":"Mosi\u0119\u017cna redukcja 1\/2&#8221;x1\/4&#8221; do manometru"},"content":{"rendered":"<p>MOSI\u0118\u017bNA REDUKCJA 1\/2&#8243; x 1\/4&#8243; DO MANOMETRU<\/p>\n<p>Przedmiotem sprzeda\u017cy jest mosi\u0119\u017cna redukcja gwintowana 1\/2&#8243; x 1\/4&#8243;, przeznaczona do monta\u017cu manometr\u00f3w oraz element\u00f3w instalacji hydraulicznych i pneumatycznych.<\/p>\n<p>Opis:<br \/>\nRedukcja zosta\u0142a wykonana z mosi\u0105dzu, co zapewnia wysok\u0105 odporno\u015b\u0107 na korozj\u0119 oraz trwa\u0142o\u015b\u0107 w warunkach eksploatacyjnych. Element umo\u017cliwia \u0142atwe dopasowanie r\u00f3\u017cnych \u015brednic gwint\u00f3w w instalacjach, szczeg\u00f3lnie przy monta\u017cu manometr\u00f3w. Precyzyjne wykonanie gwint\u00f3w gwarantuje szczelne i bezpieczne po\u0142\u0105czenie.<\/p>\n<p>Specyfikacja:<\/p>\n<p>* typ: redukcja gwintowana<br \/>\n* materia\u0142: mosi\u0105dz<br \/>\n* rozmiar: 1\/2&#8243; x 1\/4&#8243;<br \/>\n* przeznaczenie: manometry i instalacje<\/p>\n<p>Zastosowanie:<\/p>\n<p>* instalacje hydrauliczne<br \/>\n* instalacje pneumatyczne<br \/>\n* monta\u017c manometr\u00f3w<br \/>\n* prace serwisowe i monta\u017cowe<\/p>\n<p>Stan produktu:<br \/>\nProdukt nowy, fabrycznie nieu\u017cywany.<\/p>\n<p>Dodatkowe informacje:<\/p>\n<p>* odporno\u015b\u0107 na korozj\u0119<br \/>\n* szczelne po\u0142\u0105czenie gwintowe<br \/>\n* uniwersalne zastosowanie<\/p>\n<p>Zapraszam do zakupu.<\/p>\n","protected":false},"excerpt":{"rendered":"<p>MOSI\u0118\u017bNA REDUKCJA 1\/2&#8243; x 1\/4&#8243; DO MANOMETRU Przedmiotem sprzeda\u017cy jest mosi\u0119\u017cna redukcja gwintowana 1\/2&#8243; x 1\/4&#8243;, przeznaczona do monta\u017cu manometr\u00f3w oraz element\u00f3w instalacji hydraulicznych i pneumatycznych. Opis: Redukcja zosta\u0142a wykonana z mosi\u0105dzu, co zapewnia wysok\u0105 odporno\u015b\u0107 na korozj\u0119 oraz trwa\u0142o\u015b\u0107 w warunkach eksploatacyjnych. Element umo\u017cliwia \u0142atwe dopasowanie r\u00f3\u017cnych \u015brednic gwint\u00f3w w instalacjach, szczeg\u00f3lnie przy monta\u017cu [&hellip;]<\/p>\n","protected":false},"featured_media":3762,"comment_status":"open","ping_status":"closed","template":"","meta":[],"dostudni_label":[],"product_brand":[],"product_cat":[76],"product_tag":[],"class_list":{"0":"post-3344","1":"product","2":"type-product","3":"status-publish","4":"has-post-thumbnail","6":"product_cat-zlaczki","7":"product_shipping_class-male","9":"first","10":"instock","11":"taxable","12":"shipping-taxable","13":"purchasable","14":"product-type-simple"},"_links":{"self":[{"href":"https:\/\/dostudni.com\/index.php\/wp-json\/wp\/v2\/product\/3344","targetHints":{"allow":["GET"]}}],"collection":[{"href":"https:\/\/dostudni.com\/index.php\/wp-json\/wp\/v2\/product"}],"about":[{"href":"https:\/\/dostudni.com\/index.php\/wp-json\/wp\/v2\/types\/product"}],"replies":[{"embeddable":true,"href":"https:\/\/dostudni.com\/index.php\/wp-json\/wp\/v2\/comments?post=3344"}],"wp:featuredmedia":[{"embeddable":true,"href":"https:\/\/dostudni.com\/index.php\/wp-json\/wp\/v2\/media\/3762"}],"wp:attachment":[{"href":"https:\/\/dostudni.com\/index.php\/wp-json\/wp\/v2\/media?parent=3344"}],"wp:term":[{"taxonomy":"dostudni_label","embeddable":true,"href":"https:\/\/dostudni.com\/index.php\/wp-json\/wp\/v2\/dostudni_label?post=3344"},{"taxonomy":"product_brand","embeddable":true,"href":"https:\/\/dostudni.com\/index.php\/wp-json\/wp\/v2\/product_brand?post=3344"},{"taxonomy":"product_cat","embeddable":true,"href":"https:\/\/dostudni.com\/index.php\/wp-json\/wp\/v2\/product_cat?post=3344"},{"taxonomy":"product_tag","embeddable":true,"href":"https:\/\/dostudni.com\/index.php\/wp-json\/wp\/v2\/product_tag?post=3344"}],"curies":[{"name":"wp","href":"https:\/\/api.w.org\/{rel}","templated":true}]}}