{"id":3354,"date":"2026-04-17T11:10:00","date_gmt":"2026-04-17T11:10:00","guid":{"rendered":"https:\/\/dostudni.com\/index.php\/produkt\/genebre-zawor-kulowy-czerpalny-1-2x3-4-3059-04\/"},"modified":"2026-04-30T12:09:10","modified_gmt":"2026-04-30T12:09:10","slug":"genebre-zawor-kulowy-czerpalny-1-2x3-4-3059-04","status":"publish","type":"product","link":"https:\/\/dostudni.com\/index.php\/produkt\/genebre-zawor-kulowy-czerpalny-1-2x3-4-3059-04\/","title":{"rendered":"Genebre zaw\u00f3r kulowy czerpalny 1\/2&#8243;x3\/4&#8243; 3059"},"content":{"rendered":"<p>GENEBRE ZAW\u00d3R KULOWY CZERPALNY 1\/2&#8243; x 3\/4&#8243; 3059 04<\/p>\n<p>Przedmiotem sprzeda\u017cy jest zaw\u00f3r kulowy czerpalny marki GENEBRE, model 3059 04, o przy\u0142\u0105czach 1\/2&#8243; x 3\/4&#8243;, przeznaczony do instalacji wodnych.<\/p>\n<p>Opis:<br \/>\nZaw\u00f3r kulowy czerpalny zosta\u0142 zaprojektowany do poboru wody oraz odcinania przep\u0142ywu w instalacjach wodnych. Mechanizm kulowy zapewnia niezawodne dzia\u0142anie, wysok\u0105 szczelno\u015b\u0107 oraz wygodn\u0105 obs\u0142ug\u0119. Solidna konstrukcja gwarantuje trwa\u0142o\u015b\u0107 i odporno\u015b\u0107 na standardowe warunki u\u017cytkowania.<\/p>\n<p>Specyfikacja:<\/p>\n<p>* marka: GENEBRE<br \/>\n* model: 3059 04<br \/>\n* typ: zaw\u00f3r kulowy czerpalny<br \/>\n* przy\u0142\u0105cza: 1\/2&#8243; x 3\/4&#8243;<br \/>\n* materia\u0142: metal<\/p>\n<p>Zastosowanie:<\/p>\n<p>* instalacje wodne<br \/>\n* punkty poboru wody<br \/>\n* systemy ogrodowe i techniczne<br \/>\n* zastosowania domowe i przemys\u0142owe<\/p>\n<p>Stan produktu:<br \/>\nProdukt nowy, fabrycznie nieu\u017cywany.<\/p>\n<p>Dodatkowe informacje:<\/p>\n<p>* wygodna funkcja czerpalna<br \/>\n* szczelne i trwa\u0142e po\u0142\u0105czenie<br \/>\n* \u0142atwa obs\u0142uga<\/p>\n<p>Zapraszam do zakupu.<\/p>\n","protected":false},"excerpt":{"rendered":"<p>GENEBRE ZAW\u00d3R KULOWY CZERPALNY 1\/2&#8243; x 3\/4&#8243; 3059 04 Przedmiotem sprzeda\u017cy jest zaw\u00f3r kulowy czerpalny marki GENEBRE, model 3059 04, o przy\u0142\u0105czach 1\/2&#8243; x 3\/4&#8243;, przeznaczony do instalacji wodnych. Opis: Zaw\u00f3r kulowy czerpalny zosta\u0142 zaprojektowany do poboru wody oraz odcinania przep\u0142ywu w instalacjach wodnych. Mechanizm kulowy zapewnia niezawodne dzia\u0142anie, wysok\u0105 szczelno\u015b\u0107 oraz wygodn\u0105 obs\u0142ug\u0119. Solidna [&hellip;]<\/p>\n","protected":false},"featured_media":3736,"comment_status":"open","ping_status":"closed","template":"","meta":[],"dostudni_label":[],"product_brand":[],"product_cat":[76],"product_tag":[],"class_list":{"0":"post-3354","1":"product","2":"type-product","3":"status-publish","4":"has-post-thumbnail","6":"product_cat-zlaczki","7":"product_shipping_class-male","9":"first","10":"instock","11":"taxable","12":"shipping-taxable","13":"purchasable","14":"product-type-simple"},"_links":{"self":[{"href":"https:\/\/dostudni.com\/index.php\/wp-json\/wp\/v2\/product\/3354","targetHints":{"allow":["GET"]}}],"collection":[{"href":"https:\/\/dostudni.com\/index.php\/wp-json\/wp\/v2\/product"}],"about":[{"href":"https:\/\/dostudni.com\/index.php\/wp-json\/wp\/v2\/types\/product"}],"replies":[{"embeddable":true,"href":"https:\/\/dostudni.com\/index.php\/wp-json\/wp\/v2\/comments?post=3354"}],"wp:featuredmedia":[{"embeddable":true,"href":"https:\/\/dostudni.com\/index.php\/wp-json\/wp\/v2\/media\/3736"}],"wp:attachment":[{"href":"https:\/\/dostudni.com\/index.php\/wp-json\/wp\/v2\/media?parent=3354"}],"wp:term":[{"taxonomy":"dostudni_label","embeddable":true,"href":"https:\/\/dostudni.com\/index.php\/wp-json\/wp\/v2\/dostudni_label?post=3354"},{"taxonomy":"product_brand","embeddable":true,"href":"https:\/\/dostudni.com\/index.php\/wp-json\/wp\/v2\/product_brand?post=3354"},{"taxonomy":"product_cat","embeddable":true,"href":"https:\/\/dostudni.com\/index.php\/wp-json\/wp\/v2\/product_cat?post=3354"},{"taxonomy":"product_tag","embeddable":true,"href":"https:\/\/dostudni.com\/index.php\/wp-json\/wp\/v2\/product_tag?post=3354"}],"curies":[{"name":"wp","href":"https:\/\/api.w.org\/{rel}","templated":true}]}}