{"id":3358,"date":"2026-04-17T11:10:05","date_gmt":"2026-04-17T11:10:05","guid":{"rendered":"https:\/\/dostudni.com\/index.php\/produkt\/unidelta-zlaczka-pe-red-40x32-601140\/"},"modified":"2026-04-24T07:32:43","modified_gmt":"2026-04-24T07:32:43","slug":"unidelta-zlaczka-pe-red-40x32-601140","status":"publish","type":"product","link":"https:\/\/dostudni.com\/index.php\/produkt\/unidelta-zlaczka-pe-red-40x32-601140\/","title":{"rendered":"Unidelta Z\u0142\u0105czka PE RED 40&#215;32 601140"},"content":{"rendered":"<p>UNIDELTA Z\u0141\u0104CZKA PE RED 40&#215;32 601140<\/p>\n<p>Przedmiotem sprzeda\u017cy jest z\u0142\u0105czka redukcyjna do rur PE marki UNIDELTA, model 601140, o wymiarach 40&#215;32, przeznaczona do instalacji wodnych.<\/p>\n<p>Opis:<br \/>\nZ\u0142\u0105czka zosta\u0142a zaprojektowana do \u0142\u0105czenia rur polietylenowych (PE) o r\u00f3\u017cnych \u015brednicach. Konstrukcja skr\u0119cana zapewnia szybki monta\u017c oraz szczelne i trwa\u0142e po\u0142\u0105czenie bez konieczno\u015bci stosowania specjalistycznych narz\u0119dzi. Wysoka jako\u015b\u0107 wykonania gwarantuje odporno\u015b\u0107 na warunki eksploatacyjne w instalacjach wodnych.<\/p>\n<p>Specyfikacja:<\/p>\n<p>* marka: UNIDELTA<br \/>\n* model: 601140<br \/>\n* typ: z\u0142\u0105czka redukcyjna PE<br \/>\n* rozmiar: 40&#215;32<br \/>\n* materia\u0142: tworzywo<\/p>\n<p>Zastosowanie:<\/p>\n<p>* instalacje wodne z rur PE<br \/>\n* systemy wodoci\u0105gowe<br \/>\n* nawadnianie i ogrodnictwo<br \/>\n* zastosowania domowe i przemys\u0142owe<\/p>\n<p>Stan produktu:<br \/>\nProdukt nowy, fabrycznie nieu\u017cywany.<\/p>\n<p>Dodatkowe informacje:<\/p>\n<p>* szybki monta\u017c skr\u0119cany<br \/>\n* szczelne po\u0142\u0105czenie rur<br \/>\n* wysoka odporno\u015b\u0107 na warunki pracy<\/p>\n<p>Zapraszam do zakupu.<\/p>\n","protected":false},"excerpt":{"rendered":"<p>UNIDELTA Z\u0141\u0104CZKA PE RED 40&#215;32 601140 Przedmiotem sprzeda\u017cy jest z\u0142\u0105czka redukcyjna do rur PE marki UNIDELTA, model 601140, o wymiarach 40&#215;32, przeznaczona do instalacji wodnych. Opis: Z\u0142\u0105czka zosta\u0142a zaprojektowana do \u0142\u0105czenia rur polietylenowych (PE) o r\u00f3\u017cnych \u015brednicach. Konstrukcja skr\u0119cana zapewnia szybki monta\u017c oraz szczelne i trwa\u0142e po\u0142\u0105czenie bez konieczno\u015bci stosowania specjalistycznych narz\u0119dzi. Wysoka jako\u015b\u0107 wykonania [&hellip;]<\/p>\n","protected":false},"featured_media":3357,"comment_status":"open","ping_status":"closed","template":"","meta":[],"dostudni_label":[],"product_brand":[148],"product_cat":[76],"product_tag":[],"class_list":{"0":"post-3358","1":"product","2":"type-product","3":"status-publish","4":"has-post-thumbnail","6":"product_brand-unidelta","7":"product_cat-zlaczki","8":"product_shipping_class-srednie-paczki","10":"first","11":"instock","12":"taxable","13":"shipping-taxable","14":"purchasable","15":"product-type-simple"},"_links":{"self":[{"href":"https:\/\/dostudni.com\/index.php\/wp-json\/wp\/v2\/product\/3358","targetHints":{"allow":["GET"]}}],"collection":[{"href":"https:\/\/dostudni.com\/index.php\/wp-json\/wp\/v2\/product"}],"about":[{"href":"https:\/\/dostudni.com\/index.php\/wp-json\/wp\/v2\/types\/product"}],"replies":[{"embeddable":true,"href":"https:\/\/dostudni.com\/index.php\/wp-json\/wp\/v2\/comments?post=3358"}],"wp:featuredmedia":[{"embeddable":true,"href":"https:\/\/dostudni.com\/index.php\/wp-json\/wp\/v2\/media\/3357"}],"wp:attachment":[{"href":"https:\/\/dostudni.com\/index.php\/wp-json\/wp\/v2\/media?parent=3358"}],"wp:term":[{"taxonomy":"dostudni_label","embeddable":true,"href":"https:\/\/dostudni.com\/index.php\/wp-json\/wp\/v2\/dostudni_label?post=3358"},{"taxonomy":"product_brand","embeddable":true,"href":"https:\/\/dostudni.com\/index.php\/wp-json\/wp\/v2\/product_brand?post=3358"},{"taxonomy":"product_cat","embeddable":true,"href":"https:\/\/dostudni.com\/index.php\/wp-json\/wp\/v2\/product_cat?post=3358"},{"taxonomy":"product_tag","embeddable":true,"href":"https:\/\/dostudni.com\/index.php\/wp-json\/wp\/v2\/product_tag?post=3358"}],"curies":[{"name":"wp","href":"https:\/\/api.w.org\/{rel}","templated":true}]}}