{"id":3361,"date":"2026-04-17T11:10:07","date_gmt":"2026-04-17T11:10:07","guid":{"rendered":"https:\/\/dostudni.com\/index.php\/produkt\/kolano-90-elite-3-4-x-12-ocynk\/"},"modified":"2026-04-30T12:37:21","modified_gmt":"2026-04-30T12:37:21","slug":"kolano-90-elite-3-4-x-12-ocynk","status":"publish","type":"product","link":"https:\/\/dostudni.com\/index.php\/produkt\/kolano-90-elite-3-4-x-12-ocynk\/","title":{"rendered":"Kolano 90 Elite- 3\/4\u201d x 1,2 ocynk"},"content":{"rendered":"<p>KOLANO KOLANKO REDUKCYJNE 3\/4 x 1\/2 W\/W OCYNK \u017bELIWNE MOCNE WYSOKA JAKO\u015a\u0106<br \/>\nKolano 90\u00b0 to praktyczny element instalacyjny stosowany wsz\u0119dzie tam, gdzie konieczna jest trwa\u0142a i szczelna zmiana kierunku prowadzenia przewodu pod k\u0105tem prostym. Dzi\u0119ki swojej standardowej konstrukcji dobrze sprawdza si\u0119 podczas budowy, rozbudowy oraz modernizacji instalacji rurowych, umo\u017cliwiaj\u0105c wygodne dopasowanie przebiegu przewod\u00f3w do uk\u0142adu instalacji.<\/p>\n<p>Model wykonany jest z \u017celiwa i posiada ocynkowan\u0105 powierzchni\u0119, co wspiera trwa\u0142o\u015b\u0107 oraz odporno\u015b\u0107 na typowe warunki pracy w instalacjach wodnych, grzewczych i u\u017cytkowych. Konstrukcja zosta\u0142a przygotowana do pracy przy ci\u015bnieniu do 25 bar, dlatego element dobrze sprawdza si\u0119 w zastosowaniach instalacyjnych wymagaj\u0105cych solidnych i pewnych po\u0142\u0105cze\u0144 gwintowanych. Produkt przeznaczony jest do pracy w zakresie temperatur od -20\u00b0C do 120\u00b0C.<\/p>\n<p>Kolano z po\u0142\u0105czeniem GW przeznaczone jest do monta\u017cu w standardowych instalacjach gwintowanych. K\u0105t 90\u00b0 pozwala na klasyczn\u0105 zmian\u0119 kierunku prowadzenia instalacji, dlatego element znajduje szerokie zastosowanie w instalacjach wodnych, grzewczych oraz technicznych.<\/p>\n<p>Ca\u0142o\u015b\u0107 stanowi praktyczne rozwi\u0105zanie do instalacji wodoci\u0105gowych, centralnego ogrzewania oraz technicznych, wsz\u0119dzie tam, gdzie liczy si\u0119 trwa\u0142o\u015b\u0107, prosty monta\u017c i niezawodne po\u0142\u0105czenie gwintowane.<\/p>\n<p>Zastosowanie<br \/>\ninstalacje wodoci\u0105gowe<br \/>\ninstalacje centralnego ogrzewania<br \/>\ninstalacje techniczne i u\u017cytkowe<br \/>\nzmiana kierunku prowadzenia rur<br \/>\npo\u0142\u0105czenia armatury i element\u00f3w instalacyjnych<br \/>\nDane techniczne<br \/>\nTyp produktu: kolano 90\u00b0<br \/>\nPo\u0142\u0105czenie: GW<br \/>\nMateria\u0142: \u017celiwo<br \/>\nZabezpieczenie powierzchni: ocynkowana<br \/>\nMaksymalne ci\u015bnienie pracy: 25 bar<br \/>\nZakres temperatur pracy: -20\u00b0C do 120\u00b0C<br \/>\nZgodno\u015b\u0107: DVGW<br \/>\nK\u0105t zmiany kierunku: 90\u00b0<br \/>\nWymiary<br \/>\nCb-1 &#8211; 30 mm<br \/>\nCb-2 &#8211; 32 mm<br \/>\n\u00d8Di-1 &#8211; 3\/4&#8243;<br \/>\n\u00d8Di-2 &#8211; 1\/2&#8243;<br \/>\n\u00df &#8211; 90\u00b0<\/p>\n","protected":false},"excerpt":{"rendered":"<p>KOLANO KOLANKO REDUKCYJNE 3\/4 x 1\/2 W\/W OCYNK \u017bELIWNE MOCNE WYSOKA JAKO\u015a\u0106 Kolano 90\u00b0 to praktyczny element instalacyjny stosowany wsz\u0119dzie tam, gdzie konieczna jest trwa\u0142a i szczelna zmiana kierunku prowadzenia przewodu pod k\u0105tem prostym. Dzi\u0119ki swojej standardowej konstrukcji dobrze sprawdza si\u0119 podczas budowy, rozbudowy oraz modernizacji instalacji rurowych, umo\u017cliwiaj\u0105c wygodne dopasowanie przebiegu przewod\u00f3w do uk\u0142adu [&hellip;]<\/p>\n","protected":false},"featured_media":3359,"comment_status":"open","ping_status":"closed","template":"","meta":[],"dostudni_label":[],"product_brand":[],"product_cat":[76],"product_tag":[],"class_list":{"0":"post-3361","1":"product","2":"type-product","3":"status-publish","4":"has-post-thumbnail","6":"product_cat-zlaczki","7":"product_shipping_class-male","9":"first","10":"instock","11":"taxable","12":"shipping-taxable","13":"purchasable","14":"product-type-simple"},"_links":{"self":[{"href":"https:\/\/dostudni.com\/index.php\/wp-json\/wp\/v2\/product\/3361","targetHints":{"allow":["GET"]}}],"collection":[{"href":"https:\/\/dostudni.com\/index.php\/wp-json\/wp\/v2\/product"}],"about":[{"href":"https:\/\/dostudni.com\/index.php\/wp-json\/wp\/v2\/types\/product"}],"replies":[{"embeddable":true,"href":"https:\/\/dostudni.com\/index.php\/wp-json\/wp\/v2\/comments?post=3361"}],"wp:featuredmedia":[{"embeddable":true,"href":"https:\/\/dostudni.com\/index.php\/wp-json\/wp\/v2\/media\/3359"}],"wp:attachment":[{"href":"https:\/\/dostudni.com\/index.php\/wp-json\/wp\/v2\/media?parent=3361"}],"wp:term":[{"taxonomy":"dostudni_label","embeddable":true,"href":"https:\/\/dostudni.com\/index.php\/wp-json\/wp\/v2\/dostudni_label?post=3361"},{"taxonomy":"product_brand","embeddable":true,"href":"https:\/\/dostudni.com\/index.php\/wp-json\/wp\/v2\/product_brand?post=3361"},{"taxonomy":"product_cat","embeddable":true,"href":"https:\/\/dostudni.com\/index.php\/wp-json\/wp\/v2\/product_cat?post=3361"},{"taxonomy":"product_tag","embeddable":true,"href":"https:\/\/dostudni.com\/index.php\/wp-json\/wp\/v2\/product_tag?post=3361"}],"curies":[{"name":"wp","href":"https:\/\/api.w.org\/{rel}","templated":true}]}}