{"id":3364,"date":"2026-04-17T11:10:08","date_gmt":"2026-04-17T11:10:08","guid":{"rendered":"https:\/\/dostudni.com\/index.php\/produkt\/redukcja-mosiezna-1-2x3-8\/"},"modified":"2026-04-30T12:50:52","modified_gmt":"2026-04-30T12:50:52","slug":"redukcja-mosiezna-1-2x3-8","status":"publish","type":"product","link":"https:\/\/dostudni.com\/index.php\/produkt\/redukcja-mosiezna-1-2x3-8\/","title":{"rendered":"Redukcja mosi\u0119\u017cna 1\/2&#8221;x3\/8&#8221;"},"content":{"rendered":"<p>REDUKCJA MOSI\u0118\u017bNA 1\/2&#8243; x 3\/8&#8243;<\/p>\n<p>Przedmiotem sprzeda\u017cy jest redukcja mosi\u0119\u017cna gwintowana 1\/2&#8243; x 3\/8&#8243;, przeznaczona do instalacji wodnych i hydraulicznych.<\/p>\n<p>Opis:<br \/>\nRedukcja zosta\u0142a wykonana z wysokiej jako\u015bci mosi\u0105dzu, co zapewnia odporno\u015b\u0107 na korozj\u0119 oraz d\u0142ug\u0105 \u017cywotno\u015b\u0107 elementu. Umo\u017cliwia \u0142\u0105czenie instalacji o r\u00f3\u017cnych \u015brednicach gwint\u00f3w, zapewniaj\u0105c szczelne i stabilne po\u0142\u0105czenie. Precyzyjne wykonanie gwint\u00f3w u\u0142atwia monta\u017c i gwarantuje niezawodno\u015b\u0107 dzia\u0142ania.<\/p>\n<p>Specyfikacja:<\/p>\n<p>* typ: redukcja gwintowana<br \/>\n* materia\u0142: mosi\u0105dz<br \/>\n* rozmiar: 1\/2&#8243; x 3\/8&#8243;<\/p>\n<p>Zastosowanie:<\/p>\n<p>* instalacje wodne i hydrauliczne<br \/>\n* systemy rurowe<br \/>\n* prace monta\u017cowe i serwisowe<br \/>\n* zastosowania domowe i przemys\u0142owe<\/p>\n<p>Stan produktu:<br \/>\nProdukt nowy, fabrycznie nieu\u017cywany.<\/p>\n<p>Dodatkowe informacje:<\/p>\n<p>* odporno\u015b\u0107 na korozj\u0119<br \/>\n* szczelne po\u0142\u0105czenie gwintowe<br \/>\n* uniwersalne zastosowanie<\/p>\n<p>Zapraszam do zakupu.<\/p>\n","protected":false},"excerpt":{"rendered":"<p>REDUKCJA MOSI\u0118\u017bNA 1\/2&#8243; x 3\/8&#8243; Przedmiotem sprzeda\u017cy jest redukcja mosi\u0119\u017cna gwintowana 1\/2&#8243; x 3\/8&#8243;, przeznaczona do instalacji wodnych i hydraulicznych. Opis: Redukcja zosta\u0142a wykonana z wysokiej jako\u015bci mosi\u0105dzu, co zapewnia odporno\u015b\u0107 na korozj\u0119 oraz d\u0142ug\u0105 \u017cywotno\u015b\u0107 elementu. Umo\u017cliwia \u0142\u0105czenie instalacji o r\u00f3\u017cnych \u015brednicach gwint\u00f3w, zapewniaj\u0105c szczelne i stabilne po\u0142\u0105czenie. Precyzyjne wykonanie gwint\u00f3w u\u0142atwia monta\u017c i [&hellip;]<\/p>\n","protected":false},"featured_media":3768,"comment_status":"open","ping_status":"closed","template":"","meta":[],"dostudni_label":[],"product_brand":[],"product_cat":[76],"product_tag":[],"class_list":{"0":"post-3364","1":"product","2":"type-product","3":"status-publish","4":"has-post-thumbnail","6":"product_cat-zlaczki","7":"product_shipping_class-male","9":"first","10":"instock","11":"taxable","12":"shipping-taxable","13":"purchasable","14":"product-type-simple"},"_links":{"self":[{"href":"https:\/\/dostudni.com\/index.php\/wp-json\/wp\/v2\/product\/3364","targetHints":{"allow":["GET"]}}],"collection":[{"href":"https:\/\/dostudni.com\/index.php\/wp-json\/wp\/v2\/product"}],"about":[{"href":"https:\/\/dostudni.com\/index.php\/wp-json\/wp\/v2\/types\/product"}],"replies":[{"embeddable":true,"href":"https:\/\/dostudni.com\/index.php\/wp-json\/wp\/v2\/comments?post=3364"}],"wp:featuredmedia":[{"embeddable":true,"href":"https:\/\/dostudni.com\/index.php\/wp-json\/wp\/v2\/media\/3768"}],"wp:attachment":[{"href":"https:\/\/dostudni.com\/index.php\/wp-json\/wp\/v2\/media?parent=3364"}],"wp:term":[{"taxonomy":"dostudni_label","embeddable":true,"href":"https:\/\/dostudni.com\/index.php\/wp-json\/wp\/v2\/dostudni_label?post=3364"},{"taxonomy":"product_brand","embeddable":true,"href":"https:\/\/dostudni.com\/index.php\/wp-json\/wp\/v2\/product_brand?post=3364"},{"taxonomy":"product_cat","embeddable":true,"href":"https:\/\/dostudni.com\/index.php\/wp-json\/wp\/v2\/product_cat?post=3364"},{"taxonomy":"product_tag","embeddable":true,"href":"https:\/\/dostudni.com\/index.php\/wp-json\/wp\/v2\/product_tag?post=3364"}],"curies":[{"name":"wp","href":"https:\/\/api.w.org\/{rel}","templated":true}]}}