{"id":3370,"date":"2026-04-17T11:10:12","date_gmt":"2026-04-17T11:10:12","guid":{"rendered":"https:\/\/dostudni.com\/index.php\/produkt\/zlaczka-zaciskowa-po-63x63\/"},"modified":"2026-04-20T10:35:54","modified_gmt":"2026-04-20T10:35:54","slug":"zlaczka-zaciskowa-po-63x63","status":"publish","type":"product","link":"https:\/\/dostudni.com\/index.php\/produkt\/zlaczka-zaciskowa-po-63x63\/","title":{"rendered":"Z\u0142\u0105czka zaciskowa &#8221;PO&#8221; 63&#215;63"},"content":{"rendered":"<p>Z\u0141\u0104CZKA ZACISKOWA \u201ePO\u201d 63 x 63<\/p>\n<p>Przedmiotem sprzeda\u017cy jest z\u0142\u0105czka zaciskowa typu \u201ePO\u201d o wymiarze 63 x 63, przeznaczona do \u0142\u0105czenia rur w instalacjach wodnych.<\/p>\n<p>Opis:<br \/>\nZ\u0142\u0105czka zosta\u0142a zaprojektowana do trwa\u0142ego i szczelnego \u0142\u0105czenia rur o tej samej \u015brednicy. Konstrukcja zaciskowa umo\u017cliwia szybki monta\u017c oraz pewne po\u0142\u0105czenie bez ryzyka nieszczelno\u015bci. Solidne wykonanie zapewnia odporno\u015b\u0107 na warunki eksploatacyjne w instalacjach wodoci\u0105gowych.<\/p>\n<p>Specyfikacja:<\/p>\n<p>* typ: z\u0142\u0105czka zaciskowa<br \/>\n* oznaczenie: \u201ePO\u201d<br \/>\n* rozmiar: 63 x 63<br \/>\n* materia\u0142: tworzywo \/ metal (w zale\u017cno\u015bci od wersji)<\/p>\n<p>Zastosowanie:<\/p>\n<p>* instalacje wodne<br \/>\n* systemy wodoci\u0105gowe<br \/>\n* sieci przesy\u0142owe PE<br \/>\n* prace monta\u017cowe i serwisowe<\/p>\n<p>Stan produktu:<br \/>\nProdukt nowy, fabrycznie nieu\u017cywany.<\/p>\n<p>Dodatkowe informacje:<\/p>\n<p>* szybki monta\u017c zaciskowy<br \/>\n* szczelne po\u0142\u0105czenie rur<br \/>\n* wysoka trwa\u0142o\u015b\u0107<\/p>\n<p>Zapraszam do zakupu.<\/p>\n","protected":false},"excerpt":{"rendered":"<p>Z\u0141\u0104CZKA ZACISKOWA \u201ePO\u201d 63 x 63 Przedmiotem sprzeda\u017cy jest z\u0142\u0105czka zaciskowa typu \u201ePO\u201d o wymiarze 63 x 63, przeznaczona do \u0142\u0105czenia rur w instalacjach wodnych. Opis: Z\u0142\u0105czka zosta\u0142a zaprojektowana do trwa\u0142ego i szczelnego \u0142\u0105czenia rur o tej samej \u015brednicy. Konstrukcja zaciskowa umo\u017cliwia szybki monta\u017c oraz pewne po\u0142\u0105czenie bez ryzyka nieszczelno\u015bci. Solidne wykonanie zapewnia odporno\u015b\u0107 na [&hellip;]<\/p>\n","protected":false},"featured_media":3368,"comment_status":"open","ping_status":"closed","template":"","meta":[],"dostudni_label":[],"product_brand":[],"product_cat":[76],"product_tag":[],"class_list":{"0":"post-3370","1":"product","2":"type-product","3":"status-publish","4":"has-post-thumbnail","6":"product_cat-zlaczki","7":"product_shipping_class-srednie-paczki","9":"first","10":"instock","11":"taxable","12":"shipping-taxable","13":"purchasable","14":"product-type-simple"},"_links":{"self":[{"href":"https:\/\/dostudni.com\/index.php\/wp-json\/wp\/v2\/product\/3370","targetHints":{"allow":["GET"]}}],"collection":[{"href":"https:\/\/dostudni.com\/index.php\/wp-json\/wp\/v2\/product"}],"about":[{"href":"https:\/\/dostudni.com\/index.php\/wp-json\/wp\/v2\/types\/product"}],"replies":[{"embeddable":true,"href":"https:\/\/dostudni.com\/index.php\/wp-json\/wp\/v2\/comments?post=3370"}],"wp:featuredmedia":[{"embeddable":true,"href":"https:\/\/dostudni.com\/index.php\/wp-json\/wp\/v2\/media\/3368"}],"wp:attachment":[{"href":"https:\/\/dostudni.com\/index.php\/wp-json\/wp\/v2\/media?parent=3370"}],"wp:term":[{"taxonomy":"dostudni_label","embeddable":true,"href":"https:\/\/dostudni.com\/index.php\/wp-json\/wp\/v2\/dostudni_label?post=3370"},{"taxonomy":"product_brand","embeddable":true,"href":"https:\/\/dostudni.com\/index.php\/wp-json\/wp\/v2\/product_brand?post=3370"},{"taxonomy":"product_cat","embeddable":true,"href":"https:\/\/dostudni.com\/index.php\/wp-json\/wp\/v2\/product_cat?post=3370"},{"taxonomy":"product_tag","embeddable":true,"href":"https:\/\/dostudni.com\/index.php\/wp-json\/wp\/v2\/product_tag?post=3370"}],"curies":[{"name":"wp","href":"https:\/\/api.w.org\/{rel}","templated":true}]}}